{"id":12025,"date":"2023-07-29T07:50:05","date_gmt":"2023-07-29T05:50:05","guid":{"rendered":"http:\/\/klubmamgdynia.pl\/?post_type=product&#038;p=12025"},"modified":"2026-04-06T19:29:00","modified_gmt":"2026-04-06T17:29:00","slug":"hasbro-swinka-peppa-dobranocna-przytulanka-peppa-f3777","status":"publish","type":"product","link":"http:\/\/klubmamgdynia.pl\/index.php\/produkt\/hasbro-swinka-peppa-dobranocna-przytulanka-peppa-f3777\/","title":{"rendered":"Hasbro \u015awinka Peppa &#8211; Dobranocna przytulanka Peppa F3777"},"content":{"rendered":"<p>Hasbro \u015awinka Peppa &#8211; Dobranocna przytulanka Peppa \u015apiewaj urocze ko\u0142ysanki z 28 cm Przytulank\u0105 \u015awinka Peppa! Pluszowa \u015awinka Peppa jest ubrana w swoj\u0105 kultow\u0105 r\u00f3\u017cow\u0105 pi\u017camk\u0119, \u015bpiewa 3 r\u00f3\u017cne ko\u0142ysanki i wypowiada wiele r\u00f3\u017cnych zwrot\u00f3w, a w d\u0142oniach trzyma swojego ulubionego pluszowego misia! Ponadto chichocze i chrumka! Wymagane 3 baterie guzikowe (do\u0142\u0105czone).                            <\/p>\n<p>Parametry<br \/>\nPrzedzia\u0142 wiekowy\tOd 18 miesi\u0119cy<br \/>\nWiek dziecka\t1, 2, 3, 4, 5<br \/>\nBaterie\t3 x LR44 (baterie testowe w zestawie)<br \/>\nWymiary\tok. 25 cm (wysoko\u015b\u0107 figurki)<br \/>\nP\u0142e\u0107\tCh\u0142opiec, Dziewczynka<br \/>\nEfekty\tD\u017awi\u0119kowe<br \/>\nWymiary opakowania\t31 x 15 x 14 cm<br \/>\nWaga (kg)\t0.3<\/p>\n<h2>Hasbro \u015awinka Peppa &#8211; Dobranocna przytulanka Peppa F3777 Hasbro<\/h2>\n<p>logiczne zagadki dla dzieci, kanapki na urodziny dziecka, jak narysowa\u0107 oko, szablony zimowe do wydruku, kaczuszka, m.i.a., impreza halloween 2021 dla dzieci, afryka kazika test, wierszyki na smigus dyngus, quizy dla dzieci, bajki dla dzieci czytane, t\u0119cza kolorowanka, kotki kolorowanka, zabawka na roczek dla ch\u0142opca, pikachu do druku, lodowiska w warszawie, ko\u0142ysanki dla dzieci + tekst, quizy za darmo, zagadki logiczne \u015bmieszne<\/p>\n<p>yyyyy<\/p>\n<p>&nbsp;<\/p>\n","protected":false},"excerpt":{"rendered":"<p>Hasbro \u015awinka Peppa &#8211; Dobranocna przytulanka Peppa \u015apiewaj urocze ko\u0142ysanki z 28 cm Przytulank\u0105 \u015awinka Peppa! Pluszowa \u015awinka Peppa jest ubrana w swoj\u0105 kultow\u0105 r\u00f3\u017cow\u0105 pi\u017camk\u0119, \u015bpiewa 3 r\u00f3\u017cne ko\u0142ysanki i wypowiada wiele r\u00f3\u017cnych zwrot\u00f3w, a w d\u0142oniach trzyma swojego ulubionego pluszowego misia! Ponadto chichocze i chrumka! Wymagane 3 baterie guzikowe (do\u0142\u0105czone). Parametry Przedzia\u0142 wiekowy [&hellip;]<\/p>\n","protected":false},"featured_media":12026,"comment_status":"closed","ping_status":"open","template":"","meta":[],"product_cat":[129,42],"product_tag":[669,795,627,741,713],"class_list":["post-12025","product","type-product","status-publish","has-post-thumbnail","hentry","product_cat-hasbro","product_cat-maskotki","product_tag-kolorowanki","product_tag-mini-zoo-warszawa","product_tag-quiz-dzieci-z-bullerbyn","product_tag-wlochy","product_tag-zagadki-logiczne-z-odpowiedziami"],"_links":{"self":[{"href":"http:\/\/klubmamgdynia.pl\/index.php\/wp-json\/wp\/v2\/product\/12025","targetHints":{"allow":["GET"]}}],"collection":[{"href":"http:\/\/klubmamgdynia.pl\/index.php\/wp-json\/wp\/v2\/product"}],"about":[{"href":"http:\/\/klubmamgdynia.pl\/index.php\/wp-json\/wp\/v2\/types\/product"}],"replies":[{"embeddable":true,"href":"http:\/\/klubmamgdynia.pl\/index.php\/wp-json\/wp\/v2\/comments?post=12025"}],"wp:featuredmedia":[{"embeddable":true,"href":"http:\/\/klubmamgdynia.pl\/index.php\/wp-json\/wp\/v2\/media\/12026"}],"wp:attachment":[{"href":"http:\/\/klubmamgdynia.pl\/index.php\/wp-json\/wp\/v2\/media?parent=12025"}],"wp:term":[{"taxonomy":"product_cat","embeddable":true,"href":"http:\/\/klubmamgdynia.pl\/index.php\/wp-json\/wp\/v2\/product_cat?post=12025"},{"taxonomy":"product_tag","embeddable":true,"href":"http:\/\/klubmamgdynia.pl\/index.php\/wp-json\/wp\/v2\/product_tag?post=12025"}],"curies":[{"name":"wp","href":"https:\/\/api.w.org\/{rel}","templated":true}]}}