{"id":12027,"date":"2019-05-21T07:52:46","date_gmt":"2019-05-21T05:52:46","guid":{"rendered":"http:\/\/klubmamgdynia.pl\/index.php\/produkt\/tm-toys-figurka-mama-peppy-y99681\/"},"modified":"2026-04-04T14:05:37","modified_gmt":"2026-04-04T12:05:37","slug":"tm-toys-figurka-mama-peppy-y99681","status":"publish","type":"product","link":"http:\/\/klubmamgdynia.pl\/index.php\/produkt\/tm-toys-figurka-mama-peppy-y99681\/","title":{"rendered":"TM Toys Figurka Mama Peppy Y99681"},"content":{"rendered":"<p>&#8222;\u015awinka Peppa&#8221; to bajka uwielbiana przez wszystkie maluchy. Jej g\u0142\u00f3wna bohaterka &#8211; ma\u0142a \u015bwinka jest bardzo rozbrykana. Ci\u0105gle wpada w tarapaty i ma mn\u00f3stwo przyg\u00f3d. Peppa uwielbia czekoladowe ciasteczka, przyj\u0119cia urodzinowe oraz wycieczki rowerowe i pikniki. Najbardziej jednak kocha swoje b\u0142otnisko. W jej zabawnych perypetiach uczestniczy ca\u0142\u0105 rodzina: tata, mama, braciszek George, dziadek i babcia. Ka\u017cdy ma\u0142y fan \u015bwinki, ucieszy si\u0119 z serii figurek i zestaw\u00f3w tematycznych ze \u015bwink\u0105 Pepp\u0105.Figurki z bajki &#8222;\u015awinka Peppa&#8221; to wiernie odwzorowane postaci z uwielbianej przez dzieci animacji. Figurka Mamy \u015awinki stanowi wspania\u0142e uzupe\u0142nienie ca\u0142ej linii zabawek z kolekcji. Zbierz wszystkich bohater\u00f3w bajki i tw\u00f3rz nowe, fantastyczne przygody.<\/p>\n<h2>TM Toys Figurka Mama Peppy Y99681 TM Toys<\/h2>\n<p>cytaty o mi\u0142o\u015bci do dziecka, kolorowanki pieski, literki do pisania do druku, zaproszenia na urodziny do druku, kolorowanki do druku, testy na znaki drogowe, uk\u0142ad s\u0142oneczny kolorowanka, zabawy z 7 latkiem<\/p>\n<p>yyyyy<\/p>\n<p>&nbsp;<\/p>\n","protected":false},"excerpt":{"rendered":"<p>&#8222;\u015awinka Peppa&#8221; to bajka uwielbiana przez wszystkie maluchy. Jej g\u0142\u00f3wna bohaterka &#8211; ma\u0142a \u015bwinka jest bardzo rozbrykana. Ci\u0105gle wpada w tarapaty i ma mn\u00f3stwo przyg\u00f3d. Peppa uwielbia czekoladowe ciasteczka, przyj\u0119cia urodzinowe oraz wycieczki rowerowe i pikniki. Najbardziej jednak kocha swoje b\u0142otnisko. W jej zabawnych perypetiach uczestniczy ca\u0142\u0105 rodzina: tata, mama, braciszek George, dziadek i babcia. [&hellip;]<\/p>\n","protected":false},"featured_media":12028,"comment_status":"closed","ping_status":"open","template":"","meta":[],"product_cat":[95,145],"product_tag":[777,764,709,791],"class_list":["post-12027","product","type-product","status-publish","has-post-thumbnail","hentry","product_cat-figurki-makiety-i-zestawy","product_cat-tm-toys","product_tag-co-na-roczek","product_tag-prezenty-na-roczek-dla-dziewczynki","product_tag-zagadki-dla-dzieci-6-7-lat","product_tag-zagadki-na-myslenie"],"_links":{"self":[{"href":"http:\/\/klubmamgdynia.pl\/index.php\/wp-json\/wp\/v2\/product\/12027","targetHints":{"allow":["GET"]}}],"collection":[{"href":"http:\/\/klubmamgdynia.pl\/index.php\/wp-json\/wp\/v2\/product"}],"about":[{"href":"http:\/\/klubmamgdynia.pl\/index.php\/wp-json\/wp\/v2\/types\/product"}],"replies":[{"embeddable":true,"href":"http:\/\/klubmamgdynia.pl\/index.php\/wp-json\/wp\/v2\/comments?post=12027"}],"wp:featuredmedia":[{"embeddable":true,"href":"http:\/\/klubmamgdynia.pl\/index.php\/wp-json\/wp\/v2\/media\/12028"}],"wp:attachment":[{"href":"http:\/\/klubmamgdynia.pl\/index.php\/wp-json\/wp\/v2\/media?parent=12027"}],"wp:term":[{"taxonomy":"product_cat","embeddable":true,"href":"http:\/\/klubmamgdynia.pl\/index.php\/wp-json\/wp\/v2\/product_cat?post=12027"},{"taxonomy":"product_tag","embeddable":true,"href":"http:\/\/klubmamgdynia.pl\/index.php\/wp-json\/wp\/v2\/product_tag?post=12027"}],"curies":[{"name":"wp","href":"https:\/\/api.w.org\/{rel}","templated":true}]}}