{"id":12029,"date":"2013-10-25T14:17:04","date_gmt":"2013-10-25T12:17:04","guid":{"rendered":"http:\/\/klubmamgdynia.pl\/index.php\/produkt\/simba-swinka-peppa-maskotka-pluszowa-mama-35cm\/"},"modified":"2026-04-03T14:45:03","modified_gmt":"2026-04-03T12:45:03","slug":"simba-swinka-peppa-maskotka-pluszowa-mama-35cm","status":"publish","type":"product","link":"http:\/\/klubmamgdynia.pl\/index.php\/produkt\/simba-swinka-peppa-maskotka-pluszowa-mama-35cm\/","title":{"rendered":"Simba \u015awinka Peppa Maskotka pluszowa Mama 35cm"},"content":{"rendered":"<p>Mi\u0119ciutka mama Peppy i Georga jest ubrana w swoj\u0105 ulubion\u0105 pomara\u0144czow\u0105 sukienk\u0119. Maskotka zosta\u0142a wykonana z delikatnego pluszu i jest idealna do przytulania. Jej kompaktowe rozmiary sprawiaj\u0105, \u017ce dziecko mo\u017ce zabra\u0107 j\u0105 ze sob\u0105 wsz\u0119dzie.Wysoko\u015b\u0107 maskotki: 35.0 cm<\/p>\n<h2>Simba \u015awinka Peppa Maskotka pluszowa Mama 35cm Simba<\/h2>\n<p>quizy miko\u0142ajek, quizy znaki drogowe, zagadki matematyczne logiczne, wyci\u0119cia szablon korony do druku<\/p>\n<p>yyyyy<\/p>\n<p>&nbsp;<\/p>\n","protected":false},"excerpt":{"rendered":"<p>Mi\u0119ciutka mama Peppy i Georga jest ubrana w swoj\u0105 ulubion\u0105 pomara\u0144czow\u0105 sukienk\u0119. Maskotka zosta\u0142a wykonana z delikatnego pluszu i jest idealna do przytulania. Jej kompaktowe rozmiary sprawiaj\u0105, \u017ce dziecko mo\u017ce zabra\u0107 j\u0105 ze sob\u0105 wsz\u0119dzie.Wysoko\u015b\u0107 maskotki: 35.0 cm Simba \u015awinka Peppa Maskotka pluszowa Mama 35cm Simba quizy miko\u0142ajek, quizy znaki drogowe, zagadki matematyczne logiczne, wyci\u0119cia [&hellip;]<\/p>\n","protected":false},"featured_media":12030,"comment_status":"closed","ping_status":"open","template":"","meta":[],"product_cat":[42,279],"product_tag":[817,578,783,586,592],"class_list":["post-12029","product","type-product","status-publish","has-post-thumbnail","hentry","product_cat-maskotki","product_cat-simba","product_tag-bajka-terapeutyczna-o-emocjach","product_tag-fajne-zarty-na-prima-aprilis","product_tag-prezenty-na-roczek-dla-chlopca","product_tag-smieszne-zagadki","product_tag-zagadki-dla-dzieci"],"_links":{"self":[{"href":"http:\/\/klubmamgdynia.pl\/index.php\/wp-json\/wp\/v2\/product\/12029","targetHints":{"allow":["GET"]}}],"collection":[{"href":"http:\/\/klubmamgdynia.pl\/index.php\/wp-json\/wp\/v2\/product"}],"about":[{"href":"http:\/\/klubmamgdynia.pl\/index.php\/wp-json\/wp\/v2\/types\/product"}],"replies":[{"embeddable":true,"href":"http:\/\/klubmamgdynia.pl\/index.php\/wp-json\/wp\/v2\/comments?post=12029"}],"wp:featuredmedia":[{"embeddable":true,"href":"http:\/\/klubmamgdynia.pl\/index.php\/wp-json\/wp\/v2\/media\/12030"}],"wp:attachment":[{"href":"http:\/\/klubmamgdynia.pl\/index.php\/wp-json\/wp\/v2\/media?parent=12029"}],"wp:term":[{"taxonomy":"product_cat","embeddable":true,"href":"http:\/\/klubmamgdynia.pl\/index.php\/wp-json\/wp\/v2\/product_cat?post=12029"},{"taxonomy":"product_tag","embeddable":true,"href":"http:\/\/klubmamgdynia.pl\/index.php\/wp-json\/wp\/v2\/product_tag?post=12029"}],"curies":[{"name":"wp","href":"https:\/\/api.w.org\/{rel}","templated":true}]}}