{"id":12031,"date":"2017-10-10T04:46:00","date_gmt":"2017-10-10T02:46:00","guid":{"rendered":"http:\/\/klubmamgdynia.pl\/index.php\/produkt\/big-play-bloxx-peppa-pig-torba-lekarska\/"},"modified":"2026-04-22T15:13:55","modified_gmt":"2026-04-22T13:13:55","slug":"big-play-bloxx-peppa-pig-torba-lekarska","status":"publish","type":"product","link":"http:\/\/klubmamgdynia.pl\/index.php\/produkt\/big-play-bloxx-peppa-pig-torba-lekarska\/","title":{"rendered":"Big Play Bloxx Peppa Pig Torba Lekarska"},"content":{"rendered":"<p>Klocki dla mi\u0142o\u015bnik\u00f3w przyg\u00f3d \u015bwinki Peppy i jej braciszka Georgea.Zestaw sk\u0142ada si\u0119 z 32 element\u00f3w, z kt\u00f3rych mo\u017cna zbudowa\u0107 mini-przychodni\u0119 dla swoich bohater\u00f3w i si\u0119 nimi zaopiekowa\u0107. Dodatkowo z klock\u00f3w mo\u017cna zbudowa\u0107 karetk\u0119, a w wyposa\u017ceniu mo\u017cesz znale\u017a\u0107 m.in. \u0142\u00f3\u017cko, szafeczk\u0119 czy apteczk\u0119. W zestawie znajduj\u0105 si\u0119 tak\u017ce 2 figurki o ruchomych ramionach i g\u0142owach, przedstawiaj\u0105ce \u015bwink\u0119 Pepp\u0119 w czerwonym stroju oraz Georgea w niebieskim stroju.Charakterystyka:Zestaw idealnie mie\u015bci si\u0119 w walizceWytrzyma\u0142e elementyZestaw zawiera 107 elementy w tym 4 figurkiIdealne dla fan\u00f3w bajki &#8211; \u015awinka Peppa\u017bywa kolorystyka zach\u0119ci do powr\u00f3tu do zabawyBezpieczny dla dzieciBIGToys nale\u017cy do wielkiego koncernu Simba Dickie Group &#8211; Linia zawiera bardzo zr\u00f3\u017cnicowane i innowacyjne zabawki stymuluj\u0105ce rozw\u00f3j motoryki u dzieci. Produkty BIG to wiele pomys\u0142\u00f3w na zabaw\u0119. Znajdziemy tu samochody, je\u017adziki, bujaki, traktory, \u0142odzie, zje\u017cd\u017calnie, jednostki p\u0142ywaj\u0105ce i piaskownice. BIG to zabawki maj\u0105ce bardzo wysok\u0105 jako\u015b\u0107. S\u0105 produkowane w Niemczech z wysokiej jako\u015bci materia\u0142\u00f3w odpornych na dzia\u0142anie promieni UV. Bezpiecze\u0144stwo naszych zabawek jest gwarantowane i potwierdzone testami LGA\/T\u00dcV.<\/p>\n<h2>Big Play Bloxx Peppa Pig Torba Lekarska Big<\/h2>\n<p>quiz stolice europy, ada imie, miko\u0142ajek quiz, lol kolorowanka, m\u0105dre prezenty dla 7 latki, mi\u0142osz imi\u0119, quiz o hejka tu lenka, zygzak mcqueen kolorowanka, darmowe kolorowanki do druku, mia, test miko\u0142ajek, kolorowanka europa, prezent dla 15 latka, kawa\u0142y na prima aprilis dla rodzic\u00f3w, esmeralda<\/p>\n<p>yyyyy<\/p>\n<p>&nbsp;<\/p>\n","protected":false},"excerpt":{"rendered":"<p>Klocki dla mi\u0142o\u015bnik\u00f3w przyg\u00f3d \u015bwinki Peppy i jej braciszka Georgea.Zestaw sk\u0142ada si\u0119 z 32 element\u00f3w, z kt\u00f3rych mo\u017cna zbudowa\u0107 mini-przychodni\u0119 dla swoich bohater\u00f3w i si\u0119 nimi zaopiekowa\u0107. Dodatkowo z klock\u00f3w mo\u017cna zbudowa\u0107 karetk\u0119, a w wyposa\u017ceniu mo\u017cesz znale\u017a\u0107 m.in. \u0142\u00f3\u017cko, szafeczk\u0119 czy apteczk\u0119. W zestawie znajduj\u0105 si\u0119 tak\u017ce 2 figurki o ruchomych ramionach i g\u0142owach, [&hellip;]<\/p>\n","protected":false},"featured_media":12032,"comment_status":"closed","ping_status":"open","template":"","meta":[],"product_cat":[400,113],"product_tag":[827,650,734,842,812],"class_list":["post-12031","product","type-product","status-publish","has-post-thumbnail","hentry","product_cat-big","product_cat-klocki","product_tag-bajki-dla-niemowlat","product_tag-choinka-z-bibuly","product_tag-milan-imie","product_tag-plac-zabaw-poznan","product_tag-zagadki-logiczne-na-inteligencje"],"_links":{"self":[{"href":"http:\/\/klubmamgdynia.pl\/index.php\/wp-json\/wp\/v2\/product\/12031","targetHints":{"allow":["GET"]}}],"collection":[{"href":"http:\/\/klubmamgdynia.pl\/index.php\/wp-json\/wp\/v2\/product"}],"about":[{"href":"http:\/\/klubmamgdynia.pl\/index.php\/wp-json\/wp\/v2\/types\/product"}],"replies":[{"embeddable":true,"href":"http:\/\/klubmamgdynia.pl\/index.php\/wp-json\/wp\/v2\/comments?post=12031"}],"wp:featuredmedia":[{"embeddable":true,"href":"http:\/\/klubmamgdynia.pl\/index.php\/wp-json\/wp\/v2\/media\/12032"}],"wp:attachment":[{"href":"http:\/\/klubmamgdynia.pl\/index.php\/wp-json\/wp\/v2\/media?parent=12031"}],"wp:term":[{"taxonomy":"product_cat","embeddable":true,"href":"http:\/\/klubmamgdynia.pl\/index.php\/wp-json\/wp\/v2\/product_cat?post=12031"},{"taxonomy":"product_tag","embeddable":true,"href":"http:\/\/klubmamgdynia.pl\/index.php\/wp-json\/wp\/v2\/product_tag?post=12031"}],"curies":[{"name":"wp","href":"https:\/\/api.w.org\/{rel}","templated":true}]}}