{"id":12035,"date":"2014-10-09T01:42:02","date_gmt":"2014-10-08T23:42:02","guid":{"rendered":"http:\/\/klubmamgdynia.pl\/index.php\/produkt\/wader-middel-truck-wywrotka-zielona\/"},"modified":"2026-04-04T14:34:01","modified_gmt":"2026-04-04T12:34:01","slug":"wader-middel-truck-wywrotka-zielona","status":"publish","type":"product","link":"http:\/\/klubmamgdynia.pl\/index.php\/produkt\/wader-middel-truck-wywrotka-zielona\/","title":{"rendered":"Wader Middel Truck Wywrotka Zielona"},"content":{"rendered":"<p>WAD 32101Zielona wywrotka z serii Middle Truck realistycznie odwzorowuje prawdziwy pojazd, charakteryzuje si\u0119 solidnym wykonaniem, lekko\u015bci\u0105 i wytrzyma\u0142o\u015bci\u0105 konstrukcji oraz \u0142atwo\u015bci\u0105 sterowania. Zabawka posiada ruchom\u0105 skrzyni\u0119 \u0142adunkow\u0105. Pojazd wykonany jest z wysokiej jako\u015bci i bezpiecznego dla najm\u0142odszych dzieci tworzywa sztucznego. Ca\u0142o\u015b\u0107 stanowi lekk\u0105 i wytrzyma\u0142\u0105, starannie wyko\u0144czon\u0105 konstrukcj\u0119 odporn\u0105 na dzia\u0142anie r\u00f3\u017cnych warunk\u00f3w atmosferycznych, dzi\u0119ki czemu zabawka idealnie spe\u0142ni swoje zadanie na pla\u017cy, w domu czy w piaskownicy. Zabawka zapakowana jest w estetyczne, kartonowe pude\u0142ko, idealne na prezent.Opis technicznymo\u017cliwo\u015b\u0107 skompletowania serii aut budowlanych w jednej wersji kolorystycznejrealistycznie odwzorowany pojazd &#8211; wywrotka o d\u0142ugo\u015bci 43 cmruchoma skrzynia \u0142adunkowa wywrotki (podnosi si\u0119 i opuszcza przy u\u017cyciu korbki)odpowiednia dla dzieci 1+pojazd zapakowany w estetyczne, kartonowe pude\u0142ko, idealne na prezent<\/p>\n<h2>Wader Middel Truck Wywrotka Zielona Wader<\/h2>\n<p>malowanki do druku, chase psi patrol kolorowanka, choinko pi\u0119kna jak las tekst, s\u0142owa do przyjaciela, paloma, wiosna zagadki, quiz o usa, zagadki o zwierz\u0119tach le\u015bnych dla dzieci, iwo imi\u0119, znaczenie imiona justyna, opowie\u015bci z narni lew czarownica i stara szafa test, zabawki dla dziewczynki na roczek, quiz bo\u017ce narodzenie, dyplom do druku, ba\u015bniowe imiona \u017ce\u0144skie, m\u0105dra my\u015bl na dobranoc, sentencje o rodzinie, zagadka logiczna dla dzieci, olaf znaczenie imienia, stare piosenki dla dzieci teksty<\/p>\n<p>yyyyy<\/p>\n<p>&nbsp;<\/p>\n","protected":false},"excerpt":{"rendered":"<p>WAD 32101Zielona wywrotka z serii Middle Truck realistycznie odwzorowuje prawdziwy pojazd, charakteryzuje si\u0119 solidnym wykonaniem, lekko\u015bci\u0105 i wytrzyma\u0142o\u015bci\u0105 konstrukcji oraz \u0142atwo\u015bci\u0105 sterowania. Zabawka posiada ruchom\u0105 skrzyni\u0119 \u0142adunkow\u0105. Pojazd wykonany jest z wysokiej jako\u015bci i bezpiecznego dla najm\u0142odszych dzieci tworzywa sztucznego. Ca\u0142o\u015b\u0107 stanowi lekk\u0105 i wytrzyma\u0142\u0105, starannie wyko\u0144czon\u0105 konstrukcj\u0119 odporn\u0105 na dzia\u0142anie r\u00f3\u017cnych warunk\u00f3w atmosferycznych, dzi\u0119ki [&hellip;]<\/p>\n","protected":false},"featured_media":12036,"comment_status":"closed","ping_status":"open","template":"","meta":[],"product_cat":[83,514],"product_tag":[685,758,614,856,794],"class_list":["post-12035","product","type-product","status-publish","has-post-thumbnail","hentry","product_cat-auta-i-inne-pojazdy-do-zabawy","product_cat-wader","product_tag-cytaty-o-rodzinie","product_tag-julian","product_tag-pia","product_tag-prezent-dla-16-latki","product_tag-test-opowiesci-z-narnii-lew-czarownica-i-stara-szafa-do-druku"],"_links":{"self":[{"href":"http:\/\/klubmamgdynia.pl\/index.php\/wp-json\/wp\/v2\/product\/12035","targetHints":{"allow":["GET"]}}],"collection":[{"href":"http:\/\/klubmamgdynia.pl\/index.php\/wp-json\/wp\/v2\/product"}],"about":[{"href":"http:\/\/klubmamgdynia.pl\/index.php\/wp-json\/wp\/v2\/types\/product"}],"replies":[{"embeddable":true,"href":"http:\/\/klubmamgdynia.pl\/index.php\/wp-json\/wp\/v2\/comments?post=12035"}],"wp:featuredmedia":[{"embeddable":true,"href":"http:\/\/klubmamgdynia.pl\/index.php\/wp-json\/wp\/v2\/media\/12036"}],"wp:attachment":[{"href":"http:\/\/klubmamgdynia.pl\/index.php\/wp-json\/wp\/v2\/media?parent=12035"}],"wp:term":[{"taxonomy":"product_cat","embeddable":true,"href":"http:\/\/klubmamgdynia.pl\/index.php\/wp-json\/wp\/v2\/product_cat?post=12035"},{"taxonomy":"product_tag","embeddable":true,"href":"http:\/\/klubmamgdynia.pl\/index.php\/wp-json\/wp\/v2\/product_tag?post=12035"}],"curies":[{"name":"wp","href":"https:\/\/api.w.org\/{rel}","templated":true}]}}