{"id":12037,"date":"2022-06-05T18:13:00","date_gmt":"2022-06-05T16:13:00","guid":{"rendered":"http:\/\/klubmamgdynia.pl\/index.php\/produkt\/hti-peppa-pig-moja-pierwsza-kuchnia-1684246-24611-zabawka\/"},"modified":"2026-05-17T22:29:18","modified_gmt":"2026-05-17T20:29:18","slug":"hti-peppa-pig-moja-pierwsza-kuchnia-1684246-24611-zabawka","status":"publish","type":"product","link":"http:\/\/klubmamgdynia.pl\/index.php\/produkt\/hti-peppa-pig-moja-pierwsza-kuchnia-1684246-24611-zabawka\/","title":{"rendered":"Hti Peppa Pig Moja Pierwsza Kuchnia 1684246 24611 &#8211; Zabawka"},"content":{"rendered":"<p>\u015aWINKA PEPPA MOJA PIERWSZA KUCHNIA 1684246\u015awinka Peppa Kuchenka zestaw do gotowaniaZosta\u0142 stworzony przez firm\u0119 HTI.W zestawie znajduje si\u0119 zabawkowa kuchenka, kt\u00f3ra pozwoli ma\u0142ym kucharzom i kucharkom rozwija\u0107 swoj\u0105 pasj\u0119 na\u015bladuj\u0105c rodzic\u00f3w.Kuchenka jest w kolorze niebiesko-zielonym, z \u017c\u00f3\u0142tymi elementami i wydaje d\u017awi\u0119ki, kt\u00f3re pozwalaj\u0105 na bardziej realistyczne odgrywanie przyg\u00f3d w kuchni.Zestaw sk\u0142ada si\u0119 z 15 element\u00f3w, w sk\u0142ad kt\u00f3rych wchodz\u0105 tak\u017ce garnek, kubki, talerzyki, solniczka, pieprzniczka i sztu\u0107ce.G\u0142\u00f3wne cechy:Elementy posiadaj\u0105 grafiki ze \u015awink\u0105 Pepp\u0105, bohaterk\u0105 serialu animowanego dla dzieci.Zestaw kuchenny pozwoli dziewczynkom na przygotowanie udawanych \u015bniada\u0144, obiad\u00f3w i kolacji z kolorowymi przyborami kuchennymi.Ten uroczy zestaw z pewno\u015bci\u0105 zachwyci ka\u017cdego ma\u0142ego mi\u0142o\u015bnika przyg\u00f3d \u015bwinki Peppy. Dziecko b\u0119dzie mog\u0142o przygotowywa\u0107 posi\u0142ki lalkom i misiom wsp\u00f3lnie ze swoj\u0105 ulubion\u0105 bohaterk\u0105.Dane techniczne:zabawka przeznaczona dla dzieci powy\u017cej 18 miesi\u0105ca \u017cyciawymagane s\u0105 baterie 3 x AA (brak w zestawie)wymiary opakowania: 56 x 50 x 12 cmkod producenta: 1684246<\/p>\n<h2>Hti Peppa Pig Moja Pierwsza Kuchnia 1684246 24611 &#8211; Zabawka Hti<\/h2>\n<p>bruno, kolorowanki lato, kolorowanki pieski, ubieranki do druku, zadania dla 7 latka do druku, dyplomy dla przedszkolak\u00f3w do wydrukowania, zabawki dla rocznej dziewczynki, mia i ja kolorowanki do druku, dinozaury kolorowanki, quizy online<\/p>\n<p>yyyyy<\/p>\n<p>&nbsp;<\/p>\n","protected":false},"excerpt":{"rendered":"<p>\u015aWINKA PEPPA MOJA PIERWSZA KUCHNIA 1684246\u015awinka Peppa Kuchenka zestaw do gotowaniaZosta\u0142 stworzony przez firm\u0119 HTI.W zestawie znajduje si\u0119 zabawkowa kuchenka, kt\u00f3ra pozwoli ma\u0142ym kucharzom i kucharkom rozwija\u0107 swoj\u0105 pasj\u0119 na\u015bladuj\u0105c rodzic\u00f3w.Kuchenka jest w kolorze niebiesko-zielonym, z \u017c\u00f3\u0142tymi elementami i wydaje d\u017awi\u0119ki, kt\u00f3re pozwalaj\u0105 na bardziej realistyczne odgrywanie przyg\u00f3d w kuchni.Zestaw sk\u0142ada si\u0119 z 15 element\u00f3w, [&hellip;]<\/p>\n","protected":false},"featured_media":12038,"comment_status":"closed","ping_status":"open","template":"","meta":[],"product_cat":[2081,53],"product_tag":[838,848,730,620,647],"class_list":["post-12037","product","type-product","status-publish","has-post-thumbnail","hentry","product_cat-hti","product_cat-kaciki-zabaw","product_tag-bajki-dla-dzieci-na-dobranoc","product_tag-cytat-o-rodzinie","product_tag-karyna","product_tag-quiz-opowiesci-z-narnii","product_tag-warszawa-z-dzieckiem"],"_links":{"self":[{"href":"http:\/\/klubmamgdynia.pl\/index.php\/wp-json\/wp\/v2\/product\/12037","targetHints":{"allow":["GET"]}}],"collection":[{"href":"http:\/\/klubmamgdynia.pl\/index.php\/wp-json\/wp\/v2\/product"}],"about":[{"href":"http:\/\/klubmamgdynia.pl\/index.php\/wp-json\/wp\/v2\/types\/product"}],"replies":[{"embeddable":true,"href":"http:\/\/klubmamgdynia.pl\/index.php\/wp-json\/wp\/v2\/comments?post=12037"}],"wp:featuredmedia":[{"embeddable":true,"href":"http:\/\/klubmamgdynia.pl\/index.php\/wp-json\/wp\/v2\/media\/12038"}],"wp:attachment":[{"href":"http:\/\/klubmamgdynia.pl\/index.php\/wp-json\/wp\/v2\/media?parent=12037"}],"wp:term":[{"taxonomy":"product_cat","embeddable":true,"href":"http:\/\/klubmamgdynia.pl\/index.php\/wp-json\/wp\/v2\/product_cat?post=12037"},{"taxonomy":"product_tag","embeddable":true,"href":"http:\/\/klubmamgdynia.pl\/index.php\/wp-json\/wp\/v2\/product_tag?post=12037"}],"curies":[{"name":"wp","href":"https:\/\/api.w.org\/{rel}","templated":true}]}}