{"id":12039,"date":"2016-07-30T14:49:30","date_gmt":"2016-07-30T12:49:30","guid":{"rendered":"http:\/\/klubmamgdynia.pl\/index.php\/produkt\/filibabba-baldachim-bao-stone-grey\/"},"modified":"2026-04-29T16:39:33","modified_gmt":"2026-04-29T14:39:33","slug":"filibabba-baldachim-bao-stone-grey","status":"publish","type":"product","link":"http:\/\/klubmamgdynia.pl\/index.php\/produkt\/filibabba-baldachim-bao-stone-grey\/","title":{"rendered":"Filibabba Baldachim Bao Stone Grey"},"content":{"rendered":"<p>Czaruj\u0105cy, minimalistyczny baldachim Filibabba, dzi\u0119ki kt\u00f3remu stworzysz niepowtarzalne, i przytulne miejsce do spania, i odpoczynku. Ten uroczy dodatek do pokoju dzieci\u0119cego, zapewni wspania\u0142\u0105 atmosfer\u0119 i intryguj\u0105cy klimat, podczas snu, zabawy i marze\u0144.Baldachim mo\u017cna zawiesi\u0107 nad \u0142\u00f3\u017ckiem, lub wykorzysta\u0107 do stworzenia przytulnej przestrzeni w dzieci\u0119cym k\u0105ciku zabaw. Mi\u0119kka tkanina wykonana jest w 100% z bawe\u0142ny organicznej.Wybierz jeden z wielu kolor\u00f3w i stw\u00f3rz idealny klimat w pokoju swojego dziecka.Sk\u0142ad: 100% bawe\u0142na organiczna, metalowy pier\u015bcie\u0144Wskaz\u00f3wki dotycz\u0105ce prania: pra\u0107 w temperaturze 30 stopni, prasowa\u0107 w \u015bredniej temperaturze, nie wybiela\u0107 (dotyczy wszystkich produkt\u00f3w kolorowych Filibabba), nie suszy\u0107 w suszarce b\u0119bnowej, nie czy\u015bci\u0107 chemicznie, pra\u0107 z podobnymi kolorami, maksymalna kurczliwo\u015b\u0107 5%Uwaga: przed praniem nale\u017cy usun\u0105\u0107 metalowy pier\u015bcie\u0144Kraj pochodzenia: IndieWymiary produktu: wysoko\u015b\u0107 (cm) 200,00, szeroko\u015b\u0107 (cm) 50,00, d\u0142ugo\u015b\u0107 (cm) 50,00Waga (w gramach) 1.100,00Wymiary opakowania: wysoko\u015b\u0107 (cm) 6,00, szeroko\u015b\u0107 (cm) 55,00, d\u0142ugo\u015b\u0107 (cm) 55,00Waga (w gramach) 1.300,00 FI-01891<\/p>\n<h2>Filibabba Baldachim Bao Stone Grey Filibabba<\/h2>\n<p>\u0142amig\u0142\u00f3wki do druku, kolorowanka antystresowa, menu urodzinowe dla dzieci w wieku 8 10 lat, a \u015bpij kochanie, imiona z bajek, wobies, kolorowanki do druku dla dziewczynek, zemsta test wiedzy, cytat z kubusia puchatka o mi\u0142o\u015bci, najlepsze zarty na prima aprilis, gabriel imie, prezenty dla 16 latki, kolorowanki lego ninjago, proste dekoracje \u015bwi\u0105teczne dla dzieci, zagadki podchwytliwe<\/p>\n<p>yyyyy<\/p>\n<p>&nbsp;<\/p>\n","protected":false},"excerpt":{"rendered":"<p>Czaruj\u0105cy, minimalistyczny baldachim Filibabba, dzi\u0119ki kt\u00f3remu stworzysz niepowtarzalne, i przytulne miejsce do spania, i odpoczynku. Ten uroczy dodatek do pokoju dzieci\u0119cego, zapewni wspania\u0142\u0105 atmosfer\u0119 i intryguj\u0105cy klimat, podczas snu, zabawy i marze\u0144.Baldachim mo\u017cna zawiesi\u0107 nad \u0142\u00f3\u017ckiem, lub wykorzysta\u0107 do stworzenia przytulnej przestrzeni w dzieci\u0119cym k\u0105ciku zabaw. Mi\u0119kka tkanina wykonana jest w 100% z bawe\u0142ny organicznej.Wybierz [&hellip;]<\/p>\n","protected":false},"featured_media":12040,"comment_status":"closed","ping_status":"open","template":"","meta":[],"product_cat":[949,1228],"product_tag":[825,839,843],"class_list":["post-12039","product","type-product","status-publish","has-post-thumbnail","hentry","product_cat-akcesoria-do-mebli-dzieciecych","product_cat-filibabba","product_tag-bajka-na-dobranoc-do-czytania","product_tag-bajki-na-dobranoc-do-czytania","product_tag-smieszne-zagadki-dla-dzieci"],"_links":{"self":[{"href":"http:\/\/klubmamgdynia.pl\/index.php\/wp-json\/wp\/v2\/product\/12039","targetHints":{"allow":["GET"]}}],"collection":[{"href":"http:\/\/klubmamgdynia.pl\/index.php\/wp-json\/wp\/v2\/product"}],"about":[{"href":"http:\/\/klubmamgdynia.pl\/index.php\/wp-json\/wp\/v2\/types\/product"}],"replies":[{"embeddable":true,"href":"http:\/\/klubmamgdynia.pl\/index.php\/wp-json\/wp\/v2\/comments?post=12039"}],"wp:featuredmedia":[{"embeddable":true,"href":"http:\/\/klubmamgdynia.pl\/index.php\/wp-json\/wp\/v2\/media\/12040"}],"wp:attachment":[{"href":"http:\/\/klubmamgdynia.pl\/index.php\/wp-json\/wp\/v2\/media?parent=12039"}],"wp:term":[{"taxonomy":"product_cat","embeddable":true,"href":"http:\/\/klubmamgdynia.pl\/index.php\/wp-json\/wp\/v2\/product_cat?post=12039"},{"taxonomy":"product_tag","embeddable":true,"href":"http:\/\/klubmamgdynia.pl\/index.php\/wp-json\/wp\/v2\/product_tag?post=12039"}],"curies":[{"name":"wp","href":"https:\/\/api.w.org\/{rel}","templated":true}]}}