{"id":1204,"date":"2011-12-17T14:57:41","date_gmt":"2011-12-17T13:57:41","guid":{"rendered":"http:\/\/klubmamgdynia.pl\/index.php\/produkt\/skakanka-led-hulahop-na-noge\/"},"modified":"2026-04-05T03:57:50","modified_gmt":"2026-04-05T01:57:50","slug":"skakanka-led-hulahop-na-noge","status":"publish","type":"product","link":"http:\/\/klubmamgdynia.pl\/index.php\/produkt\/skakanka-led-hulahop-na-noge\/","title":{"rendered":"Skakanka led hulahop na nog\u0119"},"content":{"rendered":"<p>Skakanka \/ hula hop na nog\u0119 sk\u0142adana- niebieski Zabawka zr\u0119czno\u015bciowa przeznaczona do zabawy na \u015bwie\u017cym powietrzu dla dzieci jak i r\u00f3wnie\u017c dla doros\u0142ych. Rozwija koordynacje ruchow\u0105 dziecka. Podczas kr\u0119cenia k\u00f3\u0142ko na drugim ko\u0144cu hula hopu zaczyna \u015bwieci\u0107,czym szybciej sie kreci tym mocniej \u015bwieci co uatrakcyjnia zabaw\u0119 dziecka. KOLOROWE DIODY \u015aWIEC\u0104 SI\u0118 PODCZAS RUCHU K\u00d3\u0141EK Link do filmu prezentuj\u0105cego skoczka https:\/\/www.youtube.com\/watch?v=1CKQ2va_PvI https:\/\/www.youtube.com\/watch?v=K3eihAKKdVQ Hula skoczek Hula skoczek to zabawka, kt\u00f3ra na jednym ko\u0144cu posiada obr\u0119cz, kt\u00f3r\u0105 zak\u0142ada si\u0119 na nog\u0119. Na drugim ko\u0144cu znajduje si\u0119 kauczukowe k\u00f3\u0142ko, kt\u00f3re po zakr\u0119ceniu \u015bwieci si\u0119. Obydwie cz\u0119\u015bci po\u0142\u0105czone s\u0105 sztywn\u0105 rurk\u0105. Zabawa polega na za\u0142o\u017ceniu hula skoczka na nog\u0119 i kr\u0119ceniu go w jedn\u0105 lub drug\u0105 stron\u0105, podczas gdy druga noga musi nad nim przeskakiwa\u0107. Bardzo dynamiczna zabawka zar\u00f3wno dla dziewczyn, jak i ch\u0142opak\u00f3w, dla m\u0142odszych i starszych. Im szybciej zakr\u0119cisz hula skoczkiem, tym bardziej b\u0119dzie \u015bwieci\u0142. Instrukcja u\u017cytkowania: 1. W\u0142\u00f3\u017c stop\u0119 w obr\u0119cz 2. Postaw przeciwn\u0105 stop\u0119 z przodu sztywnego \u0142\u0105cza 3. Wykonaj wymach noga do ty\u0142u, \u017ceby rozko\u0142ysa\u0107 i rozkr\u0119ci\u0107 kul\u0119 4. Przeskocz nad \u0142\u0105czem, aby kontynuowa\u0107 ruch okr\u0119\u017cny DOSKONA\u0141A DO PRZEDSZKOLI CZY SZK\u00d3\u0141 NA \u015aWIE\u017bE POWIETRZE , CZY SAL\u0118 GIMNASTYCZN\u0104 Wymiary : \u015arednica : 15 cm , \u015brodek ko\u0142a 13 cm, d\u0142. 67 c Kolory :niebieski<\/p>\n<h2>Skakanka led hulahop na nog\u0119 <\/h2>\n<p>filmy animowane o \u015bwi\u0119tach, prezenty dla nastolatki, quizy dla dzieci o zwierz\u0119tach, test narnia lew czarownica i stara szafa<\/p>\n<p>yyyyy<\/p>\n<p>&nbsp;<\/p>\n","protected":false},"excerpt":{"rendered":"<p>Skakanka \/ hula hop na nog\u0119 sk\u0142adana- niebieski Zabawka zr\u0119czno\u015bciowa przeznaczona do zabawy na \u015bwie\u017cym powietrzu dla dzieci jak i r\u00f3wnie\u017c dla doros\u0142ych. Rozwija koordynacje ruchow\u0105 dziecka. Podczas kr\u0119cenia k\u00f3\u0142ko na drugim ko\u0144cu hula hopu zaczyna \u015bwieci\u0107,czym szybciej sie kreci tym mocniej \u015bwieci co uatrakcyjnia zabaw\u0119 dziecka. KOLOROWE DIODY \u015aWIEC\u0104 SI\u0118 PODCZAS RUCHU K\u00d3\u0141EK Link [&hellip;]<\/p>\n","protected":false},"featured_media":1205,"comment_status":"closed","ping_status":"open","template":"","meta":[],"product_cat":[120],"product_tag":[792,685,721,849],"class_list":["post-1204","product","type-product","status-publish","has-post-thumbnail","hentry","product_cat-zabawki-i-gry-sportowe","product_tag-cytaty-o-mamie","product_tag-cytaty-o-rodzinie","product_tag-zagadki-matematyczne","product_tag-zagadki-matematyczne-dla-dzieci"],"_links":{"self":[{"href":"http:\/\/klubmamgdynia.pl\/index.php\/wp-json\/wp\/v2\/product\/1204","targetHints":{"allow":["GET"]}}],"collection":[{"href":"http:\/\/klubmamgdynia.pl\/index.php\/wp-json\/wp\/v2\/product"}],"about":[{"href":"http:\/\/klubmamgdynia.pl\/index.php\/wp-json\/wp\/v2\/types\/product"}],"replies":[{"embeddable":true,"href":"http:\/\/klubmamgdynia.pl\/index.php\/wp-json\/wp\/v2\/comments?post=1204"}],"wp:featuredmedia":[{"embeddable":true,"href":"http:\/\/klubmamgdynia.pl\/index.php\/wp-json\/wp\/v2\/media\/1205"}],"wp:attachment":[{"href":"http:\/\/klubmamgdynia.pl\/index.php\/wp-json\/wp\/v2\/media?parent=1204"}],"wp:term":[{"taxonomy":"product_cat","embeddable":true,"href":"http:\/\/klubmamgdynia.pl\/index.php\/wp-json\/wp\/v2\/product_cat?post=1204"},{"taxonomy":"product_tag","embeddable":true,"href":"http:\/\/klubmamgdynia.pl\/index.php\/wp-json\/wp\/v2\/product_tag?post=1204"}],"curies":[{"name":"wp","href":"https:\/\/api.w.org\/{rel}","templated":true}]}}