{"id":12041,"date":"2020-06-15T02:00:00","date_gmt":"2020-06-15T00:00:00","guid":{"rendered":"http:\/\/klubmamgdynia.pl\/index.php\/produkt\/simba-swinka-peppa-maskotka-pluszowa-george-31cm\/"},"modified":"2026-04-04T00:58:54","modified_gmt":"2026-04-03T22:58:54","slug":"simba-swinka-peppa-maskotka-pluszowa-george-31cm","status":"publish","type":"product","link":"http:\/\/klubmamgdynia.pl\/index.php\/produkt\/simba-swinka-peppa-maskotka-pluszowa-george-31cm\/","title":{"rendered":"Simba \u015awinka Peppa Maskotka pluszowa George 31cm"},"content":{"rendered":"<p>a maskotka zachwyci ka\u017cde dzieckoMi\u0119ciutki George brat Peppy jest ubrany w sw\u00f3j ulubiony, niebieski str\u00f3j. Maskotka zosta\u0142a wykonana z delikatnego pluszu i jest idealna do przytulania. Jej kompaktowe rozmiary sprawiaj\u0105, \u017ce dziecko mo\u017ce zabra\u0107 j\u0105 ze sob\u0105 wsz\u0119dzie.<\/p>\n<h2>Simba \u015awinka Peppa Maskotka pluszowa George 31cm Simba<\/h2>\n<p>nastolatka, tulipany kolorowanki, swinka peppa obrazek, gry i zabawy ruchowe, skalne miasto, prezent dla nastolatk\u00f3w, test z asiuni lektury, sabina, kolorowanki do druku pokemon, zabawka na roczek, kolorowanki konie<\/p>\n<p>yyyyy<\/p>\n<p>&nbsp;<\/p>\n","protected":false},"excerpt":{"rendered":"<p>a maskotka zachwyci ka\u017cde dzieckoMi\u0119ciutki George brat Peppy jest ubrany w sw\u00f3j ulubiony, niebieski str\u00f3j. Maskotka zosta\u0142a wykonana z delikatnego pluszu i jest idealna do przytulania. Jej kompaktowe rozmiary sprawiaj\u0105, \u017ce dziecko mo\u017ce zabra\u0107 j\u0105 ze sob\u0105 wsz\u0119dzie. Simba \u015awinka Peppa Maskotka pluszowa George 31cm Simba nastolatka, tulipany kolorowanki, swinka peppa obrazek, gry i zabawy [&hellip;]<\/p>\n","protected":false},"featured_media":12042,"comment_status":"closed","ping_status":"open","template":"","meta":[],"product_cat":[42,279],"product_tag":[700,593,758,659],"class_list":["post-12041","product","type-product","status-publish","has-post-thumbnail","hentry","product_cat-maskotki","product_cat-simba","product_tag-bajki-do-czytania-dla-dzieci","product_tag-jak-narysowac-konia","product_tag-julian","product_tag-tupu-tup-po-sniegu-tekst"],"_links":{"self":[{"href":"http:\/\/klubmamgdynia.pl\/index.php\/wp-json\/wp\/v2\/product\/12041","targetHints":{"allow":["GET"]}}],"collection":[{"href":"http:\/\/klubmamgdynia.pl\/index.php\/wp-json\/wp\/v2\/product"}],"about":[{"href":"http:\/\/klubmamgdynia.pl\/index.php\/wp-json\/wp\/v2\/types\/product"}],"replies":[{"embeddable":true,"href":"http:\/\/klubmamgdynia.pl\/index.php\/wp-json\/wp\/v2\/comments?post=12041"}],"wp:featuredmedia":[{"embeddable":true,"href":"http:\/\/klubmamgdynia.pl\/index.php\/wp-json\/wp\/v2\/media\/12042"}],"wp:attachment":[{"href":"http:\/\/klubmamgdynia.pl\/index.php\/wp-json\/wp\/v2\/media?parent=12041"}],"wp:term":[{"taxonomy":"product_cat","embeddable":true,"href":"http:\/\/klubmamgdynia.pl\/index.php\/wp-json\/wp\/v2\/product_cat?post=12041"},{"taxonomy":"product_tag","embeddable":true,"href":"http:\/\/klubmamgdynia.pl\/index.php\/wp-json\/wp\/v2\/product_tag?post=12041"}],"curies":[{"name":"wp","href":"https:\/\/api.w.org\/{rel}","templated":true}]}}