{"id":12045,"date":"2021-12-16T04:07:37","date_gmt":"2021-12-16T03:07:37","guid":{"rendered":"http:\/\/klubmamgdynia.pl\/index.php\/produkt\/tm-toys-figurka-tata-peppy-y99682\/"},"modified":"2026-05-17T22:39:04","modified_gmt":"2026-05-17T20:39:04","slug":"tm-toys-figurka-tata-peppy-y99682","status":"publish","type":"product","link":"http:\/\/klubmamgdynia.pl\/index.php\/produkt\/tm-toys-figurka-tata-peppy-y99682\/","title":{"rendered":"TM Toys Figurka Tata Peppy Y99682"},"content":{"rendered":"<p>Tata \u015awinka\u015awinka Peppa to bajka uwielbiana przez wszystkie maluchy! Jej g\u0142\u00f3wna bohaterka, ma\u0142a \u015bwinka Peppa jest bardzo rozbrykana. Ci\u0105gle wpada w k\u0142opoty i ma mn\u00f3stwo przyg\u00f3d. \u015awinka uwielbia czekoladowe ciasteczka, przyj\u0119cia urodzinowe oraz rowerowe wycieczki i pikniki. Najbardziej jednak kocha swoje b\u0142otko. W jej zabawnych perypetiach uczestniczy ca\u0142a rodzina: tata, mama, braciszek George, dziadek i babcia. Ka\u017cdy ma\u0142y fan zabawnej \u015bwinki, ucieszy si\u0119 z naszej kolekcji figurek! W asortymencie 9 r\u00f3\u017cnych figurek dla dzieci w wieku od 3 lat. Sprzedawane oddzielnie.od 3 lat<\/p>\n<h2>TM Toys Figurka Tata Peppy Y99682 TM Toys<\/h2>\n<p>cytaty o mi\u0142o\u015bci do dziecka, kolorowanki na dzie\u0144 babci, basen warszawa, imie lilianna, quizy i zagadki wielkanocne, test na znaki drogowe, mitologia test wiedzy, maski karnawa\u0142owe do druku, quiz o dinozaurach, imie leon, test z narnii lew czarownica i stara szafa, zabawy urodzinowe dla dzieci, karty pracy po ukrai\u0144sku, prezent dla dziecka 1 rok, ksi\u0105\u017cka dla dzieci online, zdania do pisania dla dzieci do wydruku<\/p>\n<p>yyyyy<\/p>\n<p>&nbsp;<\/p>\n","protected":false},"excerpt":{"rendered":"<p>Tata \u015awinka\u015awinka Peppa to bajka uwielbiana przez wszystkie maluchy! Jej g\u0142\u00f3wna bohaterka, ma\u0142a \u015bwinka Peppa jest bardzo rozbrykana. Ci\u0105gle wpada w k\u0142opoty i ma mn\u00f3stwo przyg\u00f3d. \u015awinka uwielbia czekoladowe ciasteczka, przyj\u0119cia urodzinowe oraz rowerowe wycieczki i pikniki. Najbardziej jednak kocha swoje b\u0142otko. W jej zabawnych perypetiach uczestniczy ca\u0142a rodzina: tata, mama, braciszek George, dziadek i [&hellip;]<\/p>\n","protected":false},"featured_media":12046,"comment_status":"closed","ping_status":"open","template":"","meta":[],"product_cat":[95,145],"product_tag":[750,808,723,591,849,724],"class_list":["post-12045","product","type-product","status-publish","has-post-thumbnail","hentry","product_cat-figurki-makiety-i-zestawy","product_cat-tm-toys","product_tag-imie-kostek","product_tag-imie-mia","product_tag-krotkie-bajki-do-czytania-na-dobranoc","product_tag-quiz-o-minecraft","product_tag-zagadki-matematyczne-dla-dzieci","product_tag-zagadki-podchwytliwe"],"_links":{"self":[{"href":"http:\/\/klubmamgdynia.pl\/index.php\/wp-json\/wp\/v2\/product\/12045","targetHints":{"allow":["GET"]}}],"collection":[{"href":"http:\/\/klubmamgdynia.pl\/index.php\/wp-json\/wp\/v2\/product"}],"about":[{"href":"http:\/\/klubmamgdynia.pl\/index.php\/wp-json\/wp\/v2\/types\/product"}],"replies":[{"embeddable":true,"href":"http:\/\/klubmamgdynia.pl\/index.php\/wp-json\/wp\/v2\/comments?post=12045"}],"wp:featuredmedia":[{"embeddable":true,"href":"http:\/\/klubmamgdynia.pl\/index.php\/wp-json\/wp\/v2\/media\/12046"}],"wp:attachment":[{"href":"http:\/\/klubmamgdynia.pl\/index.php\/wp-json\/wp\/v2\/media?parent=12045"}],"wp:term":[{"taxonomy":"product_cat","embeddable":true,"href":"http:\/\/klubmamgdynia.pl\/index.php\/wp-json\/wp\/v2\/product_cat?post=12045"},{"taxonomy":"product_tag","embeddable":true,"href":"http:\/\/klubmamgdynia.pl\/index.php\/wp-json\/wp\/v2\/product_tag?post=12045"}],"curies":[{"name":"wp","href":"https:\/\/api.w.org\/{rel}","templated":true}]}}