{"id":12047,"date":"2021-05-08T02:21:37","date_gmt":"2021-05-08T00:21:37","guid":{"rendered":"http:\/\/klubmamgdynia.pl\/index.php\/produkt\/jokomisiada-duzy-gokart-z-pompowanymi-gumowymi-kolami-sp0153\/"},"modified":"2026-04-30T11:27:18","modified_gmt":"2026-04-30T09:27:18","slug":"jokomisiada-duzy-gokart-z-pompowanymi-gumowymi-kolami-sp0153","status":"publish","type":"product","link":"http:\/\/klubmamgdynia.pl\/index.php\/produkt\/jokomisiada-duzy-gokart-z-pompowanymi-gumowymi-kolami-sp0153\/","title":{"rendered":"Jokomisiada Du\u017cy Gokart z pompowanymi gumowymi ko\u0142ami SP0153"},"content":{"rendered":"<p>Nowy, pe\u0142nowarto\u015bciowy, wykonany z wysokiej jako\u015bci plastikuGOKART FORMULE 01 Z POMPOWANYMI GUMOWYMI KO\u0141AMI.Gokart to model przeznaczony dla dzieci lubi\u0105cych aktywnie sp\u0119dza\u0107 wolny czas. Wykonany jest z mocnych stalowych rur.Gokart posiada nowoczesny, ergonomiczny, sportowy kszta\u0142t.- hamulec r\u0119czny na oba tylne ko\u0142a,- wolny bieg, mo\u017cna jecha\u0107 na luzie- regulowane, wygodne siedzenie (7cm),- komfort jazdy zapewniaj\u0105 gumowe pompowane ko\u0142a,- maksymalne obci\u0105\u017cenie to 30 kg,- mo\u017cliwo\u015b\u0107 jazdy do przodu i do ty\u0142u,- sportowa kierownica,- przek\u0142adnia \u0142a\u0144cuchowa- z\u0119batki metalowe,Gokart to propozycja dla wszystkich tych, dla kt\u00f3rych troska o bezpiecze\u0144stwo swoich pociech jest najwa\u017cniejsza. Zabawa poprzez sport jest \u015bwietnym sposobem wspomagaj\u0105cym prawid\u0142owy rozw\u00f3j naszych pociech. Serdecznie zapraszamy<\/p>\n<h2>Jokomisiada Du\u017cy Gokart z pompowanymi gumowymi ko\u0142ami SP0153 Jokomisiada<\/h2>\n<p>quizy dla dzieci z bajek, kolorowanka harry potter do druku, rzadkie imiona \u017ce\u0144skie polskie, zagadki logiczne matematyczne dla dzieci, psi patrol zadania do druku, zagadki na inteligencj\u0119, co kupi\u0107 dziewczynce na roczek, zagadki o bajkach, wydarzenia warszawa dzisiaj, co dla rocznego dziecka, quiz o flagach, aurelia imie, kajko i kokosz szko\u0142a latania &#8211; test do wydruku, malowanki dla dzieci, kolorowanki do druku peppa, kot rysunek dla dzieci, jan pawe\u0142 2 rysunek \u0142atwy dla dzieci, szablony postacie do szopki do druku, bajka terapeutyczna o dokuczaniu, uk\u0142ad s\u0142oneczny dla dzieci do druku, pikachu do druku<\/p>\n<p>yyyyy<\/p>\n<p>&nbsp;<\/p>\n","protected":false},"excerpt":{"rendered":"<p>Nowy, pe\u0142nowarto\u015bciowy, wykonany z wysokiej jako\u015bci plastikuGOKART FORMULE 01 Z POMPOWANYMI GUMOWYMI KO\u0141AMI.Gokart to model przeznaczony dla dzieci lubi\u0105cych aktywnie sp\u0119dza\u0107 wolny czas. Wykonany jest z mocnych stalowych rur.Gokart posiada nowoczesny, ergonomiczny, sportowy kszta\u0142t.- hamulec r\u0119czny na oba tylne ko\u0142a,- wolny bieg, mo\u017cna jecha\u0107 na luzie- regulowane, wygodne siedzenie (7cm),- komfort jazdy zapewniaj\u0105 gumowe pompowane [&hellip;]<\/p>\n","protected":false},"featured_media":12048,"comment_status":"closed","ping_status":"open","template":"","meta":[],"product_cat":[1662,131],"product_tag":[664,836,670,768,810,736],"class_list":["post-12047","product","type-product","status-publish","has-post-thumbnail","hentry","product_cat-gokarty-dla-dzieci","product_cat-jokomisiada","product_tag-atrakcje-dla-dzieci-trojmiasto","product_tag-co-kupic-dziecku-na-roczek","product_tag-irma","product_tag-krotkie-zagadki-logiczne","product_tag-nauka-zegara-do-druku","product_tag-zabawki-na-roczek"],"_links":{"self":[{"href":"http:\/\/klubmamgdynia.pl\/index.php\/wp-json\/wp\/v2\/product\/12047","targetHints":{"allow":["GET"]}}],"collection":[{"href":"http:\/\/klubmamgdynia.pl\/index.php\/wp-json\/wp\/v2\/product"}],"about":[{"href":"http:\/\/klubmamgdynia.pl\/index.php\/wp-json\/wp\/v2\/types\/product"}],"replies":[{"embeddable":true,"href":"http:\/\/klubmamgdynia.pl\/index.php\/wp-json\/wp\/v2\/comments?post=12047"}],"wp:featuredmedia":[{"embeddable":true,"href":"http:\/\/klubmamgdynia.pl\/index.php\/wp-json\/wp\/v2\/media\/12048"}],"wp:attachment":[{"href":"http:\/\/klubmamgdynia.pl\/index.php\/wp-json\/wp\/v2\/media?parent=12047"}],"wp:term":[{"taxonomy":"product_cat","embeddable":true,"href":"http:\/\/klubmamgdynia.pl\/index.php\/wp-json\/wp\/v2\/product_cat?post=12047"},{"taxonomy":"product_tag","embeddable":true,"href":"http:\/\/klubmamgdynia.pl\/index.php\/wp-json\/wp\/v2\/product_tag?post=12047"}],"curies":[{"name":"wp","href":"https:\/\/api.w.org\/{rel}","templated":true}]}}