{"id":12051,"date":"2016-01-04T00:04:12","date_gmt":"2016-01-03T23:04:12","guid":{"rendered":"http:\/\/klubmamgdynia.pl\/index.php\/produkt\/top-bright-drewniany-zestaw-warzyw-z-deska-i-nozem\/"},"modified":"2026-04-22T14:21:57","modified_gmt":"2026-04-22T12:21:57","slug":"top-bright-drewniany-zestaw-warzyw-z-deska-i-nozem","status":"publish","type":"product","link":"http:\/\/klubmamgdynia.pl\/index.php\/produkt\/top-bright-drewniany-zestaw-warzyw-z-deska-i-nozem\/","title":{"rendered":"Top Bright drewniany zestaw warzyw z desk\u0105 i no\u017cem"},"content":{"rendered":"<p>Drewniany zestaw warzyw i owoc\u00f3w z desk\u0105 i no\u017cem do krojenia firmy Top Bright. Zestaw sk\u0142ada si\u0119 z 16 element\u00f3w. Produkt zosta\u0142 wykonany z najwy\u017cszej jako\u015bci drewna przy u\u017cyciu bezpiecznych, nieuczulaj\u0105cych barwnik\u00f3w. Produkt przeznaczony dla dzieci powy\u017cej 36 miesi\u0105ca \u017cycia.<\/p>\n<h2>Top Bright drewniany zestaw warzyw z desk\u0105 i no\u017cem Brimarex<\/h2>\n<p>kolorowanki do wydruku postacie z bajek, adela, test z lektury opowie\u015bci z narnii lew czarownica i stara szafa z odpowiedziami, kiekrz, leonardo imie, quiz flagi, mandale do druku, kolorowanka prezent, mitologia grecka quiz, quizy flagi, dzieci z bullerbyn quiz, jak narysowa\u0107 sanie miko\u0142aja, dyplom dla przedszkolaka do wydruku<\/p>\n<p>yyyyy<\/p>\n<p>&nbsp;<\/p>\n","protected":false},"excerpt":{"rendered":"<p>Drewniany zestaw warzyw i owoc\u00f3w z desk\u0105 i no\u017cem do krojenia firmy Top Bright. Zestaw sk\u0142ada si\u0119 z 16 element\u00f3w. Produkt zosta\u0142 wykonany z najwy\u017cszej jako\u015bci drewna przy u\u017cyciu bezpiecznych, nieuczulaj\u0105cych barwnik\u00f3w. Produkt przeznaczony dla dzieci powy\u017cej 36 miesi\u0105ca \u017cycia. Top Bright drewniany zestaw warzyw z desk\u0105 i no\u017cem Brimarex kolorowanki do wydruku postacie z [&hellip;]<\/p>\n","protected":false},"featured_media":12052,"comment_status":"closed","ping_status":"open","template":"","meta":[],"product_cat":[1651,537],"product_tag":[777,763,654,732,811],"class_list":["post-12051","product","type-product","status-publish","has-post-thumbnail","hentry","product_cat-brimarex","product_cat-pozostale-zabawki-edukacyjne","product_tag-co-na-roczek","product_tag-fabian","product_tag-krotkie-bajki-dla-dzieci-do-czytania","product_tag-prezent-dla-rocznego-chlopca","product_tag-zagadki-logiczne-dla-dzieci"],"_links":{"self":[{"href":"http:\/\/klubmamgdynia.pl\/index.php\/wp-json\/wp\/v2\/product\/12051","targetHints":{"allow":["GET"]}}],"collection":[{"href":"http:\/\/klubmamgdynia.pl\/index.php\/wp-json\/wp\/v2\/product"}],"about":[{"href":"http:\/\/klubmamgdynia.pl\/index.php\/wp-json\/wp\/v2\/types\/product"}],"replies":[{"embeddable":true,"href":"http:\/\/klubmamgdynia.pl\/index.php\/wp-json\/wp\/v2\/comments?post=12051"}],"wp:featuredmedia":[{"embeddable":true,"href":"http:\/\/klubmamgdynia.pl\/index.php\/wp-json\/wp\/v2\/media\/12052"}],"wp:attachment":[{"href":"http:\/\/klubmamgdynia.pl\/index.php\/wp-json\/wp\/v2\/media?parent=12051"}],"wp:term":[{"taxonomy":"product_cat","embeddable":true,"href":"http:\/\/klubmamgdynia.pl\/index.php\/wp-json\/wp\/v2\/product_cat?post=12051"},{"taxonomy":"product_tag","embeddable":true,"href":"http:\/\/klubmamgdynia.pl\/index.php\/wp-json\/wp\/v2\/product_tag?post=12051"}],"curies":[{"name":"wp","href":"https:\/\/api.w.org\/{rel}","templated":true}]}}