{"id":12053,"date":"2021-07-30T15:36:56","date_gmt":"2021-07-30T13:36:56","guid":{"rendered":"http:\/\/klubmamgdynia.pl\/index.php\/produkt\/icom-poland-zestaw-malowidel-zabawka\/"},"modified":"2026-05-17T22:00:59","modified_gmt":"2026-05-17T20:00:59","slug":"icom-poland-zestaw-malowidel-zabawka","status":"publish","type":"product","link":"http:\/\/klubmamgdynia.pl\/index.php\/produkt\/icom-poland-zestaw-malowidel-zabawka\/","title":{"rendered":"Icom Poland Zestaw Malowide\u0142 &#8211; Zabawka"},"content":{"rendered":"<p>Zestaw Malowide\u0142 cukierek makija\u017c lakier szminka<\/p>\n<h2>Icom Poland Zestaw Malowide\u0142 &#8211; Zabawka Icom Poland<\/h2>\n<p>gdy strumyk p\u0142ynie z wolna, opisy do zdj dziecka, zagadki z odpowiedziami \u015bmieszne, imiona dla ch\u0142opc\u00f3w, milosc do dzieci, pomys\u0142 na prezent dla nastolatki, zagadki do rozwi\u0105zania, test czerwone krzes\u0142o, b\u0105k ptak, warszawa dzieci, bajeczki na dobranoc, lol kolorowanka, karty pracy do druku za darmo, liwia imi\u0119<\/p>\n<p>yyyyy<\/p>\n<p>&nbsp;<\/p>\n","protected":false},"excerpt":{"rendered":"<p>Zestaw Malowide\u0142 cukierek makija\u017c lakier szminka Icom Poland Zestaw Malowide\u0142 &#8211; Zabawka Icom Poland gdy strumyk p\u0142ynie z wolna, opisy do zdj dziecka, zagadki z odpowiedziami \u015bmieszne, imiona dla ch\u0142opc\u00f3w, milosc do dzieci, pomys\u0142 na prezent dla nastolatki, zagadki do rozwi\u0105zania, test czerwone krzes\u0142o, b\u0105k ptak, warszawa dzieci, bajeczki na dobranoc, lol kolorowanka, karty pracy [&hellip;]<\/p>\n","protected":false},"featured_media":12054,"comment_status":"closed","ping_status":"open","template":"","meta":[],"product_cat":[332,53],"product_tag":[658,853,826,634,635],"class_list":["post-12053","product","type-product","status-publish","has-post-thumbnail","hentry","product_cat-icom-poland","product_cat-kaciki-zabaw","product_tag-alan-znaczenie-imienia","product_tag-kolorowanki-do-druku-dla-doroslych","product_tag-prezent-dla-15-latka","product_tag-zagadki-wielkanocne-dla-dzieci","product_tag-znaki-drogowe-do-druku"],"_links":{"self":[{"href":"http:\/\/klubmamgdynia.pl\/index.php\/wp-json\/wp\/v2\/product\/12053","targetHints":{"allow":["GET"]}}],"collection":[{"href":"http:\/\/klubmamgdynia.pl\/index.php\/wp-json\/wp\/v2\/product"}],"about":[{"href":"http:\/\/klubmamgdynia.pl\/index.php\/wp-json\/wp\/v2\/types\/product"}],"replies":[{"embeddable":true,"href":"http:\/\/klubmamgdynia.pl\/index.php\/wp-json\/wp\/v2\/comments?post=12053"}],"wp:featuredmedia":[{"embeddable":true,"href":"http:\/\/klubmamgdynia.pl\/index.php\/wp-json\/wp\/v2\/media\/12054"}],"wp:attachment":[{"href":"http:\/\/klubmamgdynia.pl\/index.php\/wp-json\/wp\/v2\/media?parent=12053"}],"wp:term":[{"taxonomy":"product_cat","embeddable":true,"href":"http:\/\/klubmamgdynia.pl\/index.php\/wp-json\/wp\/v2\/product_cat?post=12053"},{"taxonomy":"product_tag","embeddable":true,"href":"http:\/\/klubmamgdynia.pl\/index.php\/wp-json\/wp\/v2\/product_tag?post=12053"}],"curies":[{"name":"wp","href":"https:\/\/api.w.org\/{rel}","templated":true}]}}