{"id":12055,"date":"2020-07-10T07:51:38","date_gmt":"2020-07-10T05:51:38","guid":{"rendered":"http:\/\/klubmamgdynia.pl\/index.php\/produkt\/tm-toys-peppa-balerina-25-cm\/"},"modified":"2026-04-07T00:04:17","modified_gmt":"2026-04-06T22:04:17","slug":"tm-toys-peppa-balerina-25-cm","status":"publish","type":"product","link":"http:\/\/klubmamgdynia.pl\/index.php\/produkt\/tm-toys-peppa-balerina-25-cm\/","title":{"rendered":"Tm Toys Peppa Balerina 25 Cm"},"content":{"rendered":"<p>Pluszaki z uwielbianej przez dzieci bajki \u201e\u015awinka Peppa\u201d uprzyjemni\u0105 najm\u0142odszym ka\u017cd\u0105 zabaw\u0119! Dzi\u0119ki mi\u0119kkiemu materia\u0142owi, z kt\u00f3rego s\u0105 wykonane s\u0105 mi\u0142e i przyjemne w dotyku. Zabawka bez ogranicze\u0144 wiekowychKod paskowy: 4893825024506Rok wydania: 2017Kod wydawcy: 32582Format: 25.0&#215;12.0cmG\u0142\u0119boko\u015b\u0107 (mm): 120Waga: 0.092Dzia\u0142\/Kategorie: Zabawki \/ Pluszaki, maskotki \/ MaskotkiJ\u0119zyki: polskiWiek: 0-12 miesi\u0119cy, 12-24 miesi\u0105ce, 2 lata, 3-4 lata, 5-7 latP\u0142e\u0107: ch\u0142opiec, dziewczynkaBohater: \u015awinka PeppaGrupa towarowa: Zabawki<\/p>\n<h2>Tm Toys Peppa Balerina 25 Cm TM Toys<\/h2>\n<p>na wyspach bergamutach tekst, kolorowanki super zings, traktor z przyczep\u0105 kolorowanka do druku, posz\u0142a ola na spacerek, \u017carty \u017carty na prima aprilis, pomys\u0142y na roczek, zagadki dla dzieci 9-10 lat z odpowiedziami, szlaczki literopodobne do wydruku, quizy \u015bwi\u0105teczne bo\u017ce narodzenie, pies rysunek, zagadki typu co to jest<\/p>\n<p>yyyyy<\/p>\n<p>&nbsp;<\/p>\n","protected":false},"excerpt":{"rendered":"<p>Pluszaki z uwielbianej przez dzieci bajki \u201e\u015awinka Peppa\u201d uprzyjemni\u0105 najm\u0142odszym ka\u017cd\u0105 zabaw\u0119! Dzi\u0119ki mi\u0119kkiemu materia\u0142owi, z kt\u00f3rego s\u0105 wykonane s\u0105 mi\u0142e i przyjemne w dotyku. Zabawka bez ogranicze\u0144 wiekowychKod paskowy: 4893825024506Rok wydania: 2017Kod wydawcy: 32582Format: 25.0&#215;12.0cmG\u0142\u0119boko\u015b\u0107 (mm): 120Waga: 0.092Dzia\u0142\/Kategorie: Zabawki \/ Pluszaki, maskotki \/ MaskotkiJ\u0119zyki: polskiWiek: 0-12 miesi\u0119cy, 12-24 miesi\u0105ce, 2 lata, 3-4 lata, 5-7 [&hellip;]<\/p>\n","protected":false},"featured_media":12056,"comment_status":"closed","ping_status":"open","template":"","meta":[],"product_cat":[42,145],"product_tag":[706,775,605,771,636],"class_list":["post-12055","product","type-product","status-publish","has-post-thumbnail","hentry","product_cat-maskotki","product_cat-tm-toys","product_tag-imie-kuba","product_tag-kolorowanki-do-druku-pokemon","product_tag-milena","product_tag-stolice-europy-quiz","product_tag-teksty-kolysanek"],"_links":{"self":[{"href":"http:\/\/klubmamgdynia.pl\/index.php\/wp-json\/wp\/v2\/product\/12055","targetHints":{"allow":["GET"]}}],"collection":[{"href":"http:\/\/klubmamgdynia.pl\/index.php\/wp-json\/wp\/v2\/product"}],"about":[{"href":"http:\/\/klubmamgdynia.pl\/index.php\/wp-json\/wp\/v2\/types\/product"}],"replies":[{"embeddable":true,"href":"http:\/\/klubmamgdynia.pl\/index.php\/wp-json\/wp\/v2\/comments?post=12055"}],"wp:featuredmedia":[{"embeddable":true,"href":"http:\/\/klubmamgdynia.pl\/index.php\/wp-json\/wp\/v2\/media\/12056"}],"wp:attachment":[{"href":"http:\/\/klubmamgdynia.pl\/index.php\/wp-json\/wp\/v2\/media?parent=12055"}],"wp:term":[{"taxonomy":"product_cat","embeddable":true,"href":"http:\/\/klubmamgdynia.pl\/index.php\/wp-json\/wp\/v2\/product_cat?post=12055"},{"taxonomy":"product_tag","embeddable":true,"href":"http:\/\/klubmamgdynia.pl\/index.php\/wp-json\/wp\/v2\/product_tag?post=12055"}],"curies":[{"name":"wp","href":"https:\/\/api.w.org\/{rel}","templated":true}]}}