{"id":12057,"date":"2022-06-03T05:20:23","date_gmt":"2022-06-03T03:20:23","guid":{"rendered":"http:\/\/klubmamgdynia.pl\/index.php\/produkt\/simba-swinka-peppa-maskotka-pluszowa-peppa-33cm\/"},"modified":"2026-04-06T01:10:03","modified_gmt":"2026-04-05T23:10:03","slug":"simba-swinka-peppa-maskotka-pluszowa-peppa-33cm","status":"publish","type":"product","link":"http:\/\/klubmamgdynia.pl\/index.php\/produkt\/simba-swinka-peppa-maskotka-pluszowa-peppa-33cm\/","title":{"rendered":"Simba \u015awinka Peppa Maskotka pluszowa Peppa 33cm"},"content":{"rendered":"<p>Dobrze znana z telewizyjnego serialu ma\u0142a \u015bwinka Peppa jest \u017cywa, ciekawa \u015bwiata i gotowa na ka\u017cd\u0105 przygod\u0119 z przyjaci\u00f3\u0142mi i rodzin\u0105. Ma\u0142a Peppa nosi standardowy str\u00f3j z serii &#8211; swoj\u0105 ulubion\u0105, czerwon\u0105 sukienk\u0119.\u015awinka jest wykonana z mi\u0119kkiego pluszu i jest idealna do przytulania. Maskotka mierzy 33 cm wzrostu, wi\u0119c mo\u017cna j\u0105 zabra\u0107 w dowolne miejsce. Dzieci mog\u0105 si\u0119 ni\u0105 bawi\u0107 ju\u017c od pierwszych miesi\u0119cy \u017cycia.<\/p>\n<h2>Simba \u015awinka Peppa Maskotka pluszowa Peppa 33cm Simba<\/h2>\n<p>\u015bmigus dyngus lany poniedzia\u0142ek zyczenia, gry ruchowe dla dzieci, kolorowanki disney, warszawa dla dzieci, pomys\u0142y na prezent dla nastolatk\u00f3w, mia imie, kaczuszka, sentencje ma\u0142y ksi\u0105\u017ce cytaty, pytania do lektury asiunia, kolorowanka peppa, kolorowanki kotka, narysowa\u0107 rysunki \u0142atwe, zagadki na dzie\u0144 przedszkolaka, zadania dla 7 latka do druku, test z opowie\u015bci z narnii, zaj\u0119cia wielkanocne dla dzieci<\/p>\n<p>yyyyy<\/p>\n<p>&nbsp;<\/p>\n","protected":false},"excerpt":{"rendered":"<p>Dobrze znana z telewizyjnego serialu ma\u0142a \u015bwinka Peppa jest \u017cywa, ciekawa \u015bwiata i gotowa na ka\u017cd\u0105 przygod\u0119 z przyjaci\u00f3\u0142mi i rodzin\u0105. Ma\u0142a Peppa nosi standardowy str\u00f3j z serii &#8211; swoj\u0105 ulubion\u0105, czerwon\u0105 sukienk\u0119.\u015awinka jest wykonana z mi\u0119kkiego pluszu i jest idealna do przytulania. Maskotka mierzy 33 cm wzrostu, wi\u0119c mo\u017cna j\u0105 zabra\u0107 w dowolne miejsce. [&hellip;]<\/p>\n","protected":false},"featured_media":12058,"comment_status":"closed","ping_status":"open","template":"","meta":[],"product_cat":[42,279],"product_tag":[686,594,717,764],"class_list":["post-12057","product","type-product","status-publish","has-post-thumbnail","hentry","product_cat-maskotki","product_cat-simba","product_tag-co-na-roczek-dla-chlopca","product_tag-podchwytliwe-zagadki-dla-dzieci","product_tag-prezent-roczek","product_tag-prezenty-na-roczek-dla-dziewczynki"],"_links":{"self":[{"href":"http:\/\/klubmamgdynia.pl\/index.php\/wp-json\/wp\/v2\/product\/12057","targetHints":{"allow":["GET"]}}],"collection":[{"href":"http:\/\/klubmamgdynia.pl\/index.php\/wp-json\/wp\/v2\/product"}],"about":[{"href":"http:\/\/klubmamgdynia.pl\/index.php\/wp-json\/wp\/v2\/types\/product"}],"replies":[{"embeddable":true,"href":"http:\/\/klubmamgdynia.pl\/index.php\/wp-json\/wp\/v2\/comments?post=12057"}],"wp:featuredmedia":[{"embeddable":true,"href":"http:\/\/klubmamgdynia.pl\/index.php\/wp-json\/wp\/v2\/media\/12058"}],"wp:attachment":[{"href":"http:\/\/klubmamgdynia.pl\/index.php\/wp-json\/wp\/v2\/media?parent=12057"}],"wp:term":[{"taxonomy":"product_cat","embeddable":true,"href":"http:\/\/klubmamgdynia.pl\/index.php\/wp-json\/wp\/v2\/product_cat?post=12057"},{"taxonomy":"product_tag","embeddable":true,"href":"http:\/\/klubmamgdynia.pl\/index.php\/wp-json\/wp\/v2\/product_tag?post=12057"}],"curies":[{"name":"wp","href":"https:\/\/api.w.org\/{rel}","templated":true}]}}