{"id":12059,"date":"2014-08-20T21:37:43","date_gmt":"2014-08-20T19:37:43","guid":{"rendered":"http:\/\/klubmamgdynia.pl\/index.php\/produkt\/posciel-220x200-satyna-bawelnianakomplet-do-sypialni-kratka\/"},"modified":"2026-05-02T11:31:13","modified_gmt":"2026-05-02T09:31:13","slug":"posciel-220x200-satyna-bawelnianakomplet-do-sypialni-kratka","status":"publish","type":"product","link":"http:\/\/klubmamgdynia.pl\/index.php\/produkt\/posciel-220x200-satyna-bawelnianakomplet-do-sypialni-kratka\/","title":{"rendered":"Po\u015bciel 220X200 Satyna Bawe\u0142nianakomplet Do Sypialni Kratka"},"content":{"rendered":"<p>Komplet po\u015bcieli wykonany z najwy\u017cszej jako\u015bci bawe\u0142ny satynowej. Wykorzystana do uszycia bawe\u0142na jest jedwabista, delikatna i bardzo mi\u0142a w dotyku &#8211; komfort snu gwarantowany. Ka\u017cda z poszewek posiada zamek b\u0142yskawiczny os\u0142oni\u0119ty materia\u0142em, tak aby nie by\u0142 odczuwalny. \u017bywe kolory, kt\u00f3re utrzymuj\u0105 si\u0119 nawet po wielu praniach i atrakcyjny wz\u00f3r przykuwaj\u0105 uwag\u0119 i dodaj\u0105 niesamowitego uroku sypialni. Po\u015bciel posiada atest potwierdzaj\u0105cy spe\u0142nianie wszystkich wymog\u00f3w higienicznych dopuszczenia do u\u017cytku. W sk\u0142ad zestawu wchodz\u0105 trzy elementy: poszwa na po\u015bciel o wymiarach 200&#215;220 cm oraz dwie poszewki na poduszk\u0119 o wymiarach 70&#215;80 cm. Dzi\u0119ki klasycznemu designowi \u015bwietnie wkomponuje si\u0119 w klimat sypialni doros\u0142ych. Zestaw po\u015bcieli mo\u017ce stanowi\u0107 pomys\u0142 na praktyczny prezent np. na Miko\u0142ajki, \u015awi\u0119ta Bo\u017cego Narodzenia lub urodziny. Dane techniczne: wykonana w 100% z bawe\u0142ny satynowej trzy elementy w zestawie- poszwa na ko\u0142dr\u0119 200&#215;220 cm- dwie poszewki na poduszk\u0119 70&#215;80 cm dwustronny nadruk poszewki wyposa\u017cone w zamek b\u0142yskawiczny Wskaz\u00f3wki dotycz\u0105ce prania, suszenia i prasowania: pra\u0107 w temperaturze do 40\u00b0C w celu zachowania nasyconych barw nale\u017cy przed praniem przewr\u00f3ci\u0107 poszewki na lew\u0105 stron\u0119 w celu unikni\u0119cia niedok\u0142adnego wyp\u0142ukania substancji pior\u0105cych przed w\u0142o\u017ceniem po\u015bcieli do b\u0119bna nale\u017cy zasun\u0105\u0107 suwaki w poszwach &#8211; wtedy elementy nie spl\u0105cz\u0105 si\u0119 mo\u017cna suszy\u0107 mechanicznie na niskich obrotach nie wybiela\u0107 prasowa\u0107 w temperaturze do 150\u00b0C<\/p>\n<h2>Po\u015bciel 220X200 Satyna Bawe\u0142nianakomplet Do Sypialni Kratka DETEXPOL<\/h2>\n<p>sporty po francusku, domki nad morzem z atrakcjami dla dzieci, laura, regina, park ujazdowski, pytania logiczne, maski karnawa\u0142owe dla dzieci szablony, oryginalny prezent na roczek dla dziewczynki, proste zagadki, gdzie strumyk p\u0142ynie z wolna tekst, god\u0142o polski do druku<\/p>\n<p>yyyyy<\/p>\n<p>&nbsp;<\/p>\n","protected":false},"excerpt":{"rendered":"<p>Komplet po\u015bcieli wykonany z najwy\u017cszej jako\u015bci bawe\u0142ny satynowej. Wykorzystana do uszycia bawe\u0142na jest jedwabista, delikatna i bardzo mi\u0142a w dotyku &#8211; komfort snu gwarantowany. Ka\u017cda z poszewek posiada zamek b\u0142yskawiczny os\u0142oni\u0119ty materia\u0142em, tak aby nie by\u0142 odczuwalny. \u017bywe kolory, kt\u00f3re utrzymuj\u0105 si\u0119 nawet po wielu praniach i atrakcyjny wz\u00f3r przykuwaj\u0105 uwag\u0119 i dodaj\u0105 niesamowitego uroku [&hellip;]<\/p>\n","protected":false},"featured_media":12060,"comment_status":"closed","ping_status":"open","template":"","meta":[],"product_cat":[1613,994],"product_tag":[831,674,717,586,788],"class_list":["post-12059","product","type-product","status-publish","has-post-thumbnail","hentry","product_cat-detexpol","product_cat-komplety-poscieli-dla-dzieci","product_tag-bruno","product_tag-miasto-dzieci","product_tag-prezent-roczek","product_tag-smieszne-zagadki","product_tag-zagadki-krotkie"],"_links":{"self":[{"href":"http:\/\/klubmamgdynia.pl\/index.php\/wp-json\/wp\/v2\/product\/12059","targetHints":{"allow":["GET"]}}],"collection":[{"href":"http:\/\/klubmamgdynia.pl\/index.php\/wp-json\/wp\/v2\/product"}],"about":[{"href":"http:\/\/klubmamgdynia.pl\/index.php\/wp-json\/wp\/v2\/types\/product"}],"replies":[{"embeddable":true,"href":"http:\/\/klubmamgdynia.pl\/index.php\/wp-json\/wp\/v2\/comments?post=12059"}],"wp:featuredmedia":[{"embeddable":true,"href":"http:\/\/klubmamgdynia.pl\/index.php\/wp-json\/wp\/v2\/media\/12060"}],"wp:attachment":[{"href":"http:\/\/klubmamgdynia.pl\/index.php\/wp-json\/wp\/v2\/media?parent=12059"}],"wp:term":[{"taxonomy":"product_cat","embeddable":true,"href":"http:\/\/klubmamgdynia.pl\/index.php\/wp-json\/wp\/v2\/product_cat?post=12059"},{"taxonomy":"product_tag","embeddable":true,"href":"http:\/\/klubmamgdynia.pl\/index.php\/wp-json\/wp\/v2\/product_tag?post=12059"}],"curies":[{"name":"wp","href":"https:\/\/api.w.org\/{rel}","templated":true}]}}