{"id":1206,"date":"2024-05-25T01:25:05","date_gmt":"2024-05-24T23:25:05","guid":{"rendered":"http:\/\/klubmamgdynia.pl\/?post_type=product&#038;p=1206"},"modified":"2026-05-17T23:00:05","modified_gmt":"2026-05-17T21:00:05","slug":"bino-namiot-z-tunelem-kosmonauta","status":"publish","type":"product","link":"http:\/\/klubmamgdynia.pl\/index.php\/produkt\/bino-namiot-z-tunelem-kosmonauta\/","title":{"rendered":"Bino Namiot Z Tunelem Kosmonauta"},"content":{"rendered":"<p>Kolorowy namiot z tunelem z motywem kosmonauty dla aktywnych dzieci. Mo\u017cesz korzysta\u0107 z namiotu w domu \u2013 w pokoju, ale tak\u017ce w ogrodzie na zewn\u0105trz latem. Dzieci \u015bwietnie si\u0119 bawi\u0105, graj\u0105c i ukrywaj\u0105c si\u0119 w tym cudownym namiocie.<\/p>\n<h2>Bino Namiot Z Tunelem Kosmonauta BINO<\/h2>\n<p>opowie\u015bci z narni test, znaczenie imienia alan, kaczuszka, quiz o \u015bwi\u0119tach, kolorowanka pies, opowiadanie o jesieni dla dzieci, skalne miasto, zabawy dla 7 latki, atrakcje dla dzieci w warszawie dzi\u015b, rado\u015b\u0107 dziecka cytaty, zagadki dla ma\u0142ych dzieci, dyplomy do druku<\/p>\n<p>yyyyy<\/p>\n<p>&nbsp;<\/p>\n","protected":false},"excerpt":{"rendered":"<p>Kolorowy namiot z tunelem z motywem kosmonauty dla aktywnych dzieci. Mo\u017cesz korzysta\u0107 z namiotu w domu \u2013 w pokoju, ale tak\u017ce w ogrodzie na zewn\u0105trz latem. Dzieci \u015bwietnie si\u0119 bawi\u0105, graj\u0105c i ukrywaj\u0105c si\u0119 w tym cudownym namiocie. Bino Namiot Z Tunelem Kosmonauta BINO opowie\u015bci z narni test, znaczenie imienia alan, kaczuszka, quiz o \u015bwi\u0119tach, [&hellip;]<\/p>\n","protected":false},"featured_media":1207,"comment_status":"closed","ping_status":"open","template":"","meta":[],"product_cat":[322,282],"product_tag":[667,711,632],"class_list":["post-1206","product","type-product","status-publish","has-post-thumbnail","hentry","product_cat-bino","product_cat-domki-i-namioty-dla-dzieci","product_tag-kolorowanka-lol","product_tag-prezenty-dla-nastolatkow","product_tag-warszawa-atrakcje-dla-mlodziezy"],"_links":{"self":[{"href":"http:\/\/klubmamgdynia.pl\/index.php\/wp-json\/wp\/v2\/product\/1206","targetHints":{"allow":["GET"]}}],"collection":[{"href":"http:\/\/klubmamgdynia.pl\/index.php\/wp-json\/wp\/v2\/product"}],"about":[{"href":"http:\/\/klubmamgdynia.pl\/index.php\/wp-json\/wp\/v2\/types\/product"}],"replies":[{"embeddable":true,"href":"http:\/\/klubmamgdynia.pl\/index.php\/wp-json\/wp\/v2\/comments?post=1206"}],"wp:featuredmedia":[{"embeddable":true,"href":"http:\/\/klubmamgdynia.pl\/index.php\/wp-json\/wp\/v2\/media\/1207"}],"wp:attachment":[{"href":"http:\/\/klubmamgdynia.pl\/index.php\/wp-json\/wp\/v2\/media?parent=1206"}],"wp:term":[{"taxonomy":"product_cat","embeddable":true,"href":"http:\/\/klubmamgdynia.pl\/index.php\/wp-json\/wp\/v2\/product_cat?post=1206"},{"taxonomy":"product_tag","embeddable":true,"href":"http:\/\/klubmamgdynia.pl\/index.php\/wp-json\/wp\/v2\/product_tag?post=1206"}],"curies":[{"name":"wp","href":"https:\/\/api.w.org\/{rel}","templated":true}]}}