{"id":12061,"date":"2019-01-07T16:03:02","date_gmt":"2019-01-07T15:03:02","guid":{"rendered":"http:\/\/klubmamgdynia.pl\/index.php\/produkt\/jokomisiada-kreatywne-klocki-151-ele-wkretarka-mozaika-za2516\/"},"modified":"2026-04-29T08:45:46","modified_gmt":"2026-04-29T06:45:46","slug":"jokomisiada-kreatywne-klocki-151-ele-wkretarka-mozaika-za2516","status":"publish","type":"product","link":"http:\/\/klubmamgdynia.pl\/index.php\/produkt\/jokomisiada-kreatywne-klocki-151-ele-wkretarka-mozaika-za2516\/","title":{"rendered":"Jokomisiada Kreatywne Klocki 151 Ele. Wkr\u0119tarka Mozaika Za2516"},"content":{"rendered":"<p>Kreatywne, wielocz\u0119\u015bciowe klocki dla m\u0142odych konstruktor\u00f3w. Rewelacyjny 151 elementowy zestaw pozwoli ka\u017cdemu zbudowa\u0107 niesamowite obrazki. Potrzebna jest ch\u0119\u0107, zapa\u0142 i wyobra\u017ania bez ogranicze\u0144. Podstaw\u0105 konstrukcji jest system dziurek i otwor\u00f3w umieszczonych w panelu konstrukcyjnym, do kt\u00f3rego dokr\u0119camy r\u00f3\u017cne elementy kwadratowe, okr\u0105g\u0142e i tr\u00f3jk\u0105tne tworz\u0105c r\u00f3\u017cne przedmioty, postaci itp. Kreatywne klocki pozwol\u0105 na rozwini\u0119cie wyobra\u017ani przestrzennej, zdolno\u015bci manualnych oraz koordynacji ruchowej. Poprzez zabaw\u0119 klockami dziecko ma okazj\u0119 uczy\u0107 si\u0119 logicznego my\u015blenia, pos\u0142ugiwania si\u0119 przedmiotami i dopasowywania ich do siebie.Dla rodzic\u00f3w to niezapomniane chwile, kt\u00f3re mog\u0105 sp\u0119dzi\u0107 na wsp\u00f3lnej zabawie ze swoimi dzie\u0107mi. Zabawka z serii zr\u00f3b to sam przeznaczona dla dzieci ciekawych \u015bwiata.ZESTAW ZAWIERA:- wkr\u0119tark\u0119 (zasilana jest 2 bateriami typu AA &#8211; 2 x 1,5V &#8211; brak w zestawie)- dwie wymienne ko\u0144c\u00f3wki wkr\u0119tarki- \u015brubokr\u0119t gwiazdka- kolorowe \u015brubki- kolorowe podk\u0142adki- ksi\u0105\u017ceczka z pomys\u0142ami- panel walizka z dziurkami (30 cm x 24 cm)Klocki s\u0105 doskona\u0142ym sposobem na wsp\u00f3ln\u0105 zabaw\u0119 w gronie najbli\u017cszych. Dzi\u0119ki takim zabawom, dzieci mog\u0105 sp\u0119dzi\u0107 wi\u0119cej czasu w\u015br\u00f3d r\u00f3wie\u015bnik\u00f3w lub z rodzicami jednocze\u015bnie nabywaj\u0105c nowych umiej\u0119tno\u015bci.Klocki konstrukcyjne zapakowane s\u0105 w efektowne, oryginalne opakowanie idealnie nadaj\u0105ce si\u0119 na prezent.Najwi\u0119kszy wyb\u00f3r klock\u00f3w oraz zabawek znajdziecie Pa\u0144stwo w sklepie Jokomisiada.<\/p>\n<h2>Jokomisiada Kreatywne Klocki 151 Ele. Wkr\u0119tarka Mozaika Za2516 Jokomisiada<\/h2>\n<p>szymon znaczenie imiona, oryginalny prezent na roczek dla dziewczynki, pokemon kolorowanki do druku, desery dla dzieci, co na roczek dla dziewczynki, jaki prezent na roczek, dzie\u0144 mamy sentencje, zaproszenie na urodziny dziecka do druku, ozdoby \u015bwi\u0105teczne z rolek po papierze toaletowym, pawe\u0142, platformy edukacyjne dla dzieci, quiz znaki drogowe<\/p>\n<p>yyyyy<\/p>\n<p>&nbsp;<\/p>\n","protected":false},"excerpt":{"rendered":"<p>Kreatywne, wielocz\u0119\u015bciowe klocki dla m\u0142odych konstruktor\u00f3w. Rewelacyjny 151 elementowy zestaw pozwoli ka\u017cdemu zbudowa\u0107 niesamowite obrazki. Potrzebna jest ch\u0119\u0107, zapa\u0142 i wyobra\u017ania bez ogranicze\u0144. Podstaw\u0105 konstrukcji jest system dziurek i otwor\u00f3w umieszczonych w panelu konstrukcyjnym, do kt\u00f3rego dokr\u0119camy r\u00f3\u017cne elementy kwadratowe, okr\u0105g\u0142e i tr\u00f3jk\u0105tne tworz\u0105c r\u00f3\u017cne przedmioty, postaci itp. Kreatywne klocki pozwol\u0105 na rozwini\u0119cie wyobra\u017ani przestrzennej, [&hellip;]<\/p>\n","protected":false},"featured_media":12062,"comment_status":"closed","ping_status":"open","template":"","meta":[],"product_cat":[131,113],"product_tag":[626,753,684,693,779],"class_list":["post-12061","product","type-product","status-publish","has-post-thumbnail","hentry","product_cat-jokomisiada","product_cat-klocki","product_tag-jacek","product_tag-kamila","product_tag-prezent-dla-dziewczynki-na-roczek","product_tag-zagadki-dla-doroslych","product_tag-zarty-na-prima-aprilis-w-domu"],"_links":{"self":[{"href":"http:\/\/klubmamgdynia.pl\/index.php\/wp-json\/wp\/v2\/product\/12061","targetHints":{"allow":["GET"]}}],"collection":[{"href":"http:\/\/klubmamgdynia.pl\/index.php\/wp-json\/wp\/v2\/product"}],"about":[{"href":"http:\/\/klubmamgdynia.pl\/index.php\/wp-json\/wp\/v2\/types\/product"}],"replies":[{"embeddable":true,"href":"http:\/\/klubmamgdynia.pl\/index.php\/wp-json\/wp\/v2\/comments?post=12061"}],"wp:featuredmedia":[{"embeddable":true,"href":"http:\/\/klubmamgdynia.pl\/index.php\/wp-json\/wp\/v2\/media\/12062"}],"wp:attachment":[{"href":"http:\/\/klubmamgdynia.pl\/index.php\/wp-json\/wp\/v2\/media?parent=12061"}],"wp:term":[{"taxonomy":"product_cat","embeddable":true,"href":"http:\/\/klubmamgdynia.pl\/index.php\/wp-json\/wp\/v2\/product_cat?post=12061"},{"taxonomy":"product_tag","embeddable":true,"href":"http:\/\/klubmamgdynia.pl\/index.php\/wp-json\/wp\/v2\/product_tag?post=12061"}],"curies":[{"name":"wp","href":"https:\/\/api.w.org\/{rel}","templated":true}]}}