{"id":12063,"date":"2024-09-07T11:32:11","date_gmt":"2024-09-07T09:32:11","guid":{"rendered":"http:\/\/klubmamgdynia.pl\/?post_type=product&#038;p=12063"},"modified":"2026-04-26T12:33:14","modified_gmt":"2026-04-26T10:33:14","slug":"joko-klocki-magnetyczne-magnastix-188el","status":"publish","type":"product","link":"http:\/\/klubmamgdynia.pl\/index.php\/produkt\/joko-klocki-magnetyczne-magnastix-188el\/","title":{"rendered":"Joko Klocki Magnetyczne Magnastix 188El."},"content":{"rendered":"<p>Pierwszy Magiczny telefonik dla maluszka ZA0810SKLEP STACJONARNY: Krak\u00f3w, ul. Ofiar D\u0105bia 4Czynne od poniedzia\u0142ku do pi\u0105tku od 9:00 do 17:00, sobota: 9:00 do 12:00, niedziela (zadzwo\u0144 aby um\u00f3wi\u0107 si\u0119 po odbi\u00f3r towaru).Po wcze\u015bniejszym kontakcie telefonicznym odbi\u00f3r towaru mo\u017cliwy jest do 21:00.Zadzwo\u0144 i spytaj czy Tw\u00f3j towar jest gotowy do odbioru.Wysy\u0142amy te\u017c towar za pobraniem tzn. p\u0142aci si\u0119 kurierowi przy dostawie.Koszt wysy\u0142ki to od 10 do 20z\u0142 w zale\u017cno\u015bci od wielko\u015bci towaru.Mo\u017cliwy jest te\u017c odbi\u00f3r osobisty w KRAKOWIE:ul. Ofiar D\u0105bia 4 (Sklep z pojazdami na akumulator)KLOCKI MAGNETYCZNE UCZ\u0104 NAJM\u0141ODSZYCH TW\u00d3RCZEGO MY\u015aLENIA.DZI\u0118KI SILNYM MAGNETYCZNYM Z\u0141\u0104CZOM POSIADAJ\u0104 DOWOLN\u0104 MO\u017bLIWO\u015a\u0106 TWORZENIA: MO\u017bNA Z NICH BUDOWA\u0106 TR\u00d3JWYMIAROWE MOSTY, POJAZDY CZY ROBOTY.KLOCKI S\u0104 R\u00d3WNIE\u017b \u015aWIETNYM ATRYBUTEM NAUKOWYM: MO\u017bNA Z NICH TWORZY\u0106 WZORY CHEMICZNE, FIZYCZNE ORAZ MATEMATYCZNE.FANTASTYCZNA ROZRYWKA ZAPEWNIONA!Klocki posiadaj\u0105 bardzo mocne magnesy, kt\u00f3re utrzymaj\u0105 ka\u017cd\u0105 budowl\u0119 stworzon\u0105 przez dzieci.Klocki magnetyczne to idealny gad\u017cet edukacyjny.Dzi\u0119ki zabawie klockami, dzieci \u0107wicz\u0105 tw\u00f3rcze my\u015blenie i zdolno\u015bci manualne.S\u0105 to \u015bwietne \u0107wiczenia na koncentracj\u0119, cierpliwo\u015b\u0107 oraz koordynacj\u0119 ruchow\u0105.Do zestawu do\u0142\u0105czona jest ksi\u0105\u017ceczka z pomys\u0142ami.ZESTAW ZAWIERA 188 element\u00f3w:120 pa\u0142eczek o d\u0142. 2,5 cm w kolorach: czerwonym, zielonym, \u017c\u00f3\u0142tym, niebieskim oraz bia\u0142ym.68 niklowanych kulek o \u015brednicy 1 cmKlocki s\u0105 kompatybilne, mo\u017cna je \u0142\u0105czy\u0107 z produktami marki Geomag (magnetic world).Zapakowane w \u0142adne pude\u0142ko, stanowi\u0105 idealny pomys\u0142 na prezent.DODATKOWE INFORMACJE:certyfikat: CEwiek: 3 +wymiar opakowania: 37 x 23 x 5 cmwaga: ok. 1 kgp\u0142e\u0107: dziewczynka, ch\u0142opiec, uniseks<\/p>\n<h2>Joko Klocki Magnetyczne Magnastix 188El. Jokomisiada<\/h2>\n<p>zagadki dla 8 latka, wroclaw atrakcje dla dzieci, Keyword, zagadka logiczna dla dzieci, zagadki na inteligencje, prima aprilis zarty, znaczenia imienia alicja, zagadki o zawodach, wzory zaprosze\u0144 zaproszenie na urodziny do druku pdf, \u015bmieszne zagadki, prezent dla 16 latki, \u0142\u00f3d\u017a atrakcje dla dzieci, jednoro\u017cec kolorowanka do druku, anastazja imi\u0119, andrea<\/p>\n<p>yyyyy<\/p>\n<p>&nbsp;<\/p>\n","protected":false},"excerpt":{"rendered":"<p>Pierwszy Magiczny telefonik dla maluszka ZA0810SKLEP STACJONARNY: Krak\u00f3w, ul. Ofiar D\u0105bia 4Czynne od poniedzia\u0142ku do pi\u0105tku od 9:00 do 17:00, sobota: 9:00 do 12:00, niedziela (zadzwo\u0144 aby um\u00f3wi\u0107 si\u0119 po odbi\u00f3r towaru).Po wcze\u015bniejszym kontakcie telefonicznym odbi\u00f3r towaru mo\u017cliwy jest do 21:00.Zadzwo\u0144 i spytaj czy Tw\u00f3j towar jest gotowy do odbioru.Wysy\u0142amy te\u017c towar za pobraniem tzn. [&hellip;]<\/p>\n","protected":false},"featured_media":12064,"comment_status":"closed","ping_status":"open","template":"","meta":[],"product_cat":[131,113],"product_tag":[740,727,798,783,872],"class_list":["post-12063","product","type-product","status-publish","has-post-thumbnail","hentry","product_cat-jokomisiada","product_cat-klocki","product_tag-fajne-prezenty-dla-nastolatkow","product_tag-godlo-polski-do-druku","product_tag-prezenty-dla-nastolatki","product_tag-prezenty-na-roczek-dla-chlopca","product_tag-zagadki-dla-dzieci-6-lat"],"_links":{"self":[{"href":"http:\/\/klubmamgdynia.pl\/index.php\/wp-json\/wp\/v2\/product\/12063","targetHints":{"allow":["GET"]}}],"collection":[{"href":"http:\/\/klubmamgdynia.pl\/index.php\/wp-json\/wp\/v2\/product"}],"about":[{"href":"http:\/\/klubmamgdynia.pl\/index.php\/wp-json\/wp\/v2\/types\/product"}],"replies":[{"embeddable":true,"href":"http:\/\/klubmamgdynia.pl\/index.php\/wp-json\/wp\/v2\/comments?post=12063"}],"wp:featuredmedia":[{"embeddable":true,"href":"http:\/\/klubmamgdynia.pl\/index.php\/wp-json\/wp\/v2\/media\/12064"}],"wp:attachment":[{"href":"http:\/\/klubmamgdynia.pl\/index.php\/wp-json\/wp\/v2\/media?parent=12063"}],"wp:term":[{"taxonomy":"product_cat","embeddable":true,"href":"http:\/\/klubmamgdynia.pl\/index.php\/wp-json\/wp\/v2\/product_cat?post=12063"},{"taxonomy":"product_tag","embeddable":true,"href":"http:\/\/klubmamgdynia.pl\/index.php\/wp-json\/wp\/v2\/product_tag?post=12063"}],"curies":[{"name":"wp","href":"https:\/\/api.w.org\/{rel}","templated":true}]}}