{"id":12065,"date":"2022-03-31T02:08:44","date_gmt":"2022-03-31T00:08:44","guid":{"rendered":"http:\/\/klubmamgdynia.pl\/index.php\/produkt\/smoby-wozek-dla-lalek-spacerowka-swinka-peppa-250206\/"},"modified":"2026-05-17T20:46:38","modified_gmt":"2026-05-17T18:46:38","slug":"smoby-wozek-dla-lalek-spacerowka-swinka-peppa-250206","status":"publish","type":"product","link":"http:\/\/klubmamgdynia.pl\/index.php\/produkt\/smoby-wozek-dla-lalek-spacerowka-swinka-peppa-250206\/","title":{"rendered":"Smoby W\u00f3zek dla lalek spacer\u00f3wka \u015awinka Peppa (250206)"},"content":{"rendered":"<p>Smoby Peppa Spacer\u00f3wka to \u015bliczna zabawka, kt\u00f3ra ucieszy wszystkie dziewczynki. Ma\u0142e mamusie mog\u0105 zabra\u0107 swoje dzidziusie na spacer. Nowoczesny stela\u017c i dziewcz\u0119ce kolory oraz wizerunek popularnej \u015bwinki Peppy zach\u0119caj\u0105 do wcielania si\u0119 w role rodzic\u00f3w. Maluchy b\u0119d\u0105 kreowa\u0107 zabawne scenki z zycia wzi\u0119te.R\u0105czka do pchania jest wygodna i dostosowana do potrzeb bawi\u0105cych si\u0119 dzieci. Podczas wo\u017cenia lalek maluchy nie b\u0119d\u0105 mie\u0107 \u017cadnych problem\u00f3w, gdy\u017c konstrukcja jest lekka i zwrotna. Spacerowy w\u00f3zeczek b\u0119dzie spe\u0142nieniem marze\u0144 wszystkich ma\u0142ych ksi\u0119\u017cniczek, kt\u00f3re uwielbiaj\u0105 bawi\u0107 si\u0119 lalkami. Zabawka zach\u0119ca do ruchu i spacerowania po podw\u00f3rku. Spacer\u00f3wka dla lalek wygl\u0105da jak prawdziwy, funkcjonalny w\u00f3zek dla bobas\u00f3w.Zalety:\u2022 Dziewcz\u0119cy kolor oraz przyjemna grafika zach\u0119caj\u0105 do zabawy;\u2022 W\u00f3zek spe\u0142ni oczekiwania ma\u0142ych mam;\u2022 Nowoczesny wygl\u0105d spacer\u00f3wki i prosta konstrukcja;\u2022 Zabawkowy w\u00f3zeczek motywuje dzieci do aktywnej zabawy na \u015bwie\u017cym powietrzu;\u2022 W\u00f3zek Smoby jest stabilny i wytrzyma\u0142y;\u2022 Ozdobny wizerunek \u015awinki Peppy.W zestawie:\u2022 W\u00f3zek dla lalek od Smoby.Cechy:\u2022 Wiek dziecka: od 18 miesi\u0119cy;\u2022 Przeznaczona dla lalek do 42 cm.<\/p>\n<h2>Smoby W\u00f3zek dla lalek spacer\u00f3wka \u015awinka Peppa (250206) Smoby<\/h2>\n<p>jaki prezent na roczek dla dziewczynki, ida swieta wielkanocne ida swieta, kwiatek kwiaty do druku szablony, dyplomy do wydrukowania a4, wroc\u0142aw i okolice atrakcje, kotki do druku, wzruszaj\u0105ce s\u0142owa dla przyjaci\u00f3\u0142ki, otto, m\u0105dre bajki dla dzieci do czytania, iwo imie, test z lektury kajko i kokosz, kolorowanka lego friends, zagadki \u015bmieszne z odpowiedziami, imiona \u017ce\u0144skie nietypowe, podchwytliwe zagadki na inteligencj\u0119<\/p>\n<p>yyyyy<\/p>\n<p>&nbsp;<\/p>\n","protected":false},"excerpt":{"rendered":"<p>Smoby Peppa Spacer\u00f3wka to \u015bliczna zabawka, kt\u00f3ra ucieszy wszystkie dziewczynki. Ma\u0142e mamusie mog\u0105 zabra\u0107 swoje dzidziusie na spacer. Nowoczesny stela\u017c i dziewcz\u0119ce kolory oraz wizerunek popularnej \u015bwinki Peppy zach\u0119caj\u0105 do wcielania si\u0119 w role rodzic\u00f3w. Maluchy b\u0119d\u0105 kreowa\u0107 zabawne scenki z zycia wzi\u0119te.R\u0105czka do pchania jest wygodna i dostosowana do potrzeb bawi\u0105cych si\u0119 dzieci. Podczas [&hellip;]<\/p>\n","protected":false},"featured_media":12066,"comment_status":"closed","ping_status":"open","template":"","meta":[],"product_cat":[556,1098],"product_tag":[817,645,857,649,634],"class_list":["post-12065","product","type-product","status-publish","has-post-thumbnail","hentry","product_cat-smoby","product_cat-wozki-dla-lalek","product_tag-bajka-terapeutyczna-o-emocjach","product_tag-latwe-zagadki","product_tag-zagadki-dla-dzieci-7-8-lat","product_tag-zagadki-dla-nastolatkow","product_tag-zagadki-wielkanocne-dla-dzieci"],"_links":{"self":[{"href":"http:\/\/klubmamgdynia.pl\/index.php\/wp-json\/wp\/v2\/product\/12065","targetHints":{"allow":["GET"]}}],"collection":[{"href":"http:\/\/klubmamgdynia.pl\/index.php\/wp-json\/wp\/v2\/product"}],"about":[{"href":"http:\/\/klubmamgdynia.pl\/index.php\/wp-json\/wp\/v2\/types\/product"}],"replies":[{"embeddable":true,"href":"http:\/\/klubmamgdynia.pl\/index.php\/wp-json\/wp\/v2\/comments?post=12065"}],"wp:featuredmedia":[{"embeddable":true,"href":"http:\/\/klubmamgdynia.pl\/index.php\/wp-json\/wp\/v2\/media\/12066"}],"wp:attachment":[{"href":"http:\/\/klubmamgdynia.pl\/index.php\/wp-json\/wp\/v2\/media?parent=12065"}],"wp:term":[{"taxonomy":"product_cat","embeddable":true,"href":"http:\/\/klubmamgdynia.pl\/index.php\/wp-json\/wp\/v2\/product_cat?post=12065"},{"taxonomy":"product_tag","embeddable":true,"href":"http:\/\/klubmamgdynia.pl\/index.php\/wp-json\/wp\/v2\/product_tag?post=12065"}],"curies":[{"name":"wp","href":"https:\/\/api.w.org\/{rel}","templated":true}]}}