{"id":12069,"date":"2017-07-25T00:09:36","date_gmt":"2017-07-24T22:09:36","guid":{"rendered":"http:\/\/klubmamgdynia.pl\/index.php\/produkt\/pojemnik-ze-szklem-na-owady\/"},"modified":"2026-04-24T05:23:48","modified_gmt":"2026-04-24T03:23:48","slug":"pojemnik-ze-szklem-na-owady","status":"publish","type":"product","link":"http:\/\/klubmamgdynia.pl\/index.php\/produkt\/pojemnik-ze-szklem-na-owady\/","title":{"rendered":"Pojemnik Ze Szk\u0142em Na Owady"},"content":{"rendered":"<h2>Pojemnik Ze Szk\u0142em Na Owady Mz<\/h2>\n<p>kaczuszka, platformy edukacyjne dla dzieci, nauka pisania literek do wydruku pdf, lol surprise kolorowanka, aurelia, piosenka na dzie\u0144 nauczyciela przedszkole, jak narysowa\u0107 sanie miko\u0142aja, kawaly na prima aprilis, zagadki matematyczne logiczne, prezenty dla 15 latki, kolorowanki do wydrukowania, kontynenty dla dzieci do druku, kolorowanki spongebob, gda\u0144sk atrakcje dla m\u0142odzie\u017cy, zagadki dla dzieci 9 10 lat z odpowiedziami, trudne zagadki matematyczne<\/p>\n<p>yyyyy<\/p>\n<p>&nbsp;<\/p>\n","protected":false},"excerpt":{"rendered":"<p>Pojemnik Ze Szk\u0142em Na Owady Mz kaczuszka, platformy edukacyjne dla dzieci, nauka pisania literek do wydruku pdf, lol surprise kolorowanka, aurelia, piosenka na dzie\u0144 nauczyciela przedszkole, jak narysowa\u0107 sanie miko\u0142aja, kawaly na prima aprilis, zagadki matematyczne logiczne, prezenty dla 15 latki, kolorowanki do wydrukowania, kontynenty dla dzieci do druku, kolorowanki spongebob, gda\u0144sk atrakcje dla m\u0142odzie\u017cy, [&hellip;]<\/p>\n","protected":false},"featured_media":12070,"comment_status":"closed","ping_status":"open","template":"","meta":[],"product_cat":[555,1177],"product_tag":[758,815,614,868],"class_list":["post-12069","product","type-product","status-publish","has-post-thumbnail","hentry","product_cat-dzieciece-akcesoria-dekoracyjne","product_cat-mz","product_tag-julian","product_tag-ozdoby-choinkowe-dla-dzieci","product_tag-pia","product_tag-quizy-dla-dzieci"],"_links":{"self":[{"href":"http:\/\/klubmamgdynia.pl\/index.php\/wp-json\/wp\/v2\/product\/12069","targetHints":{"allow":["GET"]}}],"collection":[{"href":"http:\/\/klubmamgdynia.pl\/index.php\/wp-json\/wp\/v2\/product"}],"about":[{"href":"http:\/\/klubmamgdynia.pl\/index.php\/wp-json\/wp\/v2\/types\/product"}],"replies":[{"embeddable":true,"href":"http:\/\/klubmamgdynia.pl\/index.php\/wp-json\/wp\/v2\/comments?post=12069"}],"wp:featuredmedia":[{"embeddable":true,"href":"http:\/\/klubmamgdynia.pl\/index.php\/wp-json\/wp\/v2\/media\/12070"}],"wp:attachment":[{"href":"http:\/\/klubmamgdynia.pl\/index.php\/wp-json\/wp\/v2\/media?parent=12069"}],"wp:term":[{"taxonomy":"product_cat","embeddable":true,"href":"http:\/\/klubmamgdynia.pl\/index.php\/wp-json\/wp\/v2\/product_cat?post=12069"},{"taxonomy":"product_tag","embeddable":true,"href":"http:\/\/klubmamgdynia.pl\/index.php\/wp-json\/wp\/v2\/product_tag?post=12069"}],"curies":[{"name":"wp","href":"https:\/\/api.w.org\/{rel}","templated":true}]}}