{"id":12071,"date":"2020-12-12T15:23:49","date_gmt":"2020-12-12T14:23:49","guid":{"rendered":"http:\/\/klubmamgdynia.pl\/index.php\/produkt\/drabinka-do-zabawy-dla-chomika-tx-6274\/"},"modified":"2026-04-26T21:22:56","modified_gmt":"2026-04-26T19:22:56","slug":"drabinka-do-zabawy-dla-chomika-tx-6274","status":"publish","type":"product","link":"http:\/\/klubmamgdynia.pl\/index.php\/produkt\/drabinka-do-zabawy-dla-chomika-tx-6274\/","title":{"rendered":"Drabinka Do Zabawy Dla Chomika (Tx-6274)"},"content":{"rendered":"<p>Drabinka przeznaczona dla chomik\u00f3w i myszek pozwoli przekszta\u0142ci\u0107 lokum ma\u0142ego ulubie\u0144ca w centrum szalonej przygody. Produkt sk\u0142ada si\u0119 z czterech element\u00f3w: g\u0142\u00f3wnej drabinki, podczepionej ruchomej drabinki, sznurka oraz okr\u0119gu z kostk\u0105. Tego typu akcesoria dla chomika marki Trixie to \u015bwietna alternatywa dla tradycyjnych gad\u017cet\u00f3w, kt\u00f3ra pozwoli urozmaici\u0107 otoczenie zwierzaka.Drabinka zosta\u0142a wykonana z wysokiej jako\u015bci materia\u0142\u00f3w, kt\u00f3re s\u0105 wytrzyma\u0142e, odporne, a jednocze\u015bnie lekkie. Akcesoria dla chomika marki Trixie mo\u017cna bez problemu zamocowa\u0107 do pr\u0119t\u00f3w klatki czy terrarium. Produkt wyposa\u017cony jest w haczyki, kt\u00f3re pozwalaj\u0105 umocowa\u0107 zabawk\u0119.Zabawka jest w 100% bezpieczny dla zwierz\u0105t.Wymiary: 29 \u00d7 25 \u00d7 9 cm<\/p>\n<h2>Drabinka Do Zabawy Dla Chomika (Tx-6274) Trixie<\/h2>\n<p>paula znaczenie imienia, co kupic na roczek, kolorowanki disney, miriam imie, piosenka na dzie\u0144 mamy tekst, quiz o flagach, z\u0142ote my\u015bli kubu\u015b puchatek cytaty, zagadki dla doros\u0142ych, trudne zagadki na inteligencje, kolorowanki winx, prezent na roczek, kolorowanki do druku konie<\/p>\n<p>yyyyy<\/p>\n<p>&nbsp;<\/p>\n","protected":false},"excerpt":{"rendered":"<p>Drabinka przeznaczona dla chomik\u00f3w i myszek pozwoli przekszta\u0142ci\u0107 lokum ma\u0142ego ulubie\u0144ca w centrum szalonej przygody. Produkt sk\u0142ada si\u0119 z czterech element\u00f3w: g\u0142\u00f3wnej drabinki, podczepionej ruchomej drabinki, sznurka oraz okr\u0119gu z kostk\u0105. Tego typu akcesoria dla chomika marki Trixie to \u015bwietna alternatywa dla tradycyjnych gad\u017cet\u00f3w, kt\u00f3ra pozwoli urozmaici\u0107 otoczenie zwierzaka.Drabinka zosta\u0142a wykonana z wysokiej jako\u015bci materia\u0142\u00f3w, [&hellip;]<\/p>\n","protected":false},"featured_media":12072,"comment_status":"closed","ping_status":"open","template":"","meta":[],"product_cat":[887,43],"product_tag":[806,876,770,606,588,756],"class_list":["post-12071","product","type-product","status-publish","has-post-thumbnail","hentry","product_cat-klatki-dla-malych-zwierzat","product_cat-trixie","product_tag-prezent-dla-dziecka-na-roczek","product_tag-przyjazn","product_tag-samolot-z-papieru","product_tag-stala-pod-sniegiem","product_tag-wzruszajace-slowa-dla-przyjaciela","product_tag-zaproszenie-na-urodziny-do-druku"],"_links":{"self":[{"href":"http:\/\/klubmamgdynia.pl\/index.php\/wp-json\/wp\/v2\/product\/12071","targetHints":{"allow":["GET"]}}],"collection":[{"href":"http:\/\/klubmamgdynia.pl\/index.php\/wp-json\/wp\/v2\/product"}],"about":[{"href":"http:\/\/klubmamgdynia.pl\/index.php\/wp-json\/wp\/v2\/types\/product"}],"replies":[{"embeddable":true,"href":"http:\/\/klubmamgdynia.pl\/index.php\/wp-json\/wp\/v2\/comments?post=12071"}],"wp:featuredmedia":[{"embeddable":true,"href":"http:\/\/klubmamgdynia.pl\/index.php\/wp-json\/wp\/v2\/media\/12072"}],"wp:attachment":[{"href":"http:\/\/klubmamgdynia.pl\/index.php\/wp-json\/wp\/v2\/media?parent=12071"}],"wp:term":[{"taxonomy":"product_cat","embeddable":true,"href":"http:\/\/klubmamgdynia.pl\/index.php\/wp-json\/wp\/v2\/product_cat?post=12071"},{"taxonomy":"product_tag","embeddable":true,"href":"http:\/\/klubmamgdynia.pl\/index.php\/wp-json\/wp\/v2\/product_tag?post=12071"}],"curies":[{"name":"wp","href":"https:\/\/api.w.org\/{rel}","templated":true}]}}