{"id":12073,"date":"2014-05-20T03:13:45","date_gmt":"2014-05-20T01:13:45","guid":{"rendered":"http:\/\/klubmamgdynia.pl\/index.php\/produkt\/milly-mally-bujak-dino-na-biegunach-4170\/"},"modified":"2026-04-05T15:37:35","modified_gmt":"2026-04-05T13:37:35","slug":"milly-mally-bujak-dino-na-biegunach-4170","status":"publish","type":"product","link":"http:\/\/klubmamgdynia.pl\/index.php\/produkt\/milly-mally-bujak-dino-na-biegunach-4170\/","title":{"rendered":"Milly Mally Bujak Dino Na Biegunach 4170"},"content":{"rendered":"<p>BUJAK DINO DINOZAUR NA BIEGUNACH &#8211; ZIELONYTen \u015bliczny i milutki dinozaur zapewni Twojemu dziecku mn\u00f3stwo \u015bwietnej zabawy.Zabawka wspomaga rozw\u00f3j dziecka oraz jego umiej\u0119tno\u015bci motoryczne.Polepsza integracj\u0119 sensoryczn\u0105 poprzez zmys\u0142 dotyku i aktywno\u015b\u0107 malucha.Na grzbiecie Dinosia znajduje si\u0119 pluszowy grzebie\u0144, kt\u00f3ry dodaje mu realizmu.Po naci\u015bni\u0119ciu pierwszego z \u201ep\u0142atk\u00f3w\u201d grzebienia dinozaur odezwie si\u0119 radosnym odg\u0142osem (funkcja muzyczna).Weso\u0142y Dinozaur, kt\u00f3ry wykonany jest z milutkiego w dotyku materia\u0142u, stanie si\u0119 ulubionym kompanem zabaw.Wszystkie elementy zosta\u0142y wykonane z najwy\u017csz\u0105 dba\u0142o\u015bci\u0105 o detale.Bujaczek zapakowany jest w estetyczny karton, dzi\u0119ki czemu idealnie nadaje si\u0119 na prezent.CHARAKTERYSTYKA:- Wykonany z najwy\u017cszej jako\u015bci materia\u0142\u00f3w- Rozwija integracj\u0119 sensoryczn\u0105 dziecka podczas dotyku.- Jest wygodny i bezpieczny- P\u0142ozy i r\u0105czki bujaczka wykonane s\u0105 ze szlifowanego i lakierowanego drewna- Funkcja d\u017awi\u0119kowa (realistyczny odg\u0142os dinozaura)- Rozwija zdolno\u015bci motoryczne oraz wyobra\u017ani\u0119 dziecka- Posiada certyfikat CE.- Instrukcja monta\u017cu.DANE TECHNICZNE:Szeroko\u015b\u0107: 30 cmWysoko\u015b\u0107: 57 cmD\u0142ugo\u015b\u0107: 80 cmWymiar p\u0142\u00f3z: 34,5 x 77 cmWysoko\u015b\u0107 do siedziska: 34 cmWysoko\u015b\u0107 od podn\u00f3\u017cka do siedziska: 28,5 cmWaga produktu: 3 kgMaksymalne obci\u0105\u017cenie: do 30 kgZASILANIE:Baterie AA &#8211; brak w zestawie.Instrukcja z u\u017cytkowania baterii w regulaminie.WYMIARY OPAKOWANIA:Wysoko\u015b\u0107: 58 cmSzeroko\u015b\u0107: 28 cmD\u0142ugo\u015b\u0107: 71 cmWAGA OPAKOWANIA:Ok. 4 kg<\/p>\n<h2>Milly Mally Bujak Dino Na Biegunach 4170 Milly Mally<\/h2>\n<p>zagadka logiczna dla dzieci, bajki na dobranoc dla dzieci, quizy dla przedszkolak\u00f3w, pi\u0119kne kr\u00f3tkie wiersze, najpi\u0119kniejsze piosenki \u015bwi\u0105teczne dla dzieci, irma, plac zabaw warszawa, szkic jak narysowa\u0107 kota, najlepsze pranki na prima aprilis, cytaty motywacyjne dla dzieci, maski karnawa\u0142owe dla dzieci szablony, kawaly na prima aprilis, babciu droga babciu tekst, upominek dla nastolatk\u00f3w, gwiazda do wydruku, trudne zagadki z odpowiedziami, bajki dla dzieci do czytania na dobranoc, imie pola<\/p>\n<p>yyyyy<\/p>\n<p>&nbsp;<\/p>\n","protected":false},"excerpt":{"rendered":"<p>BUJAK DINO DINOZAUR NA BIEGUNACH &#8211; ZIELONYTen \u015bliczny i milutki dinozaur zapewni Twojemu dziecku mn\u00f3stwo \u015bwietnej zabawy.Zabawka wspomaga rozw\u00f3j dziecka oraz jego umiej\u0119tno\u015bci motoryczne.Polepsza integracj\u0119 sensoryczn\u0105 poprzez zmys\u0142 dotyku i aktywno\u015b\u0107 malucha.Na grzbiecie Dinosia znajduje si\u0119 pluszowy grzebie\u0144, kt\u00f3ry dodaje mu realizmu.Po naci\u015bni\u0119ciu pierwszego z \u201ep\u0142atk\u00f3w\u201d grzebienia dinozaur odezwie si\u0119 radosnym odg\u0142osem (funkcja muzyczna).Weso\u0142y Dinozaur, [&hellip;]<\/p>\n","protected":false},"featured_media":12074,"comment_status":"closed","ping_status":"open","template":"","meta":[],"product_cat":[1539,1323],"product_tag":[731,769,760,701],"class_list":["post-12073","product","type-product","status-publish","has-post-thumbnail","hentry","product_cat-bujaki-i-zabawki-na-biegunach","product_cat-milly-mally","product_tag-maly-ksiaze-cytaty","product_tag-psi-patrol-do-czytania","product_tag-zagadka-matematyczna","product_tag-zgadywanki-dla-dzieci"],"_links":{"self":[{"href":"http:\/\/klubmamgdynia.pl\/index.php\/wp-json\/wp\/v2\/product\/12073","targetHints":{"allow":["GET"]}}],"collection":[{"href":"http:\/\/klubmamgdynia.pl\/index.php\/wp-json\/wp\/v2\/product"}],"about":[{"href":"http:\/\/klubmamgdynia.pl\/index.php\/wp-json\/wp\/v2\/types\/product"}],"replies":[{"embeddable":true,"href":"http:\/\/klubmamgdynia.pl\/index.php\/wp-json\/wp\/v2\/comments?post=12073"}],"wp:featuredmedia":[{"embeddable":true,"href":"http:\/\/klubmamgdynia.pl\/index.php\/wp-json\/wp\/v2\/media\/12074"}],"wp:attachment":[{"href":"http:\/\/klubmamgdynia.pl\/index.php\/wp-json\/wp\/v2\/media?parent=12073"}],"wp:term":[{"taxonomy":"product_cat","embeddable":true,"href":"http:\/\/klubmamgdynia.pl\/index.php\/wp-json\/wp\/v2\/product_cat?post=12073"},{"taxonomy":"product_tag","embeddable":true,"href":"http:\/\/klubmamgdynia.pl\/index.php\/wp-json\/wp\/v2\/product_tag?post=12073"}],"curies":[{"name":"wp","href":"https:\/\/api.w.org\/{rel}","templated":true}]}}