{"id":12077,"date":"2012-06-07T01:19:53","date_gmt":"2012-06-06T23:19:53","guid":{"rendered":"http:\/\/klubmamgdynia.pl\/index.php\/produkt\/budmat-blachodachowka-modulowa-venecja-d-matt-brazowa-venecjadmatt8017\/"},"modified":"2026-05-17T22:29:00","modified_gmt":"2026-05-17T20:29:00","slug":"budmat-blachodachowka-modulowa-venecja-d-matt-brazowa-venecjadmatt8017","status":"publish","type":"product","link":"http:\/\/klubmamgdynia.pl\/index.php\/produkt\/budmat-blachodachowka-modulowa-venecja-d-matt-brazowa-venecjadmatt8017\/","title":{"rendered":"BUDMAT BLACHODACH\u00d3WKA MODU\u0141OWA VENECJA D-MATT BR\u0104ZOWA VENECJADMATT8017"},"content":{"rendered":"<p>Blachodach\u00f3wka modu\u0142owa Venecja D-Matt br\u0105zowa<\/p>\n<h2>BUDMAT BLACHODACH\u00d3WKA MODU\u0141OWA VENECJA D-MATT BR\u0104ZOWA VENECJADMATT8017 Budmat<\/h2>\n<p>eneduerabe, pies kolorowanka, babciu droga babciu tekst, gabriela, dobrej nocy, kundel bury tekst, historia pluszowego misia dla dzieci, literki dla dzieci, malowanki do druku, \u017cyczenia wielkanocne dla dzieci kr\u00f3tkie, wr\u00f3\u017cby andrzejkowe dla dzieci zawody, konie quiz, \u015bwinka peppa do czytania, karaluchy pod poduchy a szczypawki<\/p>\n<p>yyyyy<\/p>\n<p>&nbsp;<\/p>\n","protected":false},"excerpt":{"rendered":"<p>Blachodach\u00f3wka modu\u0142owa Venecja D-Matt br\u0105zowa BUDMAT BLACHODACH\u00d3WKA MODU\u0141OWA VENECJA D-MATT BR\u0104ZOWA VENECJADMATT8017 Budmat eneduerabe, pies kolorowanka, babciu droga babciu tekst, gabriela, dobrej nocy, kundel bury tekst, historia pluszowego misia dla dzieci, literki dla dzieci, malowanki do druku, \u017cyczenia wielkanocne dla dzieci kr\u00f3tkie, wr\u00f3\u017cby andrzejkowe dla dzieci zawody, konie quiz, \u015bwinka peppa do czytania, karaluchy pod [&hellip;]<\/p>\n","protected":false},"featured_media":12078,"comment_status":"closed","ping_status":"open","template":"","meta":[],"product_cat":[2091,2092],"product_tag":[836,855,704,581,823],"class_list":["post-12077","product","type-product","status-publish","has-post-thumbnail","hentry","product_cat-budmat","product_cat-pokrycia-dachowe","product_tag-co-kupic-dziecku-na-roczek","product_tag-nietypowe-imiona-zenskie","product_tag-prezent-dla-nastolatka","product_tag-zagadki-dla-8-latka","product_tag-zagadki-dla-dzieci-7-lat"],"_links":{"self":[{"href":"http:\/\/klubmamgdynia.pl\/index.php\/wp-json\/wp\/v2\/product\/12077","targetHints":{"allow":["GET"]}}],"collection":[{"href":"http:\/\/klubmamgdynia.pl\/index.php\/wp-json\/wp\/v2\/product"}],"about":[{"href":"http:\/\/klubmamgdynia.pl\/index.php\/wp-json\/wp\/v2\/types\/product"}],"replies":[{"embeddable":true,"href":"http:\/\/klubmamgdynia.pl\/index.php\/wp-json\/wp\/v2\/comments?post=12077"}],"wp:featuredmedia":[{"embeddable":true,"href":"http:\/\/klubmamgdynia.pl\/index.php\/wp-json\/wp\/v2\/media\/12078"}],"wp:attachment":[{"href":"http:\/\/klubmamgdynia.pl\/index.php\/wp-json\/wp\/v2\/media?parent=12077"}],"wp:term":[{"taxonomy":"product_cat","embeddable":true,"href":"http:\/\/klubmamgdynia.pl\/index.php\/wp-json\/wp\/v2\/product_cat?post=12077"},{"taxonomy":"product_tag","embeddable":true,"href":"http:\/\/klubmamgdynia.pl\/index.php\/wp-json\/wp\/v2\/product_tag?post=12077"}],"curies":[{"name":"wp","href":"https:\/\/api.w.org\/{rel}","templated":true}]}}