{"id":12081,"date":"2018-02-25T08:02:26","date_gmt":"2018-02-25T07:02:26","guid":{"rendered":"http:\/\/klubmamgdynia.pl\/index.php\/produkt\/out-of-the-blue-figurka-solarna-szturmowiec-gwiezdne-wojny-tanczy\/"},"modified":"2026-05-17T22:03:44","modified_gmt":"2026-05-17T20:03:44","slug":"out-of-the-blue-figurka-solarna-szturmowiec-gwiezdne-wojny-tanczy","status":"publish","type":"product","link":"http:\/\/klubmamgdynia.pl\/index.php\/produkt\/out-of-the-blue-figurka-solarna-szturmowiec-gwiezdne-wojny-tanczy\/","title":{"rendered":"Out Of The Blue Figurka Solarna Szturmowiec Gwiezdne Wojny Ta\u0144czy"},"content":{"rendered":"<p>Figurka szturmowca, \u017co\u0142nierza z Gwiezdnych Wojen, kt\u00f3rego zadaniem by\u0142o utrzymywanie porz\u0105dku i t\u0119pienie bunt\u00f3w w Galaktyce. Figurka porusza si\u0119 jak tylko b\u0119dzie na ni\u0105 \u015bwieci\u0142o s\u0142o\u0144ce. Gracz porusza si\u0119 dzi\u0119ki umieszczonej w podstawie baterii solarnej. Figurka wykorzystuje odnawialne \u017ar\u00f3d\u0142o energii, a jej weso\u0142y ruch sprawia, \u017ce Ty masz od razu lepszy nastr\u00f3j. Gad\u017cet w skr\u00f3cie: &#8211; figurka szturmowiec &#8211; posta\u0107 fikcyjna z sagi Gwiezdne Wojny (Star Wars) &#8211; produkt na licencji &#8211; w podstawie figurki znajduje si\u0119 panel solarny, kt\u00f3ry, je\u015bli pada na niego s\u0142o\u0144ce, wprawia j\u0105 w weso\u0142y taniec &#8211; figurka na pewno roz\u015bmieszy ka\u017cdego &#8211; wysoko\u015b\u0107 figurki 10 cm, razem z podstaw\u0105 oko\u0142o 13 cm &#8211; pakowanie w przezroczyste pude\u0142eczko z okienkiem &#8211; super figurka solarna do twojej kolekcji Wymiary produktu: 13,5 x 8 x 8 cm Waga produktu: 0,08 kg<\/p>\n<h2>Out Of The Blue Figurka Solarna Szturmowiec Gwiezdne Wojny Ta\u0144czy Disney<\/h2>\n<p>pomys\u0142y na prezent na roczek, kolorowanka do druku lol, zagadki o zimie, prezent dla nastolatk\u00f3w na \u015bwi\u0119ta<\/p>\n<p>yyyyy<\/p>\n<p>&nbsp;<\/p>\n","protected":false},"excerpt":{"rendered":"<p>Figurka szturmowca, \u017co\u0142nierza z Gwiezdnych Wojen, kt\u00f3rego zadaniem by\u0142o utrzymywanie porz\u0105dku i t\u0119pienie bunt\u00f3w w Galaktyce. Figurka porusza si\u0119 jak tylko b\u0119dzie na ni\u0105 \u015bwieci\u0142o s\u0142o\u0144ce. Gracz porusza si\u0119 dzi\u0119ki umieszczonej w podstawie baterii solarnej. Figurka wykorzystuje odnawialne \u017ar\u00f3d\u0142o energii, a jej weso\u0142y ruch sprawia, \u017ce Ty masz od razu lepszy nastr\u00f3j. Gad\u017cet w skr\u00f3cie: [&hellip;]<\/p>\n","protected":false},"featured_media":12082,"comment_status":"closed","ping_status":"open","template":"","meta":[],"product_cat":[275,482],"product_tag":[790,789,684,774,840,860],"class_list":["post-12081","product","type-product","status-publish","has-post-thumbnail","hentry","product_cat-disney","product_cat-gadzety","product_tag-gry-planszowe-dla-nastolatkow","product_tag-kaczuszka","product_tag-prezent-dla-dziewczynki-na-roczek","product_tag-prezent-na-roczek-nie-zabawka","product_tag-stare-bajki","product_tag-zagadki-logiczne-dla-doroslych"],"_links":{"self":[{"href":"http:\/\/klubmamgdynia.pl\/index.php\/wp-json\/wp\/v2\/product\/12081","targetHints":{"allow":["GET"]}}],"collection":[{"href":"http:\/\/klubmamgdynia.pl\/index.php\/wp-json\/wp\/v2\/product"}],"about":[{"href":"http:\/\/klubmamgdynia.pl\/index.php\/wp-json\/wp\/v2\/types\/product"}],"replies":[{"embeddable":true,"href":"http:\/\/klubmamgdynia.pl\/index.php\/wp-json\/wp\/v2\/comments?post=12081"}],"wp:featuredmedia":[{"embeddable":true,"href":"http:\/\/klubmamgdynia.pl\/index.php\/wp-json\/wp\/v2\/media\/12082"}],"wp:attachment":[{"href":"http:\/\/klubmamgdynia.pl\/index.php\/wp-json\/wp\/v2\/media?parent=12081"}],"wp:term":[{"taxonomy":"product_cat","embeddable":true,"href":"http:\/\/klubmamgdynia.pl\/index.php\/wp-json\/wp\/v2\/product_cat?post=12081"},{"taxonomy":"product_tag","embeddable":true,"href":"http:\/\/klubmamgdynia.pl\/index.php\/wp-json\/wp\/v2\/product_tag?post=12081"}],"curies":[{"name":"wp","href":"https:\/\/api.w.org\/{rel}","templated":true}]}}