{"id":12083,"date":"2023-01-23T03:29:02","date_gmt":"2023-01-23T02:29:02","guid":{"rendered":"http:\/\/klubmamgdynia.pl\/?post_type=product&#038;p=12083"},"modified":"2026-04-10T10:06:40","modified_gmt":"2026-04-10T08:06:40","slug":"victron-energy-ladowarka-phoenix-smart-ip43-1230-3-psc123053085","status":"publish","type":"product","link":"http:\/\/klubmamgdynia.pl\/index.php\/produkt\/victron-energy-ladowarka-phoenix-smart-ip43-1230-3-psc123053085\/","title":{"rendered":"Victron Energy \u0141adowarka Phoenix Smart IP43, 1230 3 PSC123053085"},"content":{"rendered":"<p>\u0141adowarka Phoenix Smart IP43 12\/30 (3) Ta opracowana z my\u015bl\u0105 o w\u0142a\u015bcicielach \u0142odzi adaptacyjna 5-stopniowa \u0142adowarka mo\u017ce dostarczy\u0107 30A lub 50A pr\u0105du do ka\u017cdego z trzech zespo\u0142\u00f3w akumulator\u00f3w. Model Phoenix 1+1 mo\u017ce dostarczy\u0107 3A do akumulatora rozruchowego, a reszt\u0119 do zespo\u0142u \u201edomowego\u201d. Modele 24-voltowe dost\u0119pne s\u0105 z \u0142adunkiem 16A\/25A. \u0141adowarka wyposa\u017cona jest w Bluetooth, zatem mo\u017cna j\u0105 monitorowa\u0107 i ustawia\u0107 alarmy wprost z telefonu. Adaptacyjne, inteligentne i dynamiczne funkcje \u0142adowania &#8211; patrz poni\u017cszy arkusz danych. Phoenix Smart (1+1): dwa wyj\u015bcia do \u0142adowania 2 zespo\u0142\u00f3w akumulator\u00f3w Drugie wyj\u015bcie, z ograniczeniem do oko\u0142o 3A i o nieco mniejszym napi\u0119ciu wyj\u015bciowym, przeznaczone jest do \u0142adowania akumulatora rozruchowego. Phoenix Smart (3): trzy wyj\u015bcia pe\u0142nopr\u0105dowe do \u0142adowania 3 zespo\u0142\u00f3w akumulator\u00f3w Ka\u017cde wyj\u015bcie mo\u017ce zapewni\u0107 pe\u0142ny znamionowy pr\u0105d wyj\u015bciowy, lecz \u0142\u0105czny pr\u0105d wyj\u015bciowy wszystkich 3 wyj\u015b\u0107 razem nigdy nie mo\u017ce przekroczy\u0107 warto\u015bci znamionowej pr\u0105du \u0142adowarki.<\/p>\n<h2>Victron Energy \u0141adowarka Phoenix Smart IP43, 1230 3 PSC123053085 Victron Energy<\/h2>\n<p>trudne zagadki logiczne z odpowiedziami, logiczne zagadki, plecak torba i walizka, \u0142atwe laurki, wiersze o wakacjach, quiz kajko i kokosz szko\u0142a latania, m\u00f3j przyjaciel mi\u015b scenariusz zaj\u0119\u0107 w przedszkolu, daria imie, starodawne \u017cyczenia bo\u017conarodzeniowe, andrea, zagadki dla dzieci 9-10 lat z odpowiedziami, cytaty o rodzinie i dzieciach, lilianna, tekst ko\u0142ysanki<\/p>\n<p>yyyyy<\/p>\n<p>&nbsp;<\/p>\n","protected":false},"excerpt":{"rendered":"<p>\u0141adowarka Phoenix Smart IP43 12\/30 (3) Ta opracowana z my\u015bl\u0105 o w\u0142a\u015bcicielach \u0142odzi adaptacyjna 5-stopniowa \u0142adowarka mo\u017ce dostarczy\u0107 30A lub 50A pr\u0105du do ka\u017cdego z trzech zespo\u0142\u00f3w akumulator\u00f3w. Model Phoenix 1+1 mo\u017ce dostarczy\u0107 3A do akumulatora rozruchowego, a reszt\u0119 do zespo\u0142u \u201edomowego\u201d. Modele 24-voltowe dost\u0119pne s\u0105 z \u0142adunkiem 16A\/25A. \u0141adowarka wyposa\u017cona jest w Bluetooth, zatem [&hellip;]<\/p>\n","protected":false},"featured_media":12084,"comment_status":"closed","ping_status":"open","template":"","meta":[],"product_cat":[2090,2093],"product_tag":[578,851,876,587,800],"class_list":["post-12083","product","type-product","status-publish","has-post-thumbnail","hentry","product_cat-ladowarki-akumulatory-i-zasilacze","product_cat-victron-energy","product_tag-fajne-zarty-na-prima-aprilis","product_tag-jak-narysowac-kota","product_tag-przyjazn","product_tag-skalne-miasto","product_tag-zagadki-smieszne"],"_links":{"self":[{"href":"http:\/\/klubmamgdynia.pl\/index.php\/wp-json\/wp\/v2\/product\/12083","targetHints":{"allow":["GET"]}}],"collection":[{"href":"http:\/\/klubmamgdynia.pl\/index.php\/wp-json\/wp\/v2\/product"}],"about":[{"href":"http:\/\/klubmamgdynia.pl\/index.php\/wp-json\/wp\/v2\/types\/product"}],"replies":[{"embeddable":true,"href":"http:\/\/klubmamgdynia.pl\/index.php\/wp-json\/wp\/v2\/comments?post=12083"}],"wp:featuredmedia":[{"embeddable":true,"href":"http:\/\/klubmamgdynia.pl\/index.php\/wp-json\/wp\/v2\/media\/12084"}],"wp:attachment":[{"href":"http:\/\/klubmamgdynia.pl\/index.php\/wp-json\/wp\/v2\/media?parent=12083"}],"wp:term":[{"taxonomy":"product_cat","embeddable":true,"href":"http:\/\/klubmamgdynia.pl\/index.php\/wp-json\/wp\/v2\/product_cat?post=12083"},{"taxonomy":"product_tag","embeddable":true,"href":"http:\/\/klubmamgdynia.pl\/index.php\/wp-json\/wp\/v2\/product_tag?post=12083"}],"curies":[{"name":"wp","href":"https:\/\/api.w.org\/{rel}","templated":true}]}}