{"id":12085,"date":"2011-09-30T15:57:37","date_gmt":"2011-09-30T13:57:37","guid":{"rendered":"http:\/\/klubmamgdynia.pl\/index.php\/produkt\/domidor-next-5-6-d-80-prawe-bialy\/"},"modified":"2026-05-17T21:39:32","modified_gmt":"2026-05-17T19:39:32","slug":"domidor-next-5-6-d-80-prawe-bialy","status":"publish","type":"product","link":"http:\/\/klubmamgdynia.pl\/index.php\/produkt\/domidor-next-5-6-d-80-prawe-bialy\/","title":{"rendered":"Domidor Next 5.6.D 80 Prawe Bia\u0142y"},"content":{"rendered":"<p>Skrzyd\u0142o drzwiowe Next 5.6.D wyr\u00f3\u017cnia si\u0119 nowoczesnym wzornictwem i estetycznym wyko\u0144czeniem. Design drzwi pokojowych jest na tyle uniwersalny, \u017ce stanowi\u0105 one znakomit\u0105 propozycj\u0119 zar\u00f3wno do mieszka\u0144 urz\u0105dzonych w stylu klasycznym, jak i nowoczesnym. Skrzyd\u0142o pokojowe Next nadaje si\u0119 do zamontowania w kuchni, w salonie, w gabinecie i w pokoju m\u0142odzie\u017cowym. Drzwi pokojowe Next umo\u017cliwiaj\u0105 w spos\u00f3b funkcjonalny i jednocze\u015bnie elegancki podzielenie przestrzeni w domu.Estetyk\u0119 drzwi dodatkowo podnosi odcie\u0144 klasycznej bieli oraz wykonane ze szk\u0142a hartowanego efektowne przeszklenia. Drzwi pokojowe Next s\u0105 wyko\u0144czone wytrzyma\u0142\u0105 na uszkodzenia oraz zarysowania oklein\u0105 i \u0142atwo jest je utrzyma\u0107 w czysto\u015bci.Bia\u0142e drzwi pokojowe posiadaj\u0105 wytrzyma\u0142y ramiak z p\u0142yty MDF, dzi\u0119ki czemu skrzyd\u0142o ma solidn\u0105 i odporn\u0105 na odkszta\u0142cenia konstrukcj\u0119. W zestawie znajduj\u0105 si\u0119 zamek na klucz oraz trzy zawiasy czopowe. Monta\u017c skrzyd\u0142a pokojowego Next jest na tyle prosty, \u017ce mo\u017cna go wykona\u0107 we w\u0142asnym zakresie.<\/p>\n<h2>Domidor Next 5.6.D 80 Prawe Bia\u0142y Domidor<\/h2>\n<p>mira imie, litera r do druku, wzory zaprosze\u0144 zaproszenie na urodziny do druku pdf, dziwne zagadki, mia\u0142a baba koguta tekst<\/p>\n<p>yyyyy<\/p>\n<p>&nbsp;<\/p>\n","protected":false},"excerpt":{"rendered":"<p>Skrzyd\u0142o drzwiowe Next 5.6.D wyr\u00f3\u017cnia si\u0119 nowoczesnym wzornictwem i estetycznym wyko\u0144czeniem. Design drzwi pokojowych jest na tyle uniwersalny, \u017ce stanowi\u0105 one znakomit\u0105 propozycj\u0119 zar\u00f3wno do mieszka\u0144 urz\u0105dzonych w stylu klasycznym, jak i nowoczesnym. Skrzyd\u0142o pokojowe Next nadaje si\u0119 do zamontowania w kuchni, w salonie, w gabinecie i w pokoju m\u0142odzie\u017cowym. Drzwi pokojowe Next umo\u017cliwiaj\u0105 w [&hellip;]<\/p>\n","protected":false},"featured_media":12086,"comment_status":"closed","ping_status":"open","template":"","meta":[],"product_cat":[2094,2095],"product_tag":[707,645,782,793],"class_list":["post-12085","product","type-product","status-publish","has-post-thumbnail","hentry","product_cat-domidor","product_cat-drzwi-wewnetrzne","product_tag-karty-pracy-dla-dzieci-z-ukrainy","product_tag-latwe-zagadki","product_tag-zagadki-dla-dzieci-z-odpowiedziami","product_tag-zagadki-smieszne-podchwytliwe"],"_links":{"self":[{"href":"http:\/\/klubmamgdynia.pl\/index.php\/wp-json\/wp\/v2\/product\/12085","targetHints":{"allow":["GET"]}}],"collection":[{"href":"http:\/\/klubmamgdynia.pl\/index.php\/wp-json\/wp\/v2\/product"}],"about":[{"href":"http:\/\/klubmamgdynia.pl\/index.php\/wp-json\/wp\/v2\/types\/product"}],"replies":[{"embeddable":true,"href":"http:\/\/klubmamgdynia.pl\/index.php\/wp-json\/wp\/v2\/comments?post=12085"}],"wp:featuredmedia":[{"embeddable":true,"href":"http:\/\/klubmamgdynia.pl\/index.php\/wp-json\/wp\/v2\/media\/12086"}],"wp:attachment":[{"href":"http:\/\/klubmamgdynia.pl\/index.php\/wp-json\/wp\/v2\/media?parent=12085"}],"wp:term":[{"taxonomy":"product_cat","embeddable":true,"href":"http:\/\/klubmamgdynia.pl\/index.php\/wp-json\/wp\/v2\/product_cat?post=12085"},{"taxonomy":"product_tag","embeddable":true,"href":"http:\/\/klubmamgdynia.pl\/index.php\/wp-json\/wp\/v2\/product_tag?post=12085"}],"curies":[{"name":"wp","href":"https:\/\/api.w.org\/{rel}","templated":true}]}}