{"id":12087,"date":"2022-09-18T19:48:14","date_gmt":"2022-09-18T17:48:14","guid":{"rendered":"http:\/\/klubmamgdynia.pl\/index.php\/produkt\/maskotka-do-powieszenia-na-szybe-auta-tygrysek\/"},"modified":"2026-05-17T22:28:40","modified_gmt":"2026-05-17T20:28:40","slug":"maskotka-do-powieszenia-na-szybe-auta-tygrysek","status":"publish","type":"product","link":"http:\/\/klubmamgdynia.pl\/index.php\/produkt\/maskotka-do-powieszenia-na-szybe-auta-tygrysek\/","title":{"rendered":"Maskotka Do Powieszenia Na Szyb\u0119 Auta Tygrysek"},"content":{"rendered":"<p>Du\u017ca Maskotka Tygrysek Disney na szyb\u0119 samochodow\u0105<\/p>\n<h2>Maskotka Do Powieszenia Na Szyb\u0119 Auta Tygrysek Disney<\/h2>\n<p>s\u0142oneczko, sta\u0142a pod \u015bniegiem, test lew czarownica i stara szafa, quizy miko\u0142ajek, kolorowe kredki tekst, karaluchy pod poduchy a szczypawki, zagadki o zwierz\u0119tach domowych, opowie\u015bci z narni lew czarownica i stara szafa test, \u017cyczenia wielkanocne dla dzieci kr\u00f3tkie, quiz felix net i nika oraz gang niewidzialnych ludzi, znaczenie imienia gabriel, litera y do druku, kolorowanka mia i ja, wielkanocne zagadki, prezenty urodzinowe dla nastolatk\u00f3w, kuba imie, jak narysowa\u0107, wzruszaj\u0105ce teksty dla mamy<\/p>\n<p>yyyyy<\/p>\n<p>&nbsp;<\/p>\n","protected":false},"excerpt":{"rendered":"<p>Du\u017ca Maskotka Tygrysek Disney na szyb\u0119 samochodow\u0105 Maskotka Do Powieszenia Na Szyb\u0119 Auta Tygrysek Disney s\u0142oneczko, sta\u0142a pod \u015bniegiem, test lew czarownica i stara szafa, quizy miko\u0142ajek, kolorowe kredki tekst, karaluchy pod poduchy a szczypawki, zagadki o zwierz\u0119tach domowych, opowie\u015bci z narni lew czarownica i stara szafa test, \u017cyczenia wielkanocne dla dzieci kr\u00f3tkie, quiz felix [&hellip;]<\/p>\n","protected":false},"featured_media":12088,"comment_status":"closed","ping_status":"open","template":"","meta":[],"product_cat":[1125,275],"product_tag":[764,641,693,615],"class_list":["post-12087","product","type-product","status-publish","has-post-thumbnail","hentry","product_cat-akcesoria-samochodowe-dla-dzieci","product_cat-disney","product_tag-prezenty-na-roczek-dla-dziewczynki","product_tag-trudne-zagadki-logiczne","product_tag-zagadki-dla-doroslych","product_tag-znane-misie-z-filmow-animowanych"],"_links":{"self":[{"href":"http:\/\/klubmamgdynia.pl\/index.php\/wp-json\/wp\/v2\/product\/12087","targetHints":{"allow":["GET"]}}],"collection":[{"href":"http:\/\/klubmamgdynia.pl\/index.php\/wp-json\/wp\/v2\/product"}],"about":[{"href":"http:\/\/klubmamgdynia.pl\/index.php\/wp-json\/wp\/v2\/types\/product"}],"replies":[{"embeddable":true,"href":"http:\/\/klubmamgdynia.pl\/index.php\/wp-json\/wp\/v2\/comments?post=12087"}],"wp:featuredmedia":[{"embeddable":true,"href":"http:\/\/klubmamgdynia.pl\/index.php\/wp-json\/wp\/v2\/media\/12088"}],"wp:attachment":[{"href":"http:\/\/klubmamgdynia.pl\/index.php\/wp-json\/wp\/v2\/media?parent=12087"}],"wp:term":[{"taxonomy":"product_cat","embeddable":true,"href":"http:\/\/klubmamgdynia.pl\/index.php\/wp-json\/wp\/v2\/product_cat?post=12087"},{"taxonomy":"product_tag","embeddable":true,"href":"http:\/\/klubmamgdynia.pl\/index.php\/wp-json\/wp\/v2\/product_tag?post=12087"}],"curies":[{"name":"wp","href":"https:\/\/api.w.org\/{rel}","templated":true}]}}