{"id":12089,"date":"2016-01-28T23:43:13","date_gmt":"2016-01-28T22:43:13","guid":{"rendered":"http:\/\/klubmamgdynia.pl\/index.php\/produkt\/volt-polska-zestaw-solarny-180w-12v-akumulator-100ah-regulator-sol180100\/"},"modified":"2026-04-07T11:32:44","modified_gmt":"2026-04-07T09:32:44","slug":"volt-polska-zestaw-solarny-180w-12v-akumulator-100ah-regulator-sol180100","status":"publish","type":"product","link":"http:\/\/klubmamgdynia.pl\/index.php\/produkt\/volt-polska-zestaw-solarny-180w-12v-akumulator-100ah-regulator-sol180100\/","title":{"rendered":"Volt Polska Zestaw Solarny 180W 12V Akumulator 100Ah Regulator Sol180100"},"content":{"rendered":"<p>ZESTAW ZAWIERA :PANEL 180WREGULATOR \u0141ADOWANIA 10 AMPERZESTAW OKABLOWANIAPRZELOTKA DACHOWANARO\u017bNIKI DO MONTA\u017bU PANELAAKUMULATOR \u017bELOWY 100AH 12VREGULATOR NAPI\u0118CIA 10A 12\/24V Z FUNKCJ\u0104 ZMIERZCHOW\u0104 I 2x USB VOLT POLSKARegulator posiada programowaln\u0105 funkcj\u0119 czujnika zmierzchowego.Istnieje mo\u017cliwo\u015b\u0107 uruchomienia pod\u0142\u0105czonego odbiornika po zachodzie s\u0142o\u0144ca na konkretn\u0105 ilo\u015b\u0107 godzin.Ponadto regulator mo\u017ce zosta\u0107 w przysz\u0142o\u015bci rozbudowany o kolejne panele, dzi\u0119ki czemu mo\u017cemy pozyskiwa\u0107 wi\u0119ksz\u0105 ilo\u015b\u0107 pr\u0105du.Regulator \u0142aduje akumulatory metod\u0105 PWM. Moduluje zakres napi\u0119cia od 0 do 100%, co pozwala na szybkie i stabilne \u0142adowanie akumulatora niezale\u017cnie od pogody i stanu systemu solarnego.PODW\u00d3JNE Z\u0141\u0104CZE USBUstawienia regulatora:W\u0142\u0105czanie\/wy\u0142\u0105czanie odbiornik\u00f3w.W\u0142\u0105cznik zmierzchowy (w\u0142\u0105czanie odbiornik\u00f3w na dany czas po zachodzie s\u0142o\u0144ca).Programowalny do 15h.Zabezpieczenia regulatora:Zwarcie baterii s\u0142onecznej.Przeci\u0105\u017cenie po stronie odbiornika.Odwr\u00f3cona polaryzacja akumulatora.Ochrona przed przegrzaniem.DANE TECHNICZNE REGULATORA:Zabezpieczenie przed roz\u0142adowaniem: 11,1V \/ 22,2VPunkt przywr\u00f3cenia obci\u0105\u017cenia: 12,5V \/ 25VMaksymalne napi\u0119cie wej\u015bciowe(z paneli): 48VKlasa wodoodporno\u015bci: IP30Max. pr\u0105d \u0142adowania (pr\u0105d paneli): 10AMax. pr\u0105d obci\u0105\u017cenia: 10ANapi\u0119cie pracy: 12V 24V DCPob\u00f3r w\u0142asny: &lt; 6mATemperatura pracy: -20\u2103 do +60 \u2103Wymiary: 97 x 66 x 25mm (d\u0142.\/szer.\/wys.)2x USBKompensacja \u0142adowania ze wzgl\u0119du na temp.: -30,0mV\/1 st. C\/2VW ZESTAWIE KOMPLET OKABLOWANIA :-ODCINEK 2M do po\u0142\u0105czenia panela z regulatorem z wtyczakami MC4 takimi jak na panelu-ODCINEK 1M do po\u0142\u0105czenia regulatora z akumulatorem(na ko\u0144cu kabla krokodylki, kt\u00f3re pasuj\u0105 do po\u0142\u0105czenia do wszystkich typ\u00f3w akumulator\u00f3w)KABEL MO\u017bNA PRZED\u0141U\u017bA\u0106 LUB ZLECI\u0106 NAM WYS\u0141ANIE ZESTAWU O DOWOLNEJ D\u0141UGO\u015aCI KABLAOFERUJMY PA\u0143STWU KOMPLETNY ZESTAW SOLARNY O MOCY 180W DO POD\u0141\u0104CZENIA DO AKUMULATORA 12VZESTAW IDEALNIE NADAJE SI\u0118 DO :- NA KAMPER-NA ALTAN\u0118-OGR\u00d3D DZIA\u0141KOWYCH \/ DOMK\u00d3W LETNISKOWYCH-MA\u0141YCH PRZYDOMOWYCH INSTALACJI SOLARNY-NA \u0141ODZIE-NA POLE NAMIOTOWEORAZ WIELE INNYCH ROZWI\u0104ZA\u0143Parametry techniczne:Przewidywana \u017cywotno\u015b\u0107: 8 &#8211; 10 latPojemno\u015b\u0107 (25 \u00b0C): 100 AhNapi\u0119cie: 12VMaksymalny pr\u0105d \u0142adowania: 30 ARezystancja wewn\u0119trzna (25 \u00b0C): 4,5 m\u03a9 przy pe\u0142nym na\u0142adowaniuRoz\u0142adowanie w\u0142asne: 2-3 % na miesi\u0105c przy 25 \u00b0CPojemno\u015b\u0107 (40 \u00b0C): 102%Pojemno\u015b\u0107 (25 \u00b0C): 100 %Pojemno\u015b\u0107 (0 \u00b0C): 85 %Pojemno\u015b\u0107 (-15 \u00b0C): 65 %\u0141adowanie buforowe: 13,5 \u2013 13,8 V (-18 mV\/C)\u0141adowanie cykliczne: 14,5 \u2013 15,0 V (-30 mV\/C)Wymiary:Wysoko\u015b\u0107 ca\u0142kowita: 220 mmWysoko\u015b\u0107: 214 mmSzeroko\u015b\u0107: 171 mmD\u0142ugo\u015b\u0107: 330 mmWaga: 28 Kg +- 4 %Kupuj\u0105c otrzymujesz:Dokument zakupu,Akumulator,Komplet \u015brub<\/p>\n<h2>Volt Polska Zestaw Solarny 180W 12V Akumulator 100Ah Regulator Sol180100 <\/h2>\n<p>bajki dla niemowl\u0105t do czytania, dzie\u0144 dziecka dla nastolatk\u00f3w, opowie\u015bci z narni test, minionki kolorowanka, cytaty z ma\u0142ego ksi\u0119cia, atrakcje dla dzieci mazowieckie, sara, ciekawe zagadki, zadania dla dzieci z ukrainy, zagadki dla dzieci 7 lat o zwierz\u0119tach, dyplom za udzia\u0142 w konkursie do druku, papierowe ozdoby \u015bwi\u0105teczne, ko\u0142ysanki dla dzieci + tekst, zagadki dla 5 latka, papuga kolorowanka, zagadki logiczne dla doros\u0142ych, proste dekoracje bo\u017conarodzeniowe dla dzieci<\/p>\n<p>yyyyy<\/p>\n<p>&nbsp;<\/p>\n","protected":false},"excerpt":{"rendered":"<p>ZESTAW ZAWIERA :PANEL 180WREGULATOR \u0141ADOWANIA 10 AMPERZESTAW OKABLOWANIAPRZELOTKA DACHOWANARO\u017bNIKI DO MONTA\u017bU PANELAAKUMULATOR \u017bELOWY 100AH 12VREGULATOR NAPI\u0118CIA 10A 12\/24V Z FUNKCJ\u0104 ZMIERZCHOW\u0104 I 2x USB VOLT POLSKARegulator posiada programowaln\u0105 funkcj\u0119 czujnika zmierzchowego.Istnieje mo\u017cliwo\u015b\u0107 uruchomienia pod\u0142\u0105czonego odbiornika po zachodzie s\u0142o\u0144ca na konkretn\u0105 ilo\u015b\u0107 godzin.Ponadto regulator mo\u017ce zosta\u0107 w przysz\u0142o\u015bci rozbudowany o kolejne panele, dzi\u0119ki czemu mo\u017cemy pozyskiwa\u0107 [&hellip;]<\/p>\n","protected":false},"featured_media":12090,"comment_status":"closed","ping_status":"open","template":"","meta":[],"product_cat":[2090],"product_tag":[668,865,732,665,876,778],"class_list":["post-12089","product","type-product","status-publish","has-post-thumbnail","hentry","product_cat-ladowarki-akumulatory-i-zasilacze","product_tag-atrakcje-dla-dzieci-wroclaw","product_tag-cytaty-o-dzieciach","product_tag-prezent-dla-rocznego-chlopca","product_tag-proste-zagadki","product_tag-przyjazn","product_tag-zabawki-na-roczek-dla-chlopca"],"_links":{"self":[{"href":"http:\/\/klubmamgdynia.pl\/index.php\/wp-json\/wp\/v2\/product\/12089","targetHints":{"allow":["GET"]}}],"collection":[{"href":"http:\/\/klubmamgdynia.pl\/index.php\/wp-json\/wp\/v2\/product"}],"about":[{"href":"http:\/\/klubmamgdynia.pl\/index.php\/wp-json\/wp\/v2\/types\/product"}],"replies":[{"embeddable":true,"href":"http:\/\/klubmamgdynia.pl\/index.php\/wp-json\/wp\/v2\/comments?post=12089"}],"wp:featuredmedia":[{"embeddable":true,"href":"http:\/\/klubmamgdynia.pl\/index.php\/wp-json\/wp\/v2\/media\/12090"}],"wp:attachment":[{"href":"http:\/\/klubmamgdynia.pl\/index.php\/wp-json\/wp\/v2\/media?parent=12089"}],"wp:term":[{"taxonomy":"product_cat","embeddable":true,"href":"http:\/\/klubmamgdynia.pl\/index.php\/wp-json\/wp\/v2\/product_cat?post=12089"},{"taxonomy":"product_tag","embeddable":true,"href":"http:\/\/klubmamgdynia.pl\/index.php\/wp-json\/wp\/v2\/product_tag?post=12089"}],"curies":[{"name":"wp","href":"https:\/\/api.w.org\/{rel}","templated":true}]}}