{"id":12091,"date":"2022-11-15T17:58:38","date_gmt":"2022-11-15T16:58:38","guid":{"rendered":"http:\/\/klubmamgdynia.pl\/?post_type=product&#038;p=12091"},"modified":"2026-04-03T22:29:52","modified_gmt":"2026-04-03T20:29:52","slug":"obrazki-i-slowa-wersja-angielska","status":"publish","type":"product","link":"http:\/\/klubmamgdynia.pl\/index.php\/produkt\/obrazki-i-slowa-wersja-angielska\/","title":{"rendered":"Obrazki i s\u0142owa wersja angielska"},"content":{"rendered":"<p>Drewniane literkowe puzzle wspieraj\u0105 nauk\u0119 czytania i pisania po angielsku. Puzzle trzeba odpowiednio u\u0142o\u017cy\u0107, aby przedstawia\u0142y wyraz oraz dopasowa\u0107 je pod wzgl\u0119dem wielko\u015bci. Dziecko \u0107wiczy koordynacj\u0119 wzrokowo-ruchow\u0105 oraz uczy si\u0119 alfabetu. Pi\u0119knie wykonany i zapakowany. Idealny na m\u0105dry prezent.<\/p>\n<h2>Obrazki i s\u0142owa wersja angielska Bajo<\/h2>\n<p>peppa kolorowanka, babciu droga babciu tekst, historia pluszowego misia dla dzieci, skye psi patrol kolorowanka, bajki do czytania dla niemowl\u0105t, piosenka na dzie\u0144 mamy tekst, ma\u0142y ksi\u0105\u017ce cytaty, \u017carty na prima aprilis w domu, cytaty rodzina, zagadki logiczne, quiz o \u015bwi\u0119tach, leon imi\u0119, zagadki o zwierz\u0119tach wiejskich<\/p>\n<p>yyyyy<\/p>\n<p>&nbsp;<\/p>\n","protected":false},"excerpt":{"rendered":"<p>Drewniane literkowe puzzle wspieraj\u0105 nauk\u0119 czytania i pisania po angielsku. Puzzle trzeba odpowiednio u\u0142o\u017cy\u0107, aby przedstawia\u0142y wyraz oraz dopasowa\u0107 je pod wzgl\u0119dem wielko\u015bci. Dziecko \u0107wiczy koordynacj\u0119 wzrokowo-ruchow\u0105 oraz uczy si\u0119 alfabetu. Pi\u0119knie wykonany i zapakowany. Idealny na m\u0105dry prezent. Obrazki i s\u0142owa wersja angielska Bajo peppa kolorowanka, babciu droga babciu tekst, historia pluszowego misia dla [&hellip;]<\/p>\n","protected":false},"featured_media":12092,"comment_status":"closed","ping_status":"open","template":"","meta":[],"product_cat":[1472,537],"product_tag":[740,744,835,823,597],"class_list":["post-12091","product","type-product","status-publish","has-post-thumbnail","hentry","product_cat-bajo","product_cat-pozostale-zabawki-edukacyjne","product_tag-fajne-prezenty-dla-nastolatkow","product_tag-kolorowanki-swiateczne-do-wydruku","product_tag-radosc-dziecka-cytaty","product_tag-zagadki-dla-dzieci-7-lat","product_tag-zagadki-o-zimie"],"_links":{"self":[{"href":"http:\/\/klubmamgdynia.pl\/index.php\/wp-json\/wp\/v2\/product\/12091","targetHints":{"allow":["GET"]}}],"collection":[{"href":"http:\/\/klubmamgdynia.pl\/index.php\/wp-json\/wp\/v2\/product"}],"about":[{"href":"http:\/\/klubmamgdynia.pl\/index.php\/wp-json\/wp\/v2\/types\/product"}],"replies":[{"embeddable":true,"href":"http:\/\/klubmamgdynia.pl\/index.php\/wp-json\/wp\/v2\/comments?post=12091"}],"wp:featuredmedia":[{"embeddable":true,"href":"http:\/\/klubmamgdynia.pl\/index.php\/wp-json\/wp\/v2\/media\/12092"}],"wp:attachment":[{"href":"http:\/\/klubmamgdynia.pl\/index.php\/wp-json\/wp\/v2\/media?parent=12091"}],"wp:term":[{"taxonomy":"product_cat","embeddable":true,"href":"http:\/\/klubmamgdynia.pl\/index.php\/wp-json\/wp\/v2\/product_cat?post=12091"},{"taxonomy":"product_tag","embeddable":true,"href":"http:\/\/klubmamgdynia.pl\/index.php\/wp-json\/wp\/v2\/product_tag?post=12091"}],"curies":[{"name":"wp","href":"https:\/\/api.w.org\/{rel}","templated":true}]}}