{"id":12093,"date":"2017-12-15T21:23:26","date_gmt":"2017-12-15T20:23:26","guid":{"rendered":"http:\/\/klubmamgdynia.pl\/index.php\/produkt\/cameron-sino-logitech-wireless-dj-music-system-190301-0000-950mah-3-52wh-li-ion-3-7v-cslodjrc\/"},"modified":"2026-04-28T22:28:55","modified_gmt":"2026-04-28T20:28:55","slug":"cameron-sino-logitech-wireless-dj-music-system-190301-0000-950mah-3-52wh-li-ion-3-7v-cslodjrc","status":"publish","type":"product","link":"http:\/\/klubmamgdynia.pl\/index.php\/produkt\/cameron-sino-logitech-wireless-dj-music-system-190301-0000-950mah-3-52wh-li-ion-3-7v-cslodjrc\/","title":{"rendered":"Cameron Sino Logitech Wireless Dj Music System 190301-0000 950Mah 3.52Wh Li-Ion 3.7V (CSLODJRC)"},"content":{"rendered":"<p>Zast\u0119puje akumulatory Logitech:190301-0000R-IG7<\/p>\n<h2>Cameron Sino Logitech Wireless Dj Music System 190301-0000 950Mah 3.52Wh Li-Ion 3.7V (CSLODJRC) Cameron Sino<\/h2>\n<p>kolorowanki konie z je\u017ad\u017acem, imi\u0119 iwo, felix net i nika oraz gang niewidzialnych ludzi quiz, znaczenie imiona alan, bajka o dinozaurach do czytania, stare wierszyki dla dzieci, test z lektury magiczne drzewo czerwone krzes\u0142o, zagadki dla dzieci z odpowiedziami, jedzie poci\u0105g z daleka tekst, zagadki wiosna, krecik bajka, m\u0105dra my\u015bl na dobranoc, gry ruchowe dla dzieci, fajne zagadki<\/p>\n<p>yyyyy<\/p>\n<p>&nbsp;<\/p>\n","protected":false},"excerpt":{"rendered":"<p>Zast\u0119puje akumulatory Logitech:190301-0000R-IG7 Cameron Sino Logitech Wireless Dj Music System 190301-0000 950Mah 3.52Wh Li-Ion 3.7V (CSLODJRC) Cameron Sino kolorowanki konie z je\u017ad\u017acem, imi\u0119 iwo, felix net i nika oraz gang niewidzialnych ludzi quiz, znaczenie imiona alan, bajka o dinozaurach do czytania, stare wierszyki dla dzieci, test z lektury magiczne drzewo czerwone krzes\u0142o, zagadki dla dzieci [&hellip;]<\/p>\n","protected":false},"featured_media":12094,"comment_status":"closed","ping_status":"open","template":"","meta":[],"product_cat":[2096,2090],"product_tag":[861,806,786,616,741],"class_list":["post-12093","product","type-product","status-publish","has-post-thumbnail","hentry","product_cat-cameron-sino","product_cat-ladowarki-akumulatory-i-zasilacze","product_tag-jak-narysowac-psa","product_tag-prezent-dla-dziecka-na-roczek","product_tag-prezent-na-1-urodziny","product_tag-test-mikolajek-25-pytan","product_tag-wlochy"],"_links":{"self":[{"href":"http:\/\/klubmamgdynia.pl\/index.php\/wp-json\/wp\/v2\/product\/12093","targetHints":{"allow":["GET"]}}],"collection":[{"href":"http:\/\/klubmamgdynia.pl\/index.php\/wp-json\/wp\/v2\/product"}],"about":[{"href":"http:\/\/klubmamgdynia.pl\/index.php\/wp-json\/wp\/v2\/types\/product"}],"replies":[{"embeddable":true,"href":"http:\/\/klubmamgdynia.pl\/index.php\/wp-json\/wp\/v2\/comments?post=12093"}],"wp:featuredmedia":[{"embeddable":true,"href":"http:\/\/klubmamgdynia.pl\/index.php\/wp-json\/wp\/v2\/media\/12094"}],"wp:attachment":[{"href":"http:\/\/klubmamgdynia.pl\/index.php\/wp-json\/wp\/v2\/media?parent=12093"}],"wp:term":[{"taxonomy":"product_cat","embeddable":true,"href":"http:\/\/klubmamgdynia.pl\/index.php\/wp-json\/wp\/v2\/product_cat?post=12093"},{"taxonomy":"product_tag","embeddable":true,"href":"http:\/\/klubmamgdynia.pl\/index.php\/wp-json\/wp\/v2\/product_tag?post=12093"}],"curies":[{"name":"wp","href":"https:\/\/api.w.org\/{rel}","templated":true}]}}