{"id":12095,"date":"2019-10-09T09:20:50","date_gmt":"2019-10-09T07:20:50","guid":{"rendered":"http:\/\/klubmamgdynia.pl\/index.php\/produkt\/avengers-age-of-ultron-avengers-czas-ultrona-disney-en-blu-ray-4kblu-ray\/"},"modified":"2026-04-30T20:57:26","modified_gmt":"2026-04-30T18:57:26","slug":"avengers-age-of-ultron-avengers-czas-ultrona-disney-en-blu-ray-4kblu-ray","status":"publish","type":"product","link":"http:\/\/klubmamgdynia.pl\/index.php\/produkt\/avengers-age-of-ultron-avengers-czas-ultrona-disney-en-blu-ray-4kblu-ray\/","title":{"rendered":"Avengers Age Of Ultron (Avengers: Czas Ultrona) (Disney) (EN) [Blu-Ray 4K]+[Blu-Ray]"},"content":{"rendered":"<p>Avengers Age Of Ultron (avengers: Czas Ultrona) (D<\/p>\n<h2>Avengers Age Of Ultron (Avengers: Czas Ultrona) (Disney) (EN) [Blu-Ray 4K]+[Blu-Ray] <\/h2>\n<p>karaluchy pod poduchy, basen warszawa, andrzejki dekoracje do druku, kolorowanki, zabawka na roczek dla dziewczynki, quiz dla dzieci, proste origami dla dzieci, karty pracy do druku litery, prezent dla rocznego ch\u0142opca, ci\u0119\u017ckie zagadki, znaczenie imiona pola, dla dzieci warszawa, zagadki z odpowiedziami \u015bmieszne<\/p>\n<p>yyyyy<\/p>\n<p>&nbsp;<\/p>\n","protected":false},"excerpt":{"rendered":"<p>Avengers Age Of Ultron (avengers: Czas Ultrona) (D Avengers Age Of Ultron (Avengers: Czas Ultrona) (Disney) (EN) [Blu-Ray 4K]+[Blu-Ray] karaluchy pod poduchy, basen warszawa, andrzejki dekoracje do druku, kolorowanki, zabawka na roczek dla dziewczynki, quiz dla dzieci, proste origami dla dzieci, karty pracy do druku litery, prezent dla rocznego ch\u0142opca, ci\u0119\u017ckie zagadki, znaczenie imiona pola, [&hellip;]<\/p>\n","protected":false},"featured_media":12096,"comment_status":"closed","ping_status":"open","template":"","meta":[],"product_cat":[2097],"product_tag":[656,809,698,577],"class_list":["post-12095","product","type-product","status-publish","has-post-thumbnail","hentry","product_cat-filmy-blu-ray","product_tag-kolorowanki-lol","product_tag-zagadki","product_tag-zagadki-dla-przedszkolakow","product_tag-znaki-drogowe-test"],"_links":{"self":[{"href":"http:\/\/klubmamgdynia.pl\/index.php\/wp-json\/wp\/v2\/product\/12095","targetHints":{"allow":["GET"]}}],"collection":[{"href":"http:\/\/klubmamgdynia.pl\/index.php\/wp-json\/wp\/v2\/product"}],"about":[{"href":"http:\/\/klubmamgdynia.pl\/index.php\/wp-json\/wp\/v2\/types\/product"}],"replies":[{"embeddable":true,"href":"http:\/\/klubmamgdynia.pl\/index.php\/wp-json\/wp\/v2\/comments?post=12095"}],"wp:featuredmedia":[{"embeddable":true,"href":"http:\/\/klubmamgdynia.pl\/index.php\/wp-json\/wp\/v2\/media\/12096"}],"wp:attachment":[{"href":"http:\/\/klubmamgdynia.pl\/index.php\/wp-json\/wp\/v2\/media?parent=12095"}],"wp:term":[{"taxonomy":"product_cat","embeddable":true,"href":"http:\/\/klubmamgdynia.pl\/index.php\/wp-json\/wp\/v2\/product_cat?post=12095"},{"taxonomy":"product_tag","embeddable":true,"href":"http:\/\/klubmamgdynia.pl\/index.php\/wp-json\/wp\/v2\/product_tag?post=12095"}],"curies":[{"name":"wp","href":"https:\/\/api.w.org\/{rel}","templated":true}]}}