{"id":12097,"date":"2015-05-20T20:03:57","date_gmt":"2015-05-20T18:03:57","guid":{"rendered":"http:\/\/klubmamgdynia.pl\/index.php\/produkt\/hoppecke-akumulator-solarny-sun-power-vr-m-12-105-3210337105\/"},"modified":"2026-04-07T01:34:52","modified_gmt":"2026-04-06T23:34:52","slug":"hoppecke-akumulator-solarny-sun-power-vr-m-12-105-3210337105","status":"publish","type":"product","link":"http:\/\/klubmamgdynia.pl\/index.php\/produkt\/hoppecke-akumulator-solarny-sun-power-vr-m-12-105-3210337105\/","title":{"rendered":"Hoppecke Akumulator Solarny Sun-Power Vr-M 12-105 3210337105"},"content":{"rendered":"<p>Akumulator s\u0142oneczny Sun-Power VR-MNie wymaga konserwacji i jest odporny na du\u017c\u0105 ilo\u015b\u0107 cykli pracyOdporna na uderzenia i wytrzyma\u0142a obudowa z polipropylenuInnowacyjna konstrukcja elektrod do wydajnego \u0142adowaniaAkumulator solarny AGM firmy Hoppcke przekonuje najwy\u017csz\u0105 jako\u015bci\u0105 i najwy\u017csz\u0105 niezawodno\u015bci\u0105. Konstrukcja bazuje na zastosowaniu p\u0142ytek p\u0142askich i maty z w\u0142\u00f3kna szklanego jako separatora, w kt\u00f3rym elektrolit jest zamocowany. Do tego dochodz\u0105 d\u0142uga \u017cywotno\u015b\u0107, wysokiej jako\u015bci komponenty, sta\u0142e napi\u0119cie, odporno\u015b\u0107 na du\u017c\u0105 ilo\u015b\u0107 cykli pracy i najwy\u017csze standardy bezpiecze\u0144stwa. Typowe obszary zastosowania akumulator\u00f3w Sun-Power VR-M to solarne, domowe systemy pami\u0119ci, systemy wyspowe, sygnalizacje, o\u015bwietlenie ulic, systemy opieki medycznej i wiele innych.Uwaga! Opis tego produktu zosta\u0142 przet\u0142umaczony automatycznie. Je\u015bli mo\u017cemy poprawi\u0107 go dzi\u0119ki Tobie, prosimy o kontakt.Wyposa\u017cenie: Bezobs\u0142ugowy \u00b7 odporna na du\u017c\u0105 ilo\u015b\u0107 cykli \u00b7 wysoka g\u0119sto\u015b\u0107 energii \u00b7 innowacyjna konstrukcja elektrody dla efektywnego \u0142adowania \u00b7 bezpieczna i wytrzyma\u0142a obudowa z polipropylenu \u00b7 d\u0142uga \u017cywotno\u015b\u0107 \u00b7 wysokiej jako\u015bci komponenty \u00b7 najwy\u017csze standardy bezpiecze\u0144stwa \u00b7 bardzo niskie samoroz\u0142adowaniem \u00b7 r\u00f3wnomierne zasilanie \u00b7 niskie zu\u017cycie energii, a tym samym oszcz\u0119dno\u015b\u0107 koszt\u00f3w \u00b7 zwi\u0119kszona bezpiecze\u0144stwo dzi\u0119ki zastosowaniu \u0142\u0105cznik\u00f3w systemu \u00b7 prosta instalacja \u00b7 Zaprojektowany z uwzgl\u0119dnieniem IEC 61427 i IEC 60896-21Dane techniczne: G\u0142\u0119boko\u015b\u0107 produktu: 177 mm \u00b7 Mo\u017cliwo\u015b\u0107 ponownego \u0142adowania: tak \u00b7 Napi\u0119cie: 12 V \u00b7 Pojemno\u015b\u0107: 101 Ah \u00b7 Po\u0142\u0105czenie akumulatora: Po\u0142\u0105czenie \u015brubowe M8 \u00b7 Szeroko\u015b\u0107 produktu: 344 mm \u00b7 Technologia akumulatora: AGM \u00b7 Waga: 38 kg \u00b7 Wysoko\u015b\u0107 produktu: 230 mm \u00b7 W\u0142a\u015bciwo\u015bci baterii: Bezobs\u0142ugowy, Stabilne cykle, Ma\u0142e samoroz\u0142adowanie<\/p>\n<h2>Hoppecke Akumulator Solarny Sun-Power Vr-M 12-105 3210337105 <\/h2>\n<p>cytaty dla mamy od c\u00f3rki, dyplom dla przedszkolaka do wydruku, znaczenie imiona justyna, zagadki \u015bmieszne dla dzieci, kolorowanka lol surprise, pokemon kolorowanki do druku, zagadki wiosenne dla dzieci, maska iron man, filmy animowane o \u015bwi\u0119tach, zabawy miko\u0142ajkowe dla dzieci, dyplomy do wydrukowania a4<\/p>\n<p>yyyyy<\/p>\n<p>&nbsp;<\/p>\n","protected":false},"excerpt":{"rendered":"<p>Akumulator s\u0142oneczny Sun-Power VR-MNie wymaga konserwacji i jest odporny na du\u017c\u0105 ilo\u015b\u0107 cykli pracyOdporna na uderzenia i wytrzyma\u0142a obudowa z polipropylenuInnowacyjna konstrukcja elektrod do wydajnego \u0142adowaniaAkumulator solarny AGM firmy Hoppcke przekonuje najwy\u017csz\u0105 jako\u015bci\u0105 i najwy\u017csz\u0105 niezawodno\u015bci\u0105. Konstrukcja bazuje na zastosowaniu p\u0142ytek p\u0142askich i maty z w\u0142\u00f3kna szklanego jako separatora, w kt\u00f3rym elektrolit jest zamocowany. Do [&hellip;]<\/p>\n","protected":false},"featured_media":12098,"comment_status":"closed","ping_status":"open","template":"","meta":[],"product_cat":[2090],"product_tag":[833,622,579,733],"class_list":["post-12097","product","type-product","status-publish","has-post-thumbnail","hentry","product_cat-ladowarki-akumulatory-i-zasilacze","product_tag-bajki-dla-dzieci-do-czytania","product_tag-fajne-zagadki","product_tag-quiz-opowiesci-z-narnii-lew-czarownica-i-stara-szafa","product_tag-zarty-na-prima-aprilis"],"_links":{"self":[{"href":"http:\/\/klubmamgdynia.pl\/index.php\/wp-json\/wp\/v2\/product\/12097","targetHints":{"allow":["GET"]}}],"collection":[{"href":"http:\/\/klubmamgdynia.pl\/index.php\/wp-json\/wp\/v2\/product"}],"about":[{"href":"http:\/\/klubmamgdynia.pl\/index.php\/wp-json\/wp\/v2\/types\/product"}],"replies":[{"embeddable":true,"href":"http:\/\/klubmamgdynia.pl\/index.php\/wp-json\/wp\/v2\/comments?post=12097"}],"wp:featuredmedia":[{"embeddable":true,"href":"http:\/\/klubmamgdynia.pl\/index.php\/wp-json\/wp\/v2\/media\/12098"}],"wp:attachment":[{"href":"http:\/\/klubmamgdynia.pl\/index.php\/wp-json\/wp\/v2\/media?parent=12097"}],"wp:term":[{"taxonomy":"product_cat","embeddable":true,"href":"http:\/\/klubmamgdynia.pl\/index.php\/wp-json\/wp\/v2\/product_cat?post=12097"},{"taxonomy":"product_tag","embeddable":true,"href":"http:\/\/klubmamgdynia.pl\/index.php\/wp-json\/wp\/v2\/product_tag?post=12097"}],"curies":[{"name":"wp","href":"https:\/\/api.w.org\/{rel}","templated":true}]}}