{"id":12099,"date":"2023-08-01T20:59:39","date_gmt":"2023-08-01T18:59:39","guid":{"rendered":"http:\/\/klubmamgdynia.pl\/?post_type=product&#038;p=12099"},"modified":"2026-04-26T19:58:44","modified_gmt":"2026-04-26T17:58:44","slug":"filibabba-zestaw-2-szt-sliniak-wodoodporny-golden-mustard-light-lavender","status":"publish","type":"product","link":"http:\/\/klubmamgdynia.pl\/index.php\/produkt\/filibabba-zestaw-2-szt-sliniak-wodoodporny-golden-mustard-light-lavender\/","title":{"rendered":"Filibabba Zestaw 2 Szt. \u015aliniak Wodoodporny Golden Mustard\/Light Lavender"},"content":{"rendered":"<p>Zestaw 2 \u015bliniak\u00f3w z bawe\u0142ny organicznej z certyfikatem GOTS. Z podw\u00f3jn\u0105 pow\u0142ok\u0105 hydrofobow\u0105 z przodu, odporn\u0105 na przenikanie wody. Zapinane z ty\u0142u na rzep.Specyfikacja:Sk\u0142ad: bawe\u0142na organicznaCzyszczenie: Pra\u0107 w pralce w 30\u00b0<\/p>\n<h2>Filibabba Zestaw 2 Szt. \u015aliniak Wodoodporny Golden Mustard\/Light Lavender Filibabba<\/h2>\n<p>prezent dla 7 latka ch\u0142opca, \u015bmieszne zagadki matematyczne, papuga kolorowanka, zaj\u0119cia wielkanocne dla dzieci, miko\u0142ajek quiz, \u015bmieszne zagadki dla dzieci 10 lat, halloween 2021 dla dzieci, prezenty na dzie\u0144 dziecka dla nastolatk\u00f3w, przeczytaj mi wiersz, prezenty na roczek, stolice europy quiz, kolorowanki spongebob, quiz o akademii pana kleksa, wzory dyplom\u00f3w dyplomy do druku, maska iron man, quiz o flagach europy, pola imie<\/p>\n<p>yyyyy<\/p>\n<p>&nbsp;<\/p>\n","protected":false},"excerpt":{"rendered":"<p>Zestaw 2 \u015bliniak\u00f3w z bawe\u0142ny organicznej z certyfikatem GOTS. Z podw\u00f3jn\u0105 pow\u0142ok\u0105 hydrofobow\u0105 z przodu, odporn\u0105 na przenikanie wody. Zapinane z ty\u0142u na rzep.Specyfikacja:Sk\u0142ad: bawe\u0142na organicznaCzyszczenie: Pra\u0107 w pralce w 30\u00b0 Filibabba Zestaw 2 Szt. \u015aliniak Wodoodporny Golden Mustard\/Light Lavender Filibabba prezent dla 7 latka ch\u0142opca, \u015bmieszne zagadki matematyczne, papuga kolorowanka, zaj\u0119cia wielkanocne dla dzieci, [&hellip;]<\/p>\n","protected":false},"featured_media":12100,"comment_status":"closed","ping_status":"open","template":"","meta":[],"product_cat":[1228,1100],"product_tag":[729,748,764,769,694,635],"class_list":["post-12099","product","type-product","status-publish","has-post-thumbnail","hentry","product_cat-filibabba","product_cat-sliniaki-i-fartuszki","product_tag-madre-bajki-dla-dzieci-do-czytania","product_tag-okolice-wroclawia-atrakcje","product_tag-prezenty-na-roczek-dla-dziewczynki","product_tag-psi-patrol-do-czytania","product_tag-zagadki-swiateczne-dla-dzieci","product_tag-znaki-drogowe-do-druku"],"_links":{"self":[{"href":"http:\/\/klubmamgdynia.pl\/index.php\/wp-json\/wp\/v2\/product\/12099","targetHints":{"allow":["GET"]}}],"collection":[{"href":"http:\/\/klubmamgdynia.pl\/index.php\/wp-json\/wp\/v2\/product"}],"about":[{"href":"http:\/\/klubmamgdynia.pl\/index.php\/wp-json\/wp\/v2\/types\/product"}],"replies":[{"embeddable":true,"href":"http:\/\/klubmamgdynia.pl\/index.php\/wp-json\/wp\/v2\/comments?post=12099"}],"wp:featuredmedia":[{"embeddable":true,"href":"http:\/\/klubmamgdynia.pl\/index.php\/wp-json\/wp\/v2\/media\/12100"}],"wp:attachment":[{"href":"http:\/\/klubmamgdynia.pl\/index.php\/wp-json\/wp\/v2\/media?parent=12099"}],"wp:term":[{"taxonomy":"product_cat","embeddable":true,"href":"http:\/\/klubmamgdynia.pl\/index.php\/wp-json\/wp\/v2\/product_cat?post=12099"},{"taxonomy":"product_tag","embeddable":true,"href":"http:\/\/klubmamgdynia.pl\/index.php\/wp-json\/wp\/v2\/product_tag?post=12099"}],"curies":[{"name":"wp","href":"https:\/\/api.w.org\/{rel}","templated":true}]}}