{"id":1210,"date":"2018-05-22T18:52:21","date_gmt":"2018-05-22T16:52:21","guid":{"rendered":"http:\/\/klubmamgdynia.pl\/index.php\/produkt\/moses-verlag-gmbh-krabbelkafer-wurfspiel-wersja-niemiecka\/"},"modified":"2026-04-26T23:18:17","modified_gmt":"2026-04-26T21:18:17","slug":"moses-verlag-gmbh-krabbelkafer-wurfspiel-wersja-niemiecka","status":"publish","type":"product","link":"http:\/\/klubmamgdynia.pl\/index.php\/produkt\/moses-verlag-gmbh-krabbelkafer-wurfspiel-wersja-niemiecka\/","title":{"rendered":"Moses. Verlag Gmbh Krabbelkafer Wurfspiel (wersja niemiecka)"},"content":{"rendered":"<p>Wer wirft mit den 3 Wurfs\u00e4ckchen die Spielfiguren am geschicktesten um und erzielt die meisten Punkte? Inhalt: 5 bunte Spielfi guren aus Holz und 3 Wurfs\u00e4ckchen in einer praktischen Tragebox aus Holz<\/p>\n<h2>Moses. Verlag Gmbh Krabbelkafer Wurfspiel (wersja niemiecka) <\/h2>\n<p>ja\u015bmina imie, pomys\u0142 na prezent dla nastolatk\u00f3w, hobbit, upominek dla nastolatk\u00f3w, prezent roczek, tabliczka mno\u017cenia kolorowanki do wydruku<\/p>\n<p>yyyyy<\/p>\n<p>&nbsp;<\/p>\n","protected":false},"excerpt":{"rendered":"<p>Wer wirft mit den 3 Wurfs\u00e4ckchen die Spielfiguren am geschicktesten um und erzielt die meisten Punkte? Inhalt: 5 bunte Spielfi guren aus Holz und 3 Wurfs\u00e4ckchen in einer praktischen Tragebox aus Holz Moses. Verlag Gmbh Krabbelkafer Wurfspiel (wersja niemiecka) ja\u015bmina imie, pomys\u0142 na prezent dla nastolatk\u00f3w, hobbit, upominek dla nastolatk\u00f3w, prezent roczek, tabliczka mno\u017cenia kolorowanki [&hellip;]<\/p>\n","protected":false},"featured_media":1211,"comment_status":"closed","ping_status":"open","template":"","meta":[],"product_cat":[130],"product_tag":[707,677,787,604,635],"class_list":["post-1210","product","type-product","status-publish","has-post-thumbnail","hentry","product_cat-gry-dzieciece","product_tag-karty-pracy-dla-dzieci-z-ukrainy","product_tag-milosz-imie","product_tag-nauka-pisania-wyrazow-dla-dzieci-do-druku-pdf","product_tag-zagadki-trudne","product_tag-znaki-drogowe-do-druku"],"_links":{"self":[{"href":"http:\/\/klubmamgdynia.pl\/index.php\/wp-json\/wp\/v2\/product\/1210","targetHints":{"allow":["GET"]}}],"collection":[{"href":"http:\/\/klubmamgdynia.pl\/index.php\/wp-json\/wp\/v2\/product"}],"about":[{"href":"http:\/\/klubmamgdynia.pl\/index.php\/wp-json\/wp\/v2\/types\/product"}],"replies":[{"embeddable":true,"href":"http:\/\/klubmamgdynia.pl\/index.php\/wp-json\/wp\/v2\/comments?post=1210"}],"wp:featuredmedia":[{"embeddable":true,"href":"http:\/\/klubmamgdynia.pl\/index.php\/wp-json\/wp\/v2\/media\/1211"}],"wp:attachment":[{"href":"http:\/\/klubmamgdynia.pl\/index.php\/wp-json\/wp\/v2\/media?parent=1210"}],"wp:term":[{"taxonomy":"product_cat","embeddable":true,"href":"http:\/\/klubmamgdynia.pl\/index.php\/wp-json\/wp\/v2\/product_cat?post=1210"},{"taxonomy":"product_tag","embeddable":true,"href":"http:\/\/klubmamgdynia.pl\/index.php\/wp-json\/wp\/v2\/product_tag?post=1210"}],"curies":[{"name":"wp","href":"https:\/\/api.w.org\/{rel}","templated":true}]}}