{"id":12101,"date":"2020-05-27T03:11:54","date_gmt":"2020-05-27T01:11:54","guid":{"rendered":"http:\/\/klubmamgdynia.pl\/index.php\/produkt\/plan-toys-rzucanie-obreczy-plto-5652\/"},"modified":"2026-05-17T22:05:50","modified_gmt":"2026-05-17T20:05:50","slug":"plan-toys-rzucanie-obreczy-plto-5652","status":"publish","type":"product","link":"http:\/\/klubmamgdynia.pl\/index.php\/produkt\/plan-toys-rzucanie-obreczy-plto-5652\/","title":{"rendered":"Plan Toys Rzucanie Obr\u0119czy Plto-5652"},"content":{"rendered":"<p>Wspania\u0142a gra, kt\u00f3ra rozwija koordynacj\u0119 ruchow\u0105 i celno\u015b\u0107 Twojego dziecka. Nadaje si\u0119 zar\u00f3wno do pokoju jak i do ogrodu. Wykonana za naturalnych materia\u0142\u00f3w.W zestawie znajduje si\u0119 6 obr\u0119czy i 3 ko\u0142ki. Zabawka zapakowana jest w kolorowe ozdobne pude\u0142ko z kartonu.Zabawka wykonana jest z ekologicznego materia\u0142u PlanWood\u00ae &#8211; odzyskanych w procesie obr\u00f3bki drewna kauczukowego drobin i wi\u00f3r. Prasowane pod wysokim ci\u015bnieniem PlanWood\u00ae odznacza si\u0119 wyj\u0105tkow\u0105 trwa\u0142o\u015bci\u0105, a dzi\u0119ki organicznemu barwieniu ca\u0142ego materia\u0142u nie odbarwia si\u0119 i jest odporne na zabrudzenia.Zabawka nale\u017cy do linii PlanPreschool, kt\u00f3ra szczeg\u00f3lny nacisk k\u0142adzie na po\u0142\u0105czenie zabawy z nauk\u0105. Starannie zaprojektowane instrumenty muzyczne, gry, uk\u0142adanki, klocki i zabawki manipulacyjne zapewniaj\u0105 wszechstronny rozw\u00f3j dziecka ju\u017c od najm\u0142odszych lat.Firma Plan Toys nale\u017cy do \u015bwiatowej czo\u0142\u00f3wki pod wzgl\u0119dem produkcji ekologicznych zabawek. Jako pierwsza zacz\u0119\u0142a wykorzystywa\u0107 do produkcji naturalne, ponownie przetworzone drewno kauczukowe. Dba tak\u017ce o to, aby stosowane farby, kleje, jak r\u00f3wnie\u017c opakowania zabawek oraz same metody ich produkcji by\u0142y w jak najwi\u0119kszym stopniu przyjazne \u015brodowisku.Bezpiecze\u0144stwo zabawek Plan Toys potwierdzaj\u0105 europejska norma E71 i ameryka\u0144ski standard ASTM.<\/p>\n<h2>Plan Toys Rzucanie Obr\u0119czy Plto-5652 Plan Toys<\/h2>\n<p>mdk aleksandr\u00f3w \u0142\u00f3dzki, kolorowanki antystresowe do druku, quiz o ro\u015blinach, zagadki dla 5 latka, kanapki dla dzieci, co kupi\u0107 nastolatce na urodziny, kolorowanka smok wawelski, quiz o minecraft, gaja imi\u0119, czytanki na dobranoc<\/p>\n<p>yyyyy<\/p>\n<p>&nbsp;<\/p>\n","protected":false},"excerpt":{"rendered":"<p>Wspania\u0142a gra, kt\u00f3ra rozwija koordynacj\u0119 ruchow\u0105 i celno\u015b\u0107 Twojego dziecka. Nadaje si\u0119 zar\u00f3wno do pokoju jak i do ogrodu. Wykonana za naturalnych materia\u0142\u00f3w.W zestawie znajduje si\u0119 6 obr\u0119czy i 3 ko\u0142ki. Zabawka zapakowana jest w kolorowe ozdobne pude\u0142ko z kartonu.Zabawka wykonana jest z ekologicznego materia\u0142u PlanWood\u00ae &#8211; odzyskanych w procesie obr\u00f3bki drewna kauczukowego drobin i [&hellip;]<\/p>\n","protected":false},"featured_media":12102,"comment_status":"closed","ping_status":"open","template":"","meta":[],"product_cat":[409,99],"product_tag":[719,663,640,649,767],"class_list":["post-12101","product","type-product","status-publish","has-post-thumbnail","hentry","product_cat-plan-toys","product_cat-zabawki-ekologiczne","product_tag-dziecko-cytaty-zlote-mysli","product_tag-kolorowanki-dla-dzieci-do-druku","product_tag-prezent-dla-rocznej-dziewczynki","product_tag-zagadki-dla-nastolatkow","product_tag-zaproszenia-urodzinowe-do-druku"],"_links":{"self":[{"href":"http:\/\/klubmamgdynia.pl\/index.php\/wp-json\/wp\/v2\/product\/12101","targetHints":{"allow":["GET"]}}],"collection":[{"href":"http:\/\/klubmamgdynia.pl\/index.php\/wp-json\/wp\/v2\/product"}],"about":[{"href":"http:\/\/klubmamgdynia.pl\/index.php\/wp-json\/wp\/v2\/types\/product"}],"replies":[{"embeddable":true,"href":"http:\/\/klubmamgdynia.pl\/index.php\/wp-json\/wp\/v2\/comments?post=12101"}],"wp:featuredmedia":[{"embeddable":true,"href":"http:\/\/klubmamgdynia.pl\/index.php\/wp-json\/wp\/v2\/media\/12102"}],"wp:attachment":[{"href":"http:\/\/klubmamgdynia.pl\/index.php\/wp-json\/wp\/v2\/media?parent=12101"}],"wp:term":[{"taxonomy":"product_cat","embeddable":true,"href":"http:\/\/klubmamgdynia.pl\/index.php\/wp-json\/wp\/v2\/product_cat?post=12101"},{"taxonomy":"product_tag","embeddable":true,"href":"http:\/\/klubmamgdynia.pl\/index.php\/wp-json\/wp\/v2\/product_tag?post=12101"}],"curies":[{"name":"wp","href":"https:\/\/api.w.org\/{rel}","templated":true}]}}