{"id":12103,"date":"2016-12-23T01:30:52","date_gmt":"2016-12-23T00:30:52","guid":{"rendered":"http:\/\/klubmamgdynia.pl\/index.php\/produkt\/eurobaby-misiek-0641291\/"},"modified":"2026-04-07T12:39:46","modified_gmt":"2026-04-07T10:39:46","slug":"eurobaby-misiek-0641291","status":"publish","type":"product","link":"http:\/\/klubmamgdynia.pl\/index.php\/produkt\/eurobaby-misiek-0641291\/","title":{"rendered":"Eurobaby Misiek 0641291"},"content":{"rendered":"<p>Zabawka misiek 0641291Mi\u015b muzyczny to zabawka d\u017awi\u0119kowa. Po naci\u015bni\u0119ciu 1 z 3 guzik\u00f3w na brzuszku misia zaczyna odgrywa\u0107 melodia a guziki zaczynaj\u0105 emitowa\u0107 efekty \u015bwietlne Wspomaga: &#8211; rozw\u00f3j sensoryczny &#8211; rozw\u00f3j umiej\u0119tno\u015bci motorycznych &#8211; rozw\u00f3j koordynacji wzrokowo ruchowej &#8211; rozw\u00f3j s\u0142uchu oraz poczucia rytmu Wymiary zabawki: 15 x 16 cm Wymiary pude\u0142ka: 21.5 x 21.5 x 11.5 cm Baterie: 2x 1.5V AA (brak w zestawie) Wiek: 3+<\/p>\n<h2>Eurobaby Misiek 0641291 Eurobaby<\/h2>\n<p>prezenty na roczek, test z lektury pies kt\u00f3ry je\u017adzi\u0142 kolej\u0105, jak narysowa\u0107 konia, bajka o \u017cabie, rymowanki o pisankach, sandra imie, rodzina sentencja, pomysly na prima aprilis<\/p>\n<p>yyyyy<\/p>\n<p>&nbsp;<\/p>\n","protected":false},"excerpt":{"rendered":"<p>Zabawka misiek 0641291Mi\u015b muzyczny to zabawka d\u017awi\u0119kowa. Po naci\u015bni\u0119ciu 1 z 3 guzik\u00f3w na brzuszku misia zaczyna odgrywa\u0107 melodia a guziki zaczynaj\u0105 emitowa\u0107 efekty \u015bwietlne Wspomaga: &#8211; rozw\u00f3j sensoryczny &#8211; rozw\u00f3j umiej\u0119tno\u015bci motorycznych &#8211; rozw\u00f3j koordynacji wzrokowo ruchowej &#8211; rozw\u00f3j s\u0142uchu oraz poczucia rytmu Wymiary zabawki: 15 x 16 cm Wymiary pude\u0142ka: 21.5 x 21.5 [&hellip;]<\/p>\n","protected":false},"featured_media":12104,"comment_status":"closed","ping_status":"open","template":"","meta":[],"product_cat":[128,61],"product_tag":[648,669,688,868],"class_list":["post-12103","product","type-product","status-publish","has-post-thumbnail","hentry","product_cat-eurobaby","product_cat-zabawki-edukacyjne-dla-niemowlat","product_tag-dobrej-nocy-i-sza","product_tag-kolorowanki","product_tag-kolysanki-tekst","product_tag-quizy-dla-dzieci"],"_links":{"self":[{"href":"http:\/\/klubmamgdynia.pl\/index.php\/wp-json\/wp\/v2\/product\/12103","targetHints":{"allow":["GET"]}}],"collection":[{"href":"http:\/\/klubmamgdynia.pl\/index.php\/wp-json\/wp\/v2\/product"}],"about":[{"href":"http:\/\/klubmamgdynia.pl\/index.php\/wp-json\/wp\/v2\/types\/product"}],"replies":[{"embeddable":true,"href":"http:\/\/klubmamgdynia.pl\/index.php\/wp-json\/wp\/v2\/comments?post=12103"}],"wp:featuredmedia":[{"embeddable":true,"href":"http:\/\/klubmamgdynia.pl\/index.php\/wp-json\/wp\/v2\/media\/12104"}],"wp:attachment":[{"href":"http:\/\/klubmamgdynia.pl\/index.php\/wp-json\/wp\/v2\/media?parent=12103"}],"wp:term":[{"taxonomy":"product_cat","embeddable":true,"href":"http:\/\/klubmamgdynia.pl\/index.php\/wp-json\/wp\/v2\/product_cat?post=12103"},{"taxonomy":"product_tag","embeddable":true,"href":"http:\/\/klubmamgdynia.pl\/index.php\/wp-json\/wp\/v2\/product_tag?post=12103"}],"curies":[{"name":"wp","href":"https:\/\/api.w.org\/{rel}","templated":true}]}}