{"id":12107,"date":"2011-09-02T06:11:42","date_gmt":"2011-09-02T04:11:42","guid":{"rendered":"http:\/\/klubmamgdynia.pl\/index.php\/produkt\/fehn-apaszka-dla-dzieci-wiewiorka-z-kolekcji-promyczek\/"},"modified":"2026-04-06T01:32:42","modified_gmt":"2026-04-05T23:32:42","slug":"fehn-apaszka-dla-dzieci-wiewiorka-z-kolekcji-promyczek","status":"publish","type":"product","link":"http:\/\/klubmamgdynia.pl\/index.php\/produkt\/fehn-apaszka-dla-dzieci-wiewiorka-z-kolekcji-promyczek\/","title":{"rendered":"Fehn Apaszka Dla Dzieci Wiewi\u00f3rka Z Kolekcji Promyczek"},"content":{"rendered":"<p>Apaszka dla dzieci, Wiewi\u00f3rka z kolekcji: Ogr\u00f3d Marze\u0144 Apaszka, chusteczka welurowa na rzep, z kolekcji: Ogr\u00f3d Marze\u0144. Optymalny rozmiar i ch\u0142onny materia\u0142 z najwy\u017cszej jako\u015bci weluru, jest przyjazny dla sk\u00f3ry i zapewni skuteczn\u0105 ochron\u0119. Dzi\u0119ki praktycznemu zapi\u0119ciu na rzep mo\u017cna regulowa\u0107 jego wielko\u015b\u0107 i umocowanie. \u0141atwo si\u0119 go zak\u0142ada i zdejmuje, idealnie dopasowuj\u0105c si\u0119 do szyi dziecka. Bardzo delikatny materia\u0142 najwy\u017cszej jako\u015bci. \u0141atwy do utrzymania w czysto\u015bci, przeznaczony do codziennego u\u017cywania. Regulowane zapi\u0119cie na rzep, to wygoda zak\u0142adania i zdejmowania. Wymiary: 20 x 11 cm. Wszystkie zabawki niemieckiej marki FEHN s\u0105 bezpieczne dla dzieci od 0 lat. Wykonane s\u0105 z najlepszej jako\u015bci materia\u0142\u00f3w. Spe\u0142niaj\u0105 normy EN71, CE, badane w instytutach &#8222;&#8221;Stiftung Warentest&#8221;&#8221; lub &#8222;&#8221;\u00d6kotest&#8221;. 61161<\/p>\n<h2>Fehn Apaszka Dla Dzieci Wiewi\u00f3rka Z Kolekcji Promyczek Fehn<\/h2>\n<p>traktory do druku, testy na znaki drogowe, zaczarowana zagroda &#8211; test, rysunki krok po kroku, zagadki matematyczne logiczne, pi\u0119kne cytaty o synku, tezeusz, ach \u015bpij kochanie tekst, czapka g\u00f3rnika szablon chomikuj, cytat matka, zagadki dla 7 latk\u00f3w, plan lekcji do druku, jedzie poci\u0105g z daleka tekst, ahmed<\/p>\n<p>yyyyy<\/p>\n<p>&nbsp;<\/p>\n","protected":false},"excerpt":{"rendered":"<p>Apaszka dla dzieci, Wiewi\u00f3rka z kolekcji: Ogr\u00f3d Marze\u0144 Apaszka, chusteczka welurowa na rzep, z kolekcji: Ogr\u00f3d Marze\u0144. Optymalny rozmiar i ch\u0142onny materia\u0142 z najwy\u017cszej jako\u015bci weluru, jest przyjazny dla sk\u00f3ry i zapewni skuteczn\u0105 ochron\u0119. Dzi\u0119ki praktycznemu zapi\u0119ciu na rzep mo\u017cna regulowa\u0107 jego wielko\u015b\u0107 i umocowanie. \u0141atwo si\u0119 go zak\u0142ada i zdejmuje, idealnie dopasowuj\u0105c si\u0119 do [&hellip;]<\/p>\n","protected":false},"featured_media":12108,"comment_status":"closed","ping_status":"open","template":"","meta":[],"product_cat":[44,1448],"product_tag":[662,722,814,846,738],"class_list":["post-12107","product","type-product","status-publish","has-post-thumbnail","hentry","product_cat-fehn","product_cat-ubranka-niemowlece","product_tag-bajki-na-dobranoc","product_tag-cytaty-o-przyjazni","product_tag-prezenty-dla-nastolatek","product_tag-rysowanki","product_tag-wroclaw-dla-dzieci"],"_links":{"self":[{"href":"http:\/\/klubmamgdynia.pl\/index.php\/wp-json\/wp\/v2\/product\/12107","targetHints":{"allow":["GET"]}}],"collection":[{"href":"http:\/\/klubmamgdynia.pl\/index.php\/wp-json\/wp\/v2\/product"}],"about":[{"href":"http:\/\/klubmamgdynia.pl\/index.php\/wp-json\/wp\/v2\/types\/product"}],"replies":[{"embeddable":true,"href":"http:\/\/klubmamgdynia.pl\/index.php\/wp-json\/wp\/v2\/comments?post=12107"}],"wp:featuredmedia":[{"embeddable":true,"href":"http:\/\/klubmamgdynia.pl\/index.php\/wp-json\/wp\/v2\/media\/12108"}],"wp:attachment":[{"href":"http:\/\/klubmamgdynia.pl\/index.php\/wp-json\/wp\/v2\/media?parent=12107"}],"wp:term":[{"taxonomy":"product_cat","embeddable":true,"href":"http:\/\/klubmamgdynia.pl\/index.php\/wp-json\/wp\/v2\/product_cat?post=12107"},{"taxonomy":"product_tag","embeddable":true,"href":"http:\/\/klubmamgdynia.pl\/index.php\/wp-json\/wp\/v2\/product_tag?post=12107"}],"curies":[{"name":"wp","href":"https:\/\/api.w.org\/{rel}","templated":true}]}}