{"id":12109,"date":"2017-03-31T19:55:27","date_gmt":"2017-03-31T17:55:27","guid":{"rendered":"http:\/\/klubmamgdynia.pl\/index.php\/produkt\/kosz-kremowy-obloczek\/"},"modified":"2026-04-04T20:23:02","modified_gmt":"2026-04-04T18:23:02","slug":"kosz-kremowy-obloczek","status":"publish","type":"product","link":"http:\/\/klubmamgdynia.pl\/index.php\/produkt\/kosz-kremowy-obloczek\/","title":{"rendered":"Kosz Kremowy Ob\u0142oczek"},"content":{"rendered":"<p>Kosz na zabawki \u201eKremowy ob\u0142oczek\u201d to idealne rozwi\u0105zanie dla ka\u017cdej mamy i taty by w szybki spos\u00f3b zapanowa\u0107 nad stert\u0105 zabawek, klock\u00f3w, pluszak\u00f3w i innych skarb\u00f3w naszej pociechy.Kosz wykonany jest ze 100% bawe\u0142ny wype\u0142niony w\u0142\u00f3knin\u0105 antyalergiczn\u0105 . Wysoko\u015b\u0107 kosza to 50 cm a jego \u015brednica to 40 cm. Kosz wyposa\u017cony jest w sznurek \u015bci\u0105gaj\u0105cy co pozwala zabezpieczy\u0107 ca\u0142\u0105 zawarto\u015b\u0107 w trakcie transportu np. na pla\u017c\u0119 czy do ogrodu . Kosz mo\u017ce tez nam pos\u0142u\u017cy\u0107 do przechowywania poduszek ko\u0142derki i innych rzeczy w trakcie podr\u00f3\u017cy b\u0105d\u017a gdy nasza pociecha nie korzysta z nich w danej chwili.<\/p>\n<h2>Kosz Kremowy Ob\u0142oczek S\u00f3wka Design<\/h2>\n<p>literki do druku, alfabet kolorowanki, rysunki do druku, test z pana kleksa, bajki o ksi\u0119\u017cniczkach do czytania, maski karnawa\u0142owe do druku, podchwytliwe zagadki matematyczne, wzruszaj\u0105ce s\u0142owa dla przyjaciela<\/p>\n<p>yyyyy<\/p>\n<p>&nbsp;<\/p>\n","protected":false},"excerpt":{"rendered":"<p>Kosz na zabawki \u201eKremowy ob\u0142oczek\u201d to idealne rozwi\u0105zanie dla ka\u017cdej mamy i taty by w szybki spos\u00f3b zapanowa\u0107 nad stert\u0105 zabawek, klock\u00f3w, pluszak\u00f3w i innych skarb\u00f3w naszej pociechy.Kosz wykonany jest ze 100% bawe\u0142ny wype\u0142niony w\u0142\u00f3knin\u0105 antyalergiczn\u0105 . Wysoko\u015b\u0107 kosza to 50 cm a jego \u015brednica to 40 cm. Kosz wyposa\u017cony jest w sznurek \u015bci\u0105gaj\u0105cy co [&hellip;]<\/p>\n","protected":false},"featured_media":12110,"comment_status":"closed","ping_status":"open","template":"","meta":[],"product_cat":[990,288],"product_tag":[784,814,767],"class_list":["post-12109","product","type-product","status-publish","has-post-thumbnail","hentry","product_cat-skrzynie-i-pojemniki-na-zabawki","product_cat-sowka-design","product_tag-hymn-gorniczy","product_tag-prezenty-dla-nastolatek","product_tag-zaproszenia-urodzinowe-do-druku"],"_links":{"self":[{"href":"http:\/\/klubmamgdynia.pl\/index.php\/wp-json\/wp\/v2\/product\/12109","targetHints":{"allow":["GET"]}}],"collection":[{"href":"http:\/\/klubmamgdynia.pl\/index.php\/wp-json\/wp\/v2\/product"}],"about":[{"href":"http:\/\/klubmamgdynia.pl\/index.php\/wp-json\/wp\/v2\/types\/product"}],"replies":[{"embeddable":true,"href":"http:\/\/klubmamgdynia.pl\/index.php\/wp-json\/wp\/v2\/comments?post=12109"}],"wp:featuredmedia":[{"embeddable":true,"href":"http:\/\/klubmamgdynia.pl\/index.php\/wp-json\/wp\/v2\/media\/12110"}],"wp:attachment":[{"href":"http:\/\/klubmamgdynia.pl\/index.php\/wp-json\/wp\/v2\/media?parent=12109"}],"wp:term":[{"taxonomy":"product_cat","embeddable":true,"href":"http:\/\/klubmamgdynia.pl\/index.php\/wp-json\/wp\/v2\/product_cat?post=12109"},{"taxonomy":"product_tag","embeddable":true,"href":"http:\/\/klubmamgdynia.pl\/index.php\/wp-json\/wp\/v2\/product_tag?post=12109"}],"curies":[{"name":"wp","href":"https:\/\/api.w.org\/{rel}","templated":true}]}}