{"id":12113,"date":"2024-12-23T04:45:11","date_gmt":"2024-12-23T03:45:11","guid":{"rendered":"http:\/\/klubmamgdynia.pl\/?post_type=product&#038;p=12113"},"modified":"2026-04-27T10:44:47","modified_gmt":"2026-04-27T08:44:47","slug":"mulinek-zestaw-pieluszek-muslinowych-gots-50x50cm-dwupak-bialy-granatowy","status":"publish","type":"product","link":"http:\/\/klubmamgdynia.pl\/index.php\/produkt\/mulinek-zestaw-pieluszek-muslinowych-gots-50x50cm-dwupak-bialy-granatowy\/","title":{"rendered":"Mulinek Zestaw Pieluszek Mu\u015blinowych Gots 50X50Cm Dwupak Bia\u0142y Granatowy"},"content":{"rendered":"<p>W tym zestawie znajdziesz 2 sztuki wielorazowych pieluszek mu\u015blinowych. Tkanina, z jakiej zosta\u0142a wykonana to organiczna bawe\u0142na, posiadaj\u0105ca certyfikat GOTS. Gwarantuje to pe\u0142ne bezpiecze\u0144stwo produktu oraz zr\u00f3wnowa\u017cony spos\u00f3b produkcji. Mu\u015blinowe pieluchy maj\u0105 wszechstronne zastosowanie, b\u0119d\u0105 towarzyszy\u0107 Twojemu dziecku ju\u017c od 1 dnia \u017cycia. Pieluchy materia\u0142owe sprawdz\u0105 si\u0119 jako podk\u0142ad na rami\u0119 do odbijania maluszka, mo\u017cesz je zastosowa\u0107 do suchej lub tradycyjnej k\u0105pieli. Przydadz\u0105 si\u0119 w domu, podczas spaceru, zabierzesz je do lekarza, aby po\u0142o\u017cy\u0107 na wag\u0119 lub kozetk\u0119. Takie pieluszki \u0142atwo utrzyma\u0107 w czysto\u015bci, mo\u017cna upra\u0107 je w pralce oraz prasowa\u0107. Nasze pieluchy zosta\u0142y wykonane w spos\u00f3b r\u0119czny w Polsce. Podstawowe cechy pieluszki od Mulinek Wymiary 50 x 50 cm Materia\u0142 100% bawe\u0142na organiczna Ekologia zr\u00f3wnowa\u017cony model produkcji Standard GOTS najwy\u017csza jako\u015b\u0107, standard GOTS Bezpieczne p\u0142atno\u015bci Zabezpieczone transakcje online Bezpieczne zakupy Zwrot zakup\u00f3w do 30 dni Darmowa dostawa od 250 z\u0142 Na terenie ca\u0142ej Polski (kurier) Jak pakujemy produkty w Mulinek? Pieluszka przewi\u0105zana jest subteln\u0105 wst\u0105\u017ck\u0105 z logo Mulinek oraz owini\u0119ty delikatn\u0105 bibu\u0142\u0105. Nasze produkty pakujemy wed\u0142ug zasady zero-waste, dlatego nie u\u017cywamy plastikowych torebek i ograniczamy ilo\u015b\u0107 element\u00f3w zastosowanych do pakowania i wysy\u0142ki. Pieluszki, po\u015bciele, poduszki, ko\u0142derki oraz wszystkie inne artyku\u0142y dla dzieci z metk\u0105 Mulinek owijamy w ozdobn\u0105 bibu\u0142\u0119 i pakujemy do kartonu W pude\u0142ku znajdziesz kartk\u0119, na kt\u00f3rej mo\u017cesz napisa\u0107 \u017cyczenia lub mi\u0142\u0105 dedykacj\u0119. Sprawdzi si\u0119 na prezent! Ka\u017cdy produkt obwi\u0105zany jest firmow\u0105 tasiemk\u0105 ze s\u0142onikiem Mulinek. Idealnie, aby podarowa\u0107 bliskiemu co\u015b wyj\u0105tkowego! Jak dba\u0107 o pieluszk\u0119 Sprawd\u017a instrukcj\u0119 prania Pierz tylko w pralce korzystaj\u0105c z programu do delikatnych tkanin i niskich temperatur 30 Unikaj r\u0119cznego prania, zalecamy pranie w pralce, wybieraj\u0105c ustawienie delikatne Je\u015bli stosujesz opcj\u0119 wirowania w pralce, stosuj jedynie niskie obroty max 800 Nie u\u017cywaj wybielaczy, odplamiaczy, ani innych agresywnych detergent\u00f3w Nie susz w suszarce b\u0119bnowej Prasuj wy\u0142\u0105cznie tkanin\u0119 bawe\u0142nian\u0105 w temperaturze max. 110C autorskie wzory 100% hand made Polski produkt jako\u015b\u0107 premium Oeko-Tex\u00ae Standard 100 GOTS bawe\u0142na organiczna idealne na prezent<\/p>\n<h2>Mulinek Zestaw Pieluszek Mu\u015blinowych Gots 50X50Cm Dwupak Bia\u0142y Granatowy Mulinek<\/h2>\n<p>pokemon kolorowanka, minionki kolorowanka, ju\u017c blisko kol\u0119da tekst, zagadki dla dzieci logiczne, karty pracy dla dzieci z ukrainy do druku, kwiecie\u0144 plecie\u0144 wiersz, kolorowanka prezent<\/p>\n<p>yyyyy<\/p>\n<p>&nbsp;<\/p>\n","protected":false},"excerpt":{"rendered":"<p>W tym zestawie znajdziesz 2 sztuki wielorazowych pieluszek mu\u015blinowych. Tkanina, z jakiej zosta\u0142a wykonana to organiczna bawe\u0142na, posiadaj\u0105ca certyfikat GOTS. Gwarantuje to pe\u0142ne bezpiecze\u0144stwo produktu oraz zr\u00f3wnowa\u017cony spos\u00f3b produkcji. Mu\u015blinowe pieluchy maj\u0105 wszechstronne zastosowanie, b\u0119d\u0105 towarzyszy\u0107 Twojemu dziecku ju\u017c od 1 dnia \u017cycia. Pieluchy materia\u0142owe sprawdz\u0105 si\u0119 jako podk\u0142ad na rami\u0119 do odbijania maluszka, mo\u017cesz [&hellip;]<\/p>\n","protected":false},"featured_media":12114,"comment_status":"closed","ping_status":"open","template":"","meta":[],"product_cat":[1569,17],"product_tag":[727,667,780,806,841,872],"class_list":["post-12113","product","type-product","status-publish","has-post-thumbnail","hentry","product_cat-mulinek","product_cat-pieluchy","product_tag-godlo-polski-do-druku","product_tag-kolorowanka-lol","product_tag-krecik-bajka","product_tag-prezent-dla-dziecka-na-roczek","product_tag-quiz-o-flagach","product_tag-zagadki-dla-dzieci-6-lat"],"_links":{"self":[{"href":"http:\/\/klubmamgdynia.pl\/index.php\/wp-json\/wp\/v2\/product\/12113","targetHints":{"allow":["GET"]}}],"collection":[{"href":"http:\/\/klubmamgdynia.pl\/index.php\/wp-json\/wp\/v2\/product"}],"about":[{"href":"http:\/\/klubmamgdynia.pl\/index.php\/wp-json\/wp\/v2\/types\/product"}],"replies":[{"embeddable":true,"href":"http:\/\/klubmamgdynia.pl\/index.php\/wp-json\/wp\/v2\/comments?post=12113"}],"wp:featuredmedia":[{"embeddable":true,"href":"http:\/\/klubmamgdynia.pl\/index.php\/wp-json\/wp\/v2\/media\/12114"}],"wp:attachment":[{"href":"http:\/\/klubmamgdynia.pl\/index.php\/wp-json\/wp\/v2\/media?parent=12113"}],"wp:term":[{"taxonomy":"product_cat","embeddable":true,"href":"http:\/\/klubmamgdynia.pl\/index.php\/wp-json\/wp\/v2\/product_cat?post=12113"},{"taxonomy":"product_tag","embeddable":true,"href":"http:\/\/klubmamgdynia.pl\/index.php\/wp-json\/wp\/v2\/product_tag?post=12113"}],"curies":[{"name":"wp","href":"https:\/\/api.w.org\/{rel}","templated":true}]}}