{"id":12115,"date":"2017-05-13T11:32:00","date_gmt":"2017-05-13T09:32:00","guid":{"rendered":"http:\/\/klubmamgdynia.pl\/index.php\/produkt\/rebel-miernik-uniwersalny-rb33c\/"},"modified":"2026-05-01T00:36:36","modified_gmt":"2026-04-30T22:36:36","slug":"rebel-miernik-uniwersalny-rb33c","status":"publish","type":"product","link":"http:\/\/klubmamgdynia.pl\/index.php\/produkt\/rebel-miernik-uniwersalny-rb33c\/","title":{"rendered":"Rebel Miernik Uniwersalny Rb33C"},"content":{"rendered":"<p>ZAKRESY POMIAROWENapi\u0119cie DC: 200 mV, 2000 mV, 20 V, 200 V, 500 VNapi\u0119cie AC: 200 V, 500 VNat\u0119\u017cenie pr\u0105du DC: 2000 \u00b5A, 20 mA, 200 mA, 10 ARezystancja: 200 Ohm, 2000 Ohm, 20 kOhm, 200 kOhm, 20 MOhmTest diodSprawdzanie ci\u0105g\u0142o\u015bci obwoduPomiar temperaturyCECHY OG\u00d3LNEPod\u015bwietlany wy\u015bwietlaczR\u0119czna zmiana zakres\u00f3w pomiarowychRozk\u0142adana podstawkaZamro\u017cenie ostatniego wskazaniaWska\u017anik niskiego poziomu bateriiPolaryzacja: automatycznaCz\u0119stotliwo\u015b\u0107 pr\u00f3bkowania: 2 razy na sekund\u0119Maksymalny odczyt: 1999Rozmiar wy\u015bwietlacza: 45 x 21 mmTemperatura pracy: 0\u00b0C ~ 40\u00b0 przy wilgotno\u015bci &#8230;<\/p>\n<h2>Rebel Miernik Uniwersalny Rb33C Rebel<\/h2>\n<p>trudne zagadki na inteligencj\u0119, niech \u017cyj\u0105 wakacje tekst, imie pola, anio\u0142ki do druku, lato, kalina imi\u0119, kr\u00f3tkie zagadki, quizy dla dzieci 8 lat<\/p>\n<p>yyyyy<\/p>\n<p>&nbsp;<\/p>\n","protected":false},"excerpt":{"rendered":"<p>ZAKRESY POMIAROWENapi\u0119cie DC: 200 mV, 2000 mV, 20 V, 200 V, 500 VNapi\u0119cie AC: 200 V, 500 VNat\u0119\u017cenie pr\u0105du DC: 2000 \u00b5A, 20 mA, 200 mA, 10 ARezystancja: 200 Ohm, 2000 Ohm, 20 kOhm, 200 kOhm, 20 MOhmTest diodSprawdzanie ci\u0105g\u0142o\u015bci obwoduPomiar temperaturyCECHY OG\u00d3LNEPod\u015bwietlany wy\u015bwietlaczR\u0119czna zmiana zakres\u00f3w pomiarowychRozk\u0142adana podstawkaZamro\u017cenie ostatniego wskazaniaWska\u017anik niskiego poziomu bateriiPolaryzacja: automatycznaCz\u0119stotliwo\u015b\u0107 pr\u00f3bkowania: [&hellip;]<\/p>\n","protected":false},"featured_media":12116,"comment_status":"closed","ping_status":"open","template":"","meta":[],"product_cat":[1531,219],"product_tag":[781,744,862,798,711],"class_list":["post-12115","product","type-product","status-publish","has-post-thumbnail","hentry","product_cat-mierniki-uniwersalne","product_cat-rebel","product_tag-cytaty-o-wychowaniu-dzieci","product_tag-kolorowanki-swiateczne-do-wydruku","product_tag-nasza-zima-zla-tekst","product_tag-prezenty-dla-nastolatki","product_tag-prezenty-dla-nastolatkow"],"_links":{"self":[{"href":"http:\/\/klubmamgdynia.pl\/index.php\/wp-json\/wp\/v2\/product\/12115","targetHints":{"allow":["GET"]}}],"collection":[{"href":"http:\/\/klubmamgdynia.pl\/index.php\/wp-json\/wp\/v2\/product"}],"about":[{"href":"http:\/\/klubmamgdynia.pl\/index.php\/wp-json\/wp\/v2\/types\/product"}],"replies":[{"embeddable":true,"href":"http:\/\/klubmamgdynia.pl\/index.php\/wp-json\/wp\/v2\/comments?post=12115"}],"wp:featuredmedia":[{"embeddable":true,"href":"http:\/\/klubmamgdynia.pl\/index.php\/wp-json\/wp\/v2\/media\/12116"}],"wp:attachment":[{"href":"http:\/\/klubmamgdynia.pl\/index.php\/wp-json\/wp\/v2\/media?parent=12115"}],"wp:term":[{"taxonomy":"product_cat","embeddable":true,"href":"http:\/\/klubmamgdynia.pl\/index.php\/wp-json\/wp\/v2\/product_cat?post=12115"},{"taxonomy":"product_tag","embeddable":true,"href":"http:\/\/klubmamgdynia.pl\/index.php\/wp-json\/wp\/v2\/product_tag?post=12115"}],"curies":[{"name":"wp","href":"https:\/\/api.w.org\/{rel}","templated":true}]}}