{"id":12117,"date":"2025-05-06T22:05:23","date_gmt":"2025-05-06T20:05:23","guid":{"rendered":"http:\/\/klubmamgdynia.pl\/?post_type=product&#038;p=12117"},"modified":"2026-04-05T23:03:00","modified_gmt":"2026-04-05T21:03:00","slug":"naklejka-miarka-wzrostu-kroliczek-50x100-cm","status":"publish","type":"product","link":"http:\/\/klubmamgdynia.pl\/index.php\/produkt\/naklejka-miarka-wzrostu-kroliczek-50x100-cm\/","title":{"rendered":"NAKLEJKA MIARKA WZROSTU KR\u00d3LICZEK 50X100 CM"},"content":{"rendered":"<p>naklejka &#8211; miarka wzrostuNaklejki na \u015bcian\u0119 marki Poli-Trader to idealny spos\u00f3b na dekoracj\u0119 pomieszcze\u0144 dla dzieci. S\u0105 wodoodporne, wykonane z wysokiej jako\u015bci folii matowej samoprzylepnej. Z powodzeniem mo\u017cesz oklei\u0107 zar\u00f3wno \u015bciany, jak i meble, czy te\u017c inne powierzchnie p\u0142askie (drzwi, szyby). Naklejki s\u0105 wyci\u0119te z laserow\u0105 precyzj\u0105 po obrysie.Atuty naszych naklejek \u015bciennych:ekologiczny i nieszkodliwy dla zdrowia wydruk w technologii HP Latexwysokiej jako\u015bci folia samoprzylepna DOTestetyczne wykonanierealistyczne i wyraziste koloryprosta aplikacjanaklejki nie wydzielaj\u0105 \u017cadnych zapach\u00f3wdaty najlepiej zapisywa\u0107 markerem permanentnymnadruk ekologicznywodoodpornerozmiar: 50&#215;100 cm<\/p>\n<h2>NAKLEJKA MIARKA WZROSTU KR\u00d3LICZEK 50X100 CM <\/h2>\n<p>gdzie nad wod\u0119 ko\u0142o warszawy, zagadki dla rodziny, lody kolorowanka, cytaty o rodzicach, adriana imie, quiz opowie\u015bci z narnii, pan twardowski na ksi\u0119\u017cycu wiersz, kolorowanka anio\u0142ek, koty rysunki, quiz dzieci z bullerbyn, zagadki dla nastolatk\u00f3w, zadania logiczne dla dzieci, Keyword, mandale do druku, kolorowanka kotki, bajki do czytania dla dzieci, tabliczka mno\u017cenia kolorowanki do wydruku, zagadki wielkanocne dla dzieci, jazda konna dla dzieci, dzie\u0144 matki w\u0142asnor\u0119czny prezent dla mamy od dziecka<\/p>\n<p>yyyyy<\/p>\n<p>&nbsp;<\/p>\n","protected":false},"excerpt":{"rendered":"<p>naklejka &#8211; miarka wzrostuNaklejki na \u015bcian\u0119 marki Poli-Trader to idealny spos\u00f3b na dekoracj\u0119 pomieszcze\u0144 dla dzieci. S\u0105 wodoodporne, wykonane z wysokiej jako\u015bci folii matowej samoprzylepnej. Z powodzeniem mo\u017cesz oklei\u0107 zar\u00f3wno \u015bciany, jak i meble, czy te\u017c inne powierzchnie p\u0142askie (drzwi, szyby). Naklejki s\u0105 wyci\u0119te z laserow\u0105 precyzj\u0105 po obrysie.Atuty naszych naklejek \u015bciennych:ekologiczny i nieszkodliwy dla [&hellip;]<\/p>\n","protected":false},"featured_media":12118,"comment_status":"closed","ping_status":"open","template":"","meta":[],"product_cat":[555],"product_tag":[858,843,581],"class_list":["post-12117","product","type-product","status-publish","has-post-thumbnail","hentry","product_cat-dzieciece-akcesoria-dekoracyjne","product_tag-podchwytliwe-zagadki","product_tag-smieszne-zagadki-dla-dzieci","product_tag-zagadki-dla-8-latka"],"_links":{"self":[{"href":"http:\/\/klubmamgdynia.pl\/index.php\/wp-json\/wp\/v2\/product\/12117","targetHints":{"allow":["GET"]}}],"collection":[{"href":"http:\/\/klubmamgdynia.pl\/index.php\/wp-json\/wp\/v2\/product"}],"about":[{"href":"http:\/\/klubmamgdynia.pl\/index.php\/wp-json\/wp\/v2\/types\/product"}],"replies":[{"embeddable":true,"href":"http:\/\/klubmamgdynia.pl\/index.php\/wp-json\/wp\/v2\/comments?post=12117"}],"wp:featuredmedia":[{"embeddable":true,"href":"http:\/\/klubmamgdynia.pl\/index.php\/wp-json\/wp\/v2\/media\/12118"}],"wp:attachment":[{"href":"http:\/\/klubmamgdynia.pl\/index.php\/wp-json\/wp\/v2\/media?parent=12117"}],"wp:term":[{"taxonomy":"product_cat","embeddable":true,"href":"http:\/\/klubmamgdynia.pl\/index.php\/wp-json\/wp\/v2\/product_cat?post=12117"},{"taxonomy":"product_tag","embeddable":true,"href":"http:\/\/klubmamgdynia.pl\/index.php\/wp-json\/wp\/v2\/product_tag?post=12117"}],"curies":[{"name":"wp","href":"https:\/\/api.w.org\/{rel}","templated":true}]}}