{"id":12123,"date":"2018-03-28T00:39:42","date_gmt":"2018-03-27T22:39:42","guid":{"rendered":"http:\/\/klubmamgdynia.pl\/index.php\/produkt\/jellycat-przytulanka-dinus-fossilly-triceratops-17-cm\/"},"modified":"2026-04-27T05:27:28","modified_gmt":"2026-04-27T03:27:28","slug":"jellycat-przytulanka-dinus-fossilly-triceratops-17-cm","status":"publish","type":"product","link":"http:\/\/klubmamgdynia.pl\/index.php\/produkt\/jellycat-przytulanka-dinus-fossilly-triceratops-17-cm\/","title":{"rendered":"Jellycat przytulanka dinu\u015b Fossilly Triceratops 17 cm"},"content":{"rendered":"<p>Delikatne, weso\u0142e i najwy\u017cszej jako\u015bci! To cechy oryginalnych i innowacyjnych zabawek prosto z Londy\u0144skiej firmy Jellycat. Powy\u017csza zabawka Fossilly Triceratops 17 cm, to indywidualny i najbardziej niezwyk\u0142y przyk\u0142ad pomys\u0142owo\u015bci oraz najwy\u017cszej jako\u015bci wykonanie, kt\u00f3re z pewno\u015bci\u0105 spodoba si\u0119 Twojemu dziecku i sprawi rado\u015b\u0107 na jego buzi.Od 1999 roku Jellycat \u0142\u0105czy luksusowe tkaniny z projektami, kt\u00f3re s\u0105 czasami dziwaczne, czasami urocze, ale zawsze przedstawiaj\u0105ce co\u015b innego co wyr\u00f3\u017cnia je z t\u0142umu. Nazwa zosta\u0142a wymy\u015blona przez dziecko, kt\u00f3re uwielbia\u0142o galaretki i koty, a na my\u015bl o dw\u00f3jce jednocze\u015bnie chichota\u0142o ca\u0142y czas. \u015amieszna nazwa by\u0142a doskona\u0142ym odzwierciedleniem projektu i tak zosta\u0142a do dnia dzisiejszego.Zapraszamy do zapoznania si\u0119 z pe\u0142n\u0105 ofert\u0105 zabawek firmy Jellycat w sklepie internetowym Darymex.pl!<\/p>\n<h2>Jellycat przytulanka dinu\u015b Fossilly Triceratops 17 cm Jellycat<\/h2>\n<p>p\u0142onie ognisko w lesie, dobranoc zimowo, prima aprilis pomys\u0142y, kolorowanki disney, mini zoo warszawa, lego ninjago kolorowanka, gra kulki, macierzy\u0144stwo cytaty, ninjago kolorowanka, najlepsze pranki na prima aprilis, znaki drogowe quiz, uk\u0142ad s\u0142oneczny do druku, prank na prima aprilis, bajka psi patrol do czytania, zagadki z odpowiedziami dla dzieci, jak namalowa\u0107 psa, my little pony kolorowanka, ma\u0142y ksi\u0105\u017c\u0119 &#8211; test z odpowiedziami, quiz o polsce dla dzieci<\/p>\n<p>yyyyy<\/p>\n<p>&nbsp;<\/p>\n","protected":false},"excerpt":{"rendered":"<p>Delikatne, weso\u0142e i najwy\u017cszej jako\u015bci! To cechy oryginalnych i innowacyjnych zabawek prosto z Londy\u0144skiej firmy Jellycat. Powy\u017csza zabawka Fossilly Triceratops 17 cm, to indywidualny i najbardziej niezwyk\u0142y przyk\u0142ad pomys\u0142owo\u015bci oraz najwy\u017cszej jako\u015bci wykonanie, kt\u00f3re z pewno\u015bci\u0105 spodoba si\u0119 Twojemu dziecku i sprawi rado\u015b\u0107 na jego buzi.Od 1999 roku Jellycat \u0142\u0105czy luksusowe tkaniny z projektami, kt\u00f3re [&hellip;]<\/p>\n","protected":false},"featured_media":12124,"comment_status":"closed","ping_status":"open","template":"","meta":[],"product_cat":[46,42],"product_tag":[817,829,612,862,609],"class_list":["post-12123","product","type-product","status-publish","has-post-thumbnail","hentry","product_cat-jellycat","product_cat-maskotki","product_tag-bajka-terapeutyczna-o-emocjach","product_tag-bajki-do-czytania-na-dobranoc","product_tag-kolorowanki-do-druku","product_tag-nasza-zima-zla-tekst","product_tag-quiz-flagi-europy"],"_links":{"self":[{"href":"http:\/\/klubmamgdynia.pl\/index.php\/wp-json\/wp\/v2\/product\/12123","targetHints":{"allow":["GET"]}}],"collection":[{"href":"http:\/\/klubmamgdynia.pl\/index.php\/wp-json\/wp\/v2\/product"}],"about":[{"href":"http:\/\/klubmamgdynia.pl\/index.php\/wp-json\/wp\/v2\/types\/product"}],"replies":[{"embeddable":true,"href":"http:\/\/klubmamgdynia.pl\/index.php\/wp-json\/wp\/v2\/comments?post=12123"}],"wp:featuredmedia":[{"embeddable":true,"href":"http:\/\/klubmamgdynia.pl\/index.php\/wp-json\/wp\/v2\/media\/12124"}],"wp:attachment":[{"href":"http:\/\/klubmamgdynia.pl\/index.php\/wp-json\/wp\/v2\/media?parent=12123"}],"wp:term":[{"taxonomy":"product_cat","embeddable":true,"href":"http:\/\/klubmamgdynia.pl\/index.php\/wp-json\/wp\/v2\/product_cat?post=12123"},{"taxonomy":"product_tag","embeddable":true,"href":"http:\/\/klubmamgdynia.pl\/index.php\/wp-json\/wp\/v2\/product_tag?post=12123"}],"curies":[{"name":"wp","href":"https:\/\/api.w.org\/{rel}","templated":true}]}}