{"id":12125,"date":"2016-10-13T14:54:40","date_gmt":"2016-10-13T12:54:40","guid":{"rendered":"http:\/\/klubmamgdynia.pl\/index.php\/produkt\/icom-poland-zestaw-klockowy-101-elementow-7161811\/"},"modified":"2026-04-03T23:37:48","modified_gmt":"2026-04-03T21:37:48","slug":"icom-poland-zestaw-klockowy-101-elementow-7161811","status":"publish","type":"product","link":"http:\/\/klubmamgdynia.pl\/index.php\/produkt\/icom-poland-zestaw-klockowy-101-elementow-7161811\/","title":{"rendered":"Icom Poland Zestaw Klockowy 101 Element\u00f3w (7161811)"},"content":{"rendered":"<p>ZESTAW KLOCKOWY 101 ELEMENT\u00d3W<\/p>\n<h2>Icom Poland Zestaw Klockowy 101 Element\u00f3w (7161811) Icom Poland<\/h2>\n<p>julian znaczenie, zaproszenia na urodziny dla dzieci do druku, pomys\u0142 na prima aprilis, zagadki matematyczne na logik\u0119<\/p>\n<p>yyyyy<\/p>\n<p>&nbsp;<\/p>\n","protected":false},"excerpt":{"rendered":"<p>ZESTAW KLOCKOWY 101 ELEMENT\u00d3W Icom Poland Zestaw Klockowy 101 Element\u00f3w (7161811) Icom Poland julian znaczenie, zaproszenia na urodziny dla dzieci do druku, pomys\u0142 na prima aprilis, zagadki matematyczne na logik\u0119 yyyyy &nbsp;<\/p>\n","protected":false},"featured_media":12126,"comment_status":"closed","ping_status":"open","template":"","meta":[],"product_cat":[332,113],"product_tag":[690,646,679],"class_list":["post-12125","product","type-product","status-publish","has-post-thumbnail","hentry","product_cat-icom-poland","product_cat-klocki","product_tag-pieski-male-dwa-tekst","product_tag-prezent-na-pierwsze-urodziny","product_tag-zabawki-na-roczek-dla-dziewczynki"],"_links":{"self":[{"href":"http:\/\/klubmamgdynia.pl\/index.php\/wp-json\/wp\/v2\/product\/12125","targetHints":{"allow":["GET"]}}],"collection":[{"href":"http:\/\/klubmamgdynia.pl\/index.php\/wp-json\/wp\/v2\/product"}],"about":[{"href":"http:\/\/klubmamgdynia.pl\/index.php\/wp-json\/wp\/v2\/types\/product"}],"replies":[{"embeddable":true,"href":"http:\/\/klubmamgdynia.pl\/index.php\/wp-json\/wp\/v2\/comments?post=12125"}],"wp:featuredmedia":[{"embeddable":true,"href":"http:\/\/klubmamgdynia.pl\/index.php\/wp-json\/wp\/v2\/media\/12126"}],"wp:attachment":[{"href":"http:\/\/klubmamgdynia.pl\/index.php\/wp-json\/wp\/v2\/media?parent=12125"}],"wp:term":[{"taxonomy":"product_cat","embeddable":true,"href":"http:\/\/klubmamgdynia.pl\/index.php\/wp-json\/wp\/v2\/product_cat?post=12125"},{"taxonomy":"product_tag","embeddable":true,"href":"http:\/\/klubmamgdynia.pl\/index.php\/wp-json\/wp\/v2\/product_tag?post=12125"}],"curies":[{"name":"wp","href":"https:\/\/api.w.org\/{rel}","templated":true}]}}