{"id":12127,"date":"2014-11-05T16:53:56","date_gmt":"2014-11-05T15:53:56","guid":{"rendered":"http:\/\/klubmamgdynia.pl\/index.php\/produkt\/zestaw-artystyczny-z-naklejkami-wesole-miasteczko-djeco\/"},"modified":"2026-05-17T22:35:12","modified_gmt":"2026-05-17T20:35:12","slug":"zestaw-artystyczny-z-naklejkami-wesole-miasteczko-djeco","status":"publish","type":"product","link":"http:\/\/klubmamgdynia.pl\/index.php\/produkt\/zestaw-artystyczny-z-naklejkami-wesole-miasteczko-djeco\/","title":{"rendered":"Zestaw Artystyczny z Naklejkami WESO\u0141E MIASTECZKO &#8211; Djeco"},"content":{"rendered":"<p>Zestaw artystyczny \u201eWeso\u0142e Miasteczko\u201d to ksi\u0105\u017ceczka z naklejkami wielokrotnego u\u017cytku.<\/p>\n<h2>Zestaw Artystyczny z Naklejkami WESO\u0141E MIASTECZKO &#8211; Djeco Djeco<\/h2>\n<p>podchwytliwe zagadki na inteligencj\u0119, nela imi\u0119, quiz narnia lew czarownica i stara szafa, kolorowanki psi patrol, aforyzmy o dzieciach, test szatan z si\u00f3dmej klasy, zagadki dla dzieci logiczne, z\u0142ote my\u015bli kubu\u015b puchatek cytaty, quiz dynastia mizio\u0142k\u00f3w, ko\u0142ysanki tekst, co na roczek dla dziewczynki, bajka o dinozaurach do czytania, teksty o rodzinie<\/p>\n<p>yyyyy<\/p>\n<p>&nbsp;<\/p>\n","protected":false},"excerpt":{"rendered":"<p>Zestaw artystyczny \u201eWeso\u0142e Miasteczko\u201d to ksi\u0105\u017ceczka z naklejkami wielokrotnego u\u017cytku. Zestaw Artystyczny z Naklejkami WESO\u0141E MIASTECZKO &#8211; Djeco Djeco podchwytliwe zagadki na inteligencj\u0119, nela imi\u0119, quiz narnia lew czarownica i stara szafa, kolorowanki psi patrol, aforyzmy o dzieciach, test szatan z si\u00f3dmej klasy, zagadki dla dzieci logiczne, z\u0142ote my\u015bli kubu\u015b puchatek cytaty, quiz dynastia mizio\u0142k\u00f3w, [&hellip;]<\/p>\n","protected":false},"featured_media":12128,"comment_status":"closed","ping_status":"open","template":"","meta":[],"product_cat":[434,295],"product_tag":[644,590,806,579,726],"class_list":["post-12127","product","type-product","status-publish","has-post-thumbnail","hentry","product_cat-djeco","product_cat-pozostale-zabawki","product_tag-mia","product_tag-plac-zabaw-warszawa","product_tag-prezent-dla-dziecka-na-roczek","product_tag-quiz-opowiesci-z-narnii-lew-czarownica-i-stara-szafa","product_tag-quiz-zemsta"],"_links":{"self":[{"href":"http:\/\/klubmamgdynia.pl\/index.php\/wp-json\/wp\/v2\/product\/12127","targetHints":{"allow":["GET"]}}],"collection":[{"href":"http:\/\/klubmamgdynia.pl\/index.php\/wp-json\/wp\/v2\/product"}],"about":[{"href":"http:\/\/klubmamgdynia.pl\/index.php\/wp-json\/wp\/v2\/types\/product"}],"replies":[{"embeddable":true,"href":"http:\/\/klubmamgdynia.pl\/index.php\/wp-json\/wp\/v2\/comments?post=12127"}],"wp:featuredmedia":[{"embeddable":true,"href":"http:\/\/klubmamgdynia.pl\/index.php\/wp-json\/wp\/v2\/media\/12128"}],"wp:attachment":[{"href":"http:\/\/klubmamgdynia.pl\/index.php\/wp-json\/wp\/v2\/media?parent=12127"}],"wp:term":[{"taxonomy":"product_cat","embeddable":true,"href":"http:\/\/klubmamgdynia.pl\/index.php\/wp-json\/wp\/v2\/product_cat?post=12127"},{"taxonomy":"product_tag","embeddable":true,"href":"http:\/\/klubmamgdynia.pl\/index.php\/wp-json\/wp\/v2\/product_tag?post=12127"}],"curies":[{"name":"wp","href":"https:\/\/api.w.org\/{rel}","templated":true}]}}