{"id":12129,"date":"2016-12-01T04:16:38","date_gmt":"2016-12-01T03:16:38","guid":{"rendered":"http:\/\/klubmamgdynia.pl\/index.php\/produkt\/educa-baby-peppa-pig-15622\/"},"modified":"2026-04-30T06:33:24","modified_gmt":"2026-04-30T04:33:24","slug":"educa-baby-peppa-pig-15622","status":"publish","type":"product","link":"http:\/\/klubmamgdynia.pl\/index.php\/produkt\/educa-baby-peppa-pig-15622\/","title":{"rendered":"Educa Baby Peppa Pig 15622"},"content":{"rendered":"<p>Progresywne puzzle sk\u0142adaj\u0119c\u0119 si\u0119od 3 do 5 element\u00f3w. Elementy s\u0105 wi\u0119ksze, grubsze i \u0142atwiejsze w uk\u0142adaniu ni\u017c zwyk\u0142e puzzle: pobudzaj\u0105 ciekawo\u015b\u0107 i wyobra\u017ani\u0119.<\/p>\n<h2>Educa Baby Peppa Pig 15622 Educa<\/h2>\n<p>kawal na prima aprilis, bajka dla niemowlaka, kolorowanki my little pony, prezent na roczek od babci, \u017carty na prima aprilis dla dzieci, bajka o miko\u0142aju do czytania, konie quiz, znaczenie imienia milan, wzory dyplom\u00f3w do pobrania, cytaty korczak, film o \u015bwi\u0119tach dla dzieci, przyjazn, piosenka przyjed\u017a do nas miko\u0142aju, walentynka dla syna<\/p>\n<p>yyyyy<\/p>\n<p>&nbsp;<\/p>\n","protected":false},"excerpt":{"rendered":"<p>Progresywne puzzle sk\u0142adaj\u0119c\u0119 si\u0119od 3 do 5 element\u00f3w. Elementy s\u0105 wi\u0119ksze, grubsze i \u0142atwiejsze w uk\u0142adaniu ni\u017c zwyk\u0142e puzzle: pobudzaj\u0105 ciekawo\u015b\u0107 i wyobra\u017ani\u0119. Educa Baby Peppa Pig 15622 Educa kawal na prima aprilis, bajka dla niemowlaka, kolorowanki my little pony, prezent na roczek od babci, \u017carty na prima aprilis dla dzieci, bajka o miko\u0142aju do [&hellip;]<\/p>\n","protected":false},"featured_media":12130,"comment_status":"closed","ping_status":"open","template":"","meta":[],"product_cat":[449,90],"product_tag":[662,683,870,764],"class_list":["post-12129","product","type-product","status-publish","has-post-thumbnail","hentry","product_cat-educa","product_cat-puzzle","product_tag-bajki-na-dobranoc","product_tag-karaluchy-pod-poduchy","product_tag-prezent-dla-chlopca-na-roczek","product_tag-prezenty-na-roczek-dla-dziewczynki"],"_links":{"self":[{"href":"http:\/\/klubmamgdynia.pl\/index.php\/wp-json\/wp\/v2\/product\/12129","targetHints":{"allow":["GET"]}}],"collection":[{"href":"http:\/\/klubmamgdynia.pl\/index.php\/wp-json\/wp\/v2\/product"}],"about":[{"href":"http:\/\/klubmamgdynia.pl\/index.php\/wp-json\/wp\/v2\/types\/product"}],"replies":[{"embeddable":true,"href":"http:\/\/klubmamgdynia.pl\/index.php\/wp-json\/wp\/v2\/comments?post=12129"}],"wp:featuredmedia":[{"embeddable":true,"href":"http:\/\/klubmamgdynia.pl\/index.php\/wp-json\/wp\/v2\/media\/12130"}],"wp:attachment":[{"href":"http:\/\/klubmamgdynia.pl\/index.php\/wp-json\/wp\/v2\/media?parent=12129"}],"wp:term":[{"taxonomy":"product_cat","embeddable":true,"href":"http:\/\/klubmamgdynia.pl\/index.php\/wp-json\/wp\/v2\/product_cat?post=12129"},{"taxonomy":"product_tag","embeddable":true,"href":"http:\/\/klubmamgdynia.pl\/index.php\/wp-json\/wp\/v2\/product_tag?post=12129"}],"curies":[{"name":"wp","href":"https:\/\/api.w.org\/{rel}","templated":true}]}}