{"id":12131,"date":"2013-10-10T03:09:59","date_gmt":"2013-10-10T01:09:59","guid":{"rendered":"http:\/\/klubmamgdynia.pl\/index.php\/produkt\/kontext-puzzle-piankowe-mata-9el-szary-krem-grafit-180cm\/"},"modified":"2026-04-27T01:01:50","modified_gmt":"2026-04-26T23:01:50","slug":"kontext-puzzle-piankowe-mata-9el-szary-krem-grafit-180cm","status":"publish","type":"product","link":"http:\/\/klubmamgdynia.pl\/index.php\/produkt\/kontext-puzzle-piankowe-mata-9el-szary-krem-grafit-180cm\/","title":{"rendered":"Kontext Puzzle Piankowe Mata 9El. Szary Krem Grafit 180Cm"},"content":{"rendered":"<p>Puzzle piankowe mata 9el. szary-krem-grafit 180cmMateria\u0142: pianka EVAWymiary:Pojedynczy puzzel: 60cm x 60cmRoz\u0142o\u017cona mata: 180cm x 180cmOpakowanie: 61cm x 61cm x 9cm<\/p>\n<h2>Kontext Puzzle Piankowe Mata 9El. Szary Krem Grafit 180Cm Kontext<\/h2>\n<p>zimowe zagadki dla dzieci, testy na znaki drogowe, cytaty ma\u0142y ksi\u0105\u017ce, piosenki na dobranoc tekst, warszawa z dzieckiem, jeremi, zagadki o zwierz\u0119tach domowych, darmowe kolorowanki kolorowanki dla dziewczynek, menu na urodziny dziecka, znaki drogowe quizy, quizy o koniach, peppa do druku, malowanki dla dzieci do druku, \u017carty prima aprilis, pozytywne cytaty mama cytaty, quizy dla przedszkolak\u00f3w, wierszyki na \u015bmigusa dyngusa, jagna imi\u0119, zagadki dla dzieci 10 lat, z\u0142ote my\u015bli o przyja\u017ani<\/p>\n<p>yyyyy<\/p>\n<p>&nbsp;<\/p>\n","protected":false},"excerpt":{"rendered":"<p>Puzzle piankowe mata 9el. szary-krem-grafit 180cmMateria\u0142: pianka EVAWymiary:Pojedynczy puzzel: 60cm x 60cmRoz\u0142o\u017cona mata: 180cm x 180cmOpakowanie: 61cm x 61cm x 9cm Kontext Puzzle Piankowe Mata 9El. Szary Krem Grafit 180Cm Kontext zimowe zagadki dla dzieci, testy na znaki drogowe, cytaty ma\u0142y ksi\u0105\u017ce, piosenki na dobranoc tekst, warszawa z dzieckiem, jeremi, zagadki o zwierz\u0119tach domowych, darmowe [&hellip;]<\/p>\n","protected":false},"featured_media":12132,"comment_status":"closed","ping_status":"open","template":"","meta":[],"product_cat":[20,55],"product_tag":[832,580,699,582],"class_list":["post-12131","product","type-product","status-publish","has-post-thumbnail","hentry","product_cat-kontext","product_cat-maty-edukacyjne","product_tag-desery-dla-dzieci","product_tag-janusz","product_tag-kolorowanki-do-druku-dla-dziewczyn","product_tag-nauka-pisania-literek-do-wydruku-pdf"],"_links":{"self":[{"href":"http:\/\/klubmamgdynia.pl\/index.php\/wp-json\/wp\/v2\/product\/12131","targetHints":{"allow":["GET"]}}],"collection":[{"href":"http:\/\/klubmamgdynia.pl\/index.php\/wp-json\/wp\/v2\/product"}],"about":[{"href":"http:\/\/klubmamgdynia.pl\/index.php\/wp-json\/wp\/v2\/types\/product"}],"replies":[{"embeddable":true,"href":"http:\/\/klubmamgdynia.pl\/index.php\/wp-json\/wp\/v2\/comments?post=12131"}],"wp:featuredmedia":[{"embeddable":true,"href":"http:\/\/klubmamgdynia.pl\/index.php\/wp-json\/wp\/v2\/media\/12132"}],"wp:attachment":[{"href":"http:\/\/klubmamgdynia.pl\/index.php\/wp-json\/wp\/v2\/media?parent=12131"}],"wp:term":[{"taxonomy":"product_cat","embeddable":true,"href":"http:\/\/klubmamgdynia.pl\/index.php\/wp-json\/wp\/v2\/product_cat?post=12131"},{"taxonomy":"product_tag","embeddable":true,"href":"http:\/\/klubmamgdynia.pl\/index.php\/wp-json\/wp\/v2\/product_tag?post=12131"}],"curies":[{"name":"wp","href":"https:\/\/api.w.org\/{rel}","templated":true}]}}