{"id":12133,"date":"2020-01-27T12:24:42","date_gmt":"2020-01-27T11:24:42","guid":{"rendered":"http:\/\/klubmamgdynia.pl\/index.php\/produkt\/fehn-koc-cuddly-unicorn-aiko-yuki-r-100x75cm\/"},"modified":"2026-04-04T02:05:35","modified_gmt":"2026-04-04T00:05:35","slug":"fehn-koc-cuddly-unicorn-aiko-yuki-r-100x75cm","status":"publish","type":"product","link":"http:\/\/klubmamgdynia.pl\/index.php\/produkt\/fehn-koc-cuddly-unicorn-aiko-yuki-r-100x75cm\/","title":{"rendered":"Fehn Koc Cuddly Unicorn Aiko &amp; Yuki R. 100X75Cm"},"content":{"rendered":"<p>Kocyk z maskotk\u0105 Jednoro\u017cec z kolekcji: Aiko i Yuki Delikatny w dotyku, ozdobiony maskotk\u0105 jednoro\u017ccem, b\u0119dzie pe\u0142ni\u0142 rol\u0119 najlepszego przyjaciela, pocieszyciela, bratniej duszy i opiekuna, Mo\u017cna go u\u017cywa\u0107 jako przytulank\u0119, dywanik lub okrycie, Twoje dziecko b\u0119dzie czu\u0107 si\u0119 komfortowo i bezpiecznie, Wykonany z najwy\u017cszej jako\u015bci materia\u0142u daje si\u0119 z\u0142o\u017cy\u0107 w zgrabny pakunek, dzi\u0119ki temu mo\u017ce by\u0107 doskona\u0142ym towarzyszem w domu lub w podr\u00f3\u017cy, Delikatny w dotyku, Mi\u0119kki, przewiewny i trwa\u0142y, Posiada \u015bliczn\u0105 maskotk\u0119 &#8211; Jednoro\u017cca, Na czas podr\u00f3\u017cy mo\u017cna zrolowa\u0107 w zgrabny pakunek, Mo\u017cna pra\u0107 w 30 st, Rozmiar: Kocyk: 100 x 75 cm, Maskotka: 13 cm, Wszystkie zabawki niemieckiej marki FEHN s\u0105 bezpieczne dla dzieci od 0 lat, Wykonane s\u0105 z najlepszej jako\u015bci materia\u0142\u00f3w, Spe\u0142niaj\u0105 normy EN71, CE, badane w instytutach &#8222;Stiftung Warentest&#8221; lub &#8222;\u00d6kotest\u201d, 57256<\/p>\n<h2>Fehn Koc Cuddly Unicorn Aiko &amp; Yuki R. 100X75Cm Fehn<\/h2>\n<p>zagadki do rozwi\u0105zania, rzadkie imiona, mini zoo mazowieckie, gry i zabawy dla dzieci, piosenka na dzie\u0144 mamy tekst, kr\u00f3tkie zagadki, test lew czarownica i stara szafa, jordan co oznacza, zagadki na inteligencj\u0119 z odpowiedziami, pytania zagadki, pytania zagadki, imi\u0119 mia, przysz\u0142a zima bia\u0142a, krak\u00f3w atrakcje dla dzieci<\/p>\n<p>yyyyy<\/p>\n<p>&nbsp;<\/p>\n","protected":false},"excerpt":{"rendered":"<p>Kocyk z maskotk\u0105 Jednoro\u017cec z kolekcji: Aiko i Yuki Delikatny w dotyku, ozdobiony maskotk\u0105 jednoro\u017ccem, b\u0119dzie pe\u0142ni\u0142 rol\u0119 najlepszego przyjaciela, pocieszyciela, bratniej duszy i opiekuna, Mo\u017cna go u\u017cywa\u0107 jako przytulank\u0119, dywanik lub okrycie, Twoje dziecko b\u0119dzie czu\u0107 si\u0119 komfortowo i bezpiecznie, Wykonany z najwy\u017cszej jako\u015bci materia\u0142u daje si\u0119 z\u0142o\u017cy\u0107 w zgrabny pakunek, dzi\u0119ki temu mo\u017ce [&hellip;]<\/p>\n","protected":false},"featured_media":12134,"comment_status":"closed","ping_status":"open","template":"","meta":[],"product_cat":[44,1006],"product_tag":[831,643,771,746],"class_list":["post-12133","product","type-product","status-publish","has-post-thumbnail","hentry","product_cat-fehn","product_cat-koce-i-narzuty-dzieciece","product_tag-bruno","product_tag-prezent-dla-17-latki","product_tag-stolice-europy-quiz","product_tag-zagadki-typu-co-to-jest"],"_links":{"self":[{"href":"http:\/\/klubmamgdynia.pl\/index.php\/wp-json\/wp\/v2\/product\/12133","targetHints":{"allow":["GET"]}}],"collection":[{"href":"http:\/\/klubmamgdynia.pl\/index.php\/wp-json\/wp\/v2\/product"}],"about":[{"href":"http:\/\/klubmamgdynia.pl\/index.php\/wp-json\/wp\/v2\/types\/product"}],"replies":[{"embeddable":true,"href":"http:\/\/klubmamgdynia.pl\/index.php\/wp-json\/wp\/v2\/comments?post=12133"}],"wp:featuredmedia":[{"embeddable":true,"href":"http:\/\/klubmamgdynia.pl\/index.php\/wp-json\/wp\/v2\/media\/12134"}],"wp:attachment":[{"href":"http:\/\/klubmamgdynia.pl\/index.php\/wp-json\/wp\/v2\/media?parent=12133"}],"wp:term":[{"taxonomy":"product_cat","embeddable":true,"href":"http:\/\/klubmamgdynia.pl\/index.php\/wp-json\/wp\/v2\/product_cat?post=12133"},{"taxonomy":"product_tag","embeddable":true,"href":"http:\/\/klubmamgdynia.pl\/index.php\/wp-json\/wp\/v2\/product_tag?post=12133"}],"curies":[{"name":"wp","href":"https:\/\/api.w.org\/{rel}","templated":true}]}}