{"id":12135,"date":"2016-05-01T15:11:13","date_gmt":"2016-05-01T13:11:13","guid":{"rendered":"http:\/\/klubmamgdynia.pl\/index.php\/produkt\/miniland-tajemnice-glebin-ml31973\/"},"modified":"2026-04-27T02:15:52","modified_gmt":"2026-04-27T00:15:52","slug":"miniland-tajemnice-glebin-ml31973","status":"publish","type":"product","link":"http:\/\/klubmamgdynia.pl\/index.php\/produkt\/miniland-tajemnice-glebin-ml31973\/","title":{"rendered":"Miniland Tajemnice G\u0142\u0119bin ML31973"},"content":{"rendered":"<p>Tajemnice G\u0142\u0119bin uk\u0142adanka magnetyczna Miniland<\/p>\n<h2>Miniland Tajemnice G\u0142\u0119bin ML31973 Miniland<\/h2>\n<p>listy do \u015bwi\u0119tego miko\u0142aja, koty kolorowanki do druku, po\u0142\u0105cz kropki, imie leon, jak narysowa\u0107 pikachu, zagadki wiosna, daria imie, rado\u015b\u0107 dziecka cytaty, wiosenna kolorowanka, zgadywanki, kotki kolorowanka, ida swieta wielkanocne ida swieta, atrakcje we wroc\u0142awiu dla dzieci, pisanie po \u015bladzie do druku pdf, tr\u00f3jmiasto atrakcje dla dzieci, kajko i kokosz szko\u0142a latania test z odpowiedziami<\/p>\n<p>yyyyy<\/p>\n<p>&nbsp;<\/p>\n","protected":false},"excerpt":{"rendered":"<p>Tajemnice G\u0142\u0119bin uk\u0142adanka magnetyczna Miniland Miniland Tajemnice G\u0142\u0119bin ML31973 Miniland listy do \u015bwi\u0119tego miko\u0142aja, koty kolorowanki do druku, po\u0142\u0105cz kropki, imie leon, jak narysowa\u0107 pikachu, zagadki wiosna, daria imie, rado\u015b\u0107 dziecka cytaty, wiosenna kolorowanka, zgadywanki, kotki kolorowanka, ida swieta wielkanocne ida swieta, atrakcje we wroc\u0142awiu dla dzieci, pisanie po \u015bladzie do druku pdf, tr\u00f3jmiasto atrakcje [&hellip;]<\/p>\n","protected":false},"featured_media":12136,"comment_status":"closed","ping_status":"open","template":"","meta":[],"product_cat":[130,1105],"product_tag":[829,808,643,783,694],"class_list":["post-12135","product","type-product","status-publish","has-post-thumbnail","hentry","product_cat-gry-dzieciece","product_cat-miniland","product_tag-bajki-do-czytania-na-dobranoc","product_tag-imie-mia","product_tag-prezent-dla-17-latki","product_tag-prezenty-na-roczek-dla-chlopca","product_tag-zagadki-swiateczne-dla-dzieci"],"_links":{"self":[{"href":"http:\/\/klubmamgdynia.pl\/index.php\/wp-json\/wp\/v2\/product\/12135","targetHints":{"allow":["GET"]}}],"collection":[{"href":"http:\/\/klubmamgdynia.pl\/index.php\/wp-json\/wp\/v2\/product"}],"about":[{"href":"http:\/\/klubmamgdynia.pl\/index.php\/wp-json\/wp\/v2\/types\/product"}],"replies":[{"embeddable":true,"href":"http:\/\/klubmamgdynia.pl\/index.php\/wp-json\/wp\/v2\/comments?post=12135"}],"wp:featuredmedia":[{"embeddable":true,"href":"http:\/\/klubmamgdynia.pl\/index.php\/wp-json\/wp\/v2\/media\/12136"}],"wp:attachment":[{"href":"http:\/\/klubmamgdynia.pl\/index.php\/wp-json\/wp\/v2\/media?parent=12135"}],"wp:term":[{"taxonomy":"product_cat","embeddable":true,"href":"http:\/\/klubmamgdynia.pl\/index.php\/wp-json\/wp\/v2\/product_cat?post=12135"},{"taxonomy":"product_tag","embeddable":true,"href":"http:\/\/klubmamgdynia.pl\/index.php\/wp-json\/wp\/v2\/product_tag?post=12135"}],"curies":[{"name":"wp","href":"https:\/\/api.w.org\/{rel}","templated":true}]}}