{"id":12137,"date":"2013-09-19T01:10:14","date_gmt":"2013-09-18T23:10:14","guid":{"rendered":"http:\/\/klubmamgdynia.pl\/index.php\/produkt\/clementoni-baby-piano-grzechotka-elektroniczna-17231\/"},"modified":"2026-04-04T02:48:20","modified_gmt":"2026-04-04T00:48:20","slug":"clementoni-baby-piano-grzechotka-elektroniczna-17231","status":"publish","type":"product","link":"http:\/\/klubmamgdynia.pl\/index.php\/produkt\/clementoni-baby-piano-grzechotka-elektroniczna-17231\/","title":{"rendered":"Clementoni Baby Piano Grzechotka Elektroniczna 17231"},"content":{"rendered":"<p>Clementoni GRZECHOTKA ELEKTRONICZNE PIANINKOUroczo wygl\u0105daj\u0105cy gryzak o mocnych, intensywnych i kontrastowych kolorach!Posiada trzy klawisze z literkami r\u00f3\u017cni\u0105ce si\u0119 od siebie kolorem oraz oczywi\u015bcie wydawanym d\u017awi\u0119kiem.Podczas wybijania rytmu b\u0119dzie zapala\u0107 si\u0119 \u015bwiate\u0142ko.Bia\u0142e boki posiadaj\u0105 inn\u0105 faktur\u0119, kt\u00f3ra dodatkowo pomo\u017ce dziecku w trzymaniu zabawki w ma\u0142ych r\u0105czkach.Na k\u00f3\u0142ku znajduj\u0105 si\u0119 trzy gryzaki wykonane z mi\u0119kkiego plastiku,kt\u00f3re tym bardziej przypadn\u0105 maluchowi do gustu w tym okresie jego rozwoju.Kolejne k\u00f3\u0142ko s\u0142u\u017cy do zaczepienia zabawki do w\u00f3zka,co da nam pewno\u015b\u0107, \u017ce nie wypadnie podczas spaceru.\u017b\u00f3\u0142ciutka gwiazdka r\u00f3wnie\u017c zagra nam weso\u0142\u0105 melodyjk\u0119! :)Taka ilo\u015b\u0107 p\u0142yn\u0105cych r\u00f3\u017cnych nut rozwinie sensoryk\u0119 w dziecku.Pianinko zosta\u0142o wyposa\u017cone w naturalne d\u017awi\u0119ki prawdziwego pianina!Zabawka zosta\u0142a tak zaprojektowana by stymulowa\u0107 zmys\u0142y:s\u0142uchu &#8211; dzi\u0119ki wybijanym d\u017awi\u0119kom i ca\u0142ej muzycewzroku &#8211; dzi\u0119ki kontrastowym kolorom zabawkidotyku &#8211; dzi\u0119ki r\u00f3\u017cnym kszta\u0142tom i fakturomkoordynacj\u0119 wzrokowo-manualn\u0105 &#8211; dzi\u0119ki mo\u017cliwo\u015bci \u0142apania w r\u0105czk\u0119 r\u00f3\u017cnych stron pianinka:od bok\u00f3w, za k\u00f3\u0142eczko, czy te\u017c uszko z gryzakamiWiek: 3+ miesi\u0105ceWymiary pude\u0142ka: 6,00 x 15,20 x 22,30<\/p>\n<h2>Clementoni Baby Piano Grzechotka Elektroniczna 17231 Clementoni<\/h2>\n<p>m\u00f3j przyjaciel mi\u015b scenariusz zaj\u0119\u0107 w przedszkolu, julian imie, test z lektury opowie\u015bci z narnii lew czarownica i stara szafa, kolorowanki koty, ch\u0142opcy z placu broni &#8211; test z odpowiedziami, alfabet kolorowanki, ninjago kolorowanki, atrakcje dla dzieci warszawa, kolorowanki pokemon<\/p>\n<p>yyyyy<\/p>\n<p>&nbsp;<\/p>\n","protected":false},"excerpt":{"rendered":"<p>Clementoni GRZECHOTKA ELEKTRONICZNE PIANINKOUroczo wygl\u0105daj\u0105cy gryzak o mocnych, intensywnych i kontrastowych kolorach!Posiada trzy klawisze z literkami r\u00f3\u017cni\u0105ce si\u0119 od siebie kolorem oraz oczywi\u015bcie wydawanym d\u017awi\u0119kiem.Podczas wybijania rytmu b\u0119dzie zapala\u0107 si\u0119 \u015bwiate\u0142ko.Bia\u0142e boki posiadaj\u0105 inn\u0105 faktur\u0119, kt\u00f3ra dodatkowo pomo\u017ce dziecku w trzymaniu zabawki w ma\u0142ych r\u0105czkach.Na k\u00f3\u0142ku znajduj\u0105 si\u0119 trzy gryzaki wykonane z mi\u0119kkiego plastiku,kt\u00f3re tym [&hellip;]<\/p>\n","protected":false},"featured_media":12138,"comment_status":"closed","ping_status":"open","template":"","meta":[],"product_cat":[163,63],"product_tag":[781,696,580,824,857,649],"class_list":["post-12137","product","type-product","status-publish","has-post-thumbnail","hentry","product_cat-clementoni","product_cat-grzechotki-i-gryzaki","product_tag-cytaty-o-wychowaniu-dzieci","product_tag-film-rodzinny-o-swietach","product_tag-janusz","product_tag-warszawa-atrakcje-dla-dzieci","product_tag-zagadki-dla-dzieci-7-8-lat","product_tag-zagadki-dla-nastolatkow"],"_links":{"self":[{"href":"http:\/\/klubmamgdynia.pl\/index.php\/wp-json\/wp\/v2\/product\/12137","targetHints":{"allow":["GET"]}}],"collection":[{"href":"http:\/\/klubmamgdynia.pl\/index.php\/wp-json\/wp\/v2\/product"}],"about":[{"href":"http:\/\/klubmamgdynia.pl\/index.php\/wp-json\/wp\/v2\/types\/product"}],"replies":[{"embeddable":true,"href":"http:\/\/klubmamgdynia.pl\/index.php\/wp-json\/wp\/v2\/comments?post=12137"}],"wp:featuredmedia":[{"embeddable":true,"href":"http:\/\/klubmamgdynia.pl\/index.php\/wp-json\/wp\/v2\/media\/12138"}],"wp:attachment":[{"href":"http:\/\/klubmamgdynia.pl\/index.php\/wp-json\/wp\/v2\/media?parent=12137"}],"wp:term":[{"taxonomy":"product_cat","embeddable":true,"href":"http:\/\/klubmamgdynia.pl\/index.php\/wp-json\/wp\/v2\/product_cat?post=12137"},{"taxonomy":"product_tag","embeddable":true,"href":"http:\/\/klubmamgdynia.pl\/index.php\/wp-json\/wp\/v2\/product_tag?post=12137"}],"curies":[{"name":"wp","href":"https:\/\/api.w.org\/{rel}","templated":true}]}}